{"id":8122,"date":"2022-05-05T07:11:27","date_gmt":"2022-05-05T02:11:27","guid":{"rendered":"https:\/\/nazakibeachhotel.com\/cum-sa-ajungeti-aici\/"},"modified":"2024-08-04T16:57:58","modified_gmt":"2024-08-04T11:57:58","slug":"cum-sa-ajungeti-aici","status":"publish","type":"page","link":"https:\/\/nazakibeachhotel.com\/ro\/cum-sa-ajungeti-aici\/","title":{"rendered":"Cum s\u0103 ajunge\u021bi aici"},"content":{"rendered":"\t\t<div data-elementor-type=\"wp-page\" data-elementor-id=\"8122\" class=\"elementor elementor-8122 elementor-125\" data-elementor-post-type=\"page\">\n\t\t\t\t\t\t<section class=\"elementor-section elementor-top-section elementor-element elementor-element-f9c7caf elementor-section-boxed elementor-section-height-default elementor-section-height-default\" data-id=\"f9c7caf\" data-element_type=\"section\" data-e-type=\"section\" data-settings=\"{&quot;jet_parallax_layout_list&quot;:[],&quot;_ob_glider_is_slider&quot;:&quot;no&quot;}\">\n\t\t\t\t\t\t<div class=\"elementor-container elementor-column-gap-default\">\n\t\t\t\t\t<div class=\"elementor-column elementor-col-100 elementor-top-column elementor-element elementor-element-1139c35\" data-id=\"1139c35\" data-element_type=\"column\" data-e-type=\"column\" data-settings=\"{&quot;_ob_column_hoveranimator&quot;:&quot;no&quot;,&quot;_ob_column_has_pseudo&quot;:&quot;no&quot;}\">\n\t\t\t<div class=\"elementor-widget-wrap elementor-element-populated\">\n\t\t\t\t\t\t<div class=\"elementor-element elementor-element-2217d79 ob-harakiri-inherit ob-has-background-overlay elementor-widget elementor-widget-heading\" data-id=\"2217d79\" data-element_type=\"widget\" data-e-type=\"widget\" data-settings=\"{&quot;_ob_use_harakiri&quot;:&quot;yes&quot;,&quot;_ob_harakiri_writing_mode&quot;:&quot;inherit&quot;,&quot;_ob_harakiri_text_clip&quot;:&quot;none&quot;,&quot;_ob_widget_stalker_use&quot;:&quot;no&quot;,&quot;_ob_poopart_use&quot;:&quot;yes&quot;,&quot;_ob_shadough_use&quot;:&quot;no&quot;,&quot;_ob_allow_hoveranimator&quot;:&quot;no&quot;}\" data-widget_type=\"heading.default\">\n\t\t\t\t<div class=\"elementor-widget-container\">\n\t\t\t\t\t<h2 class=\"elementor-heading-title elementor-size-default\"><br><br><br>Cum s\u0103 ajunge\u021bi la Nazaki Beach Hotel<br><br><br><\/h2>\t\t\t\t<\/div>\n\t\t\t\t<\/div>\n\t\t\t\t\t<\/div>\n\t\t<\/div>\n\t\t\t\t\t<\/div>\n\t\t<\/section>\n\t\t\t\t<section class=\"elementor-section elementor-top-section elementor-element elementor-element-a66517e elementor-section-content-middle elementor-section-boxed elementor-section-height-default elementor-section-height-default\" data-id=\"a66517e\" data-element_type=\"section\" data-e-type=\"section\" data-settings=\"{&quot;jet_parallax_layout_list&quot;:[],&quot;_ob_glider_is_slider&quot;:&quot;no&quot;}\">\n\t\t\t\t\t\t<div class=\"elementor-container elementor-column-gap-default\">\n\t\t\t\t\t<div class=\"elementor-column elementor-col-50 elementor-top-column elementor-element elementor-element-881a098\" data-id=\"881a098\" data-element_type=\"column\" data-e-type=\"column\" data-settings=\"{&quot;_ob_column_hoveranimator&quot;:&quot;no&quot;,&quot;_ob_column_has_pseudo&quot;:&quot;no&quot;}\">\n\t\t\t<div class=\"elementor-widget-wrap elementor-element-populated\">\n\t\t\t\t\t\t<div class=\"elementor-element elementor-element-f853bf3 ob-harakiri-inherit ob-has-background-overlay elementor-widget elementor-widget-text-editor\" data-id=\"f853bf3\" data-element_type=\"widget\" data-e-type=\"widget\" data-settings=\"{&quot;_ob_use_harakiri&quot;:&quot;yes&quot;,&quot;_ob_harakiri_writing_mode&quot;:&quot;inherit&quot;,&quot;_ob_postman_use&quot;:&quot;no&quot;,&quot;_ob_widget_stalker_use&quot;:&quot;no&quot;,&quot;_ob_poopart_use&quot;:&quot;yes&quot;,&quot;_ob_shadough_use&quot;:&quot;no&quot;,&quot;_ob_allow_hoveranimator&quot;:&quot;no&quot;}\" data-widget_type=\"text-editor.default\">\n\t\t\t\t<div class=\"elementor-widget-container\">\n\t\t\t\t\t\t\t\t\t<p style=\"white-space: pre-wrap; border: 0px solid #d9d9e3; margin: 0px 0px 1.25em; caret-color: #374151; color: #374151; font-family: S\u00f6hne, ui-sans-serif, system-ui, -apple-system, 'Segoe UI', Roboto, Ubuntu, Cantarell, 'Noto Sans', sans-serif, 'Helvetica Neue', Arial, 'Apple Color Emoji', 'Segoe UI Emoji', 'Segoe UI Symbol', 'Noto Color Emoji';\">Oferim oaspe\u021bilor no\u0219tri o aten\u021bie deosebit\u0103 \u00eenc\u0103 de la \u00eenceput.<\/p>\n<p style=\"white-space: pre-wrap; border: 0px solid #d9d9e3; margin: 1.25em 0px; caret-color: #374151; color: #374151; font-family: S\u00f6hne, ui-sans-serif, system-ui, -apple-system, 'Segoe UI', Roboto, Ubuntu, Cantarell, 'Noto Sans', sans-serif, 'Helvetica Neue', Arial, 'Apple Color Emoji', 'Segoe UI Emoji', 'Segoe UI Symbol', 'Noto Color Emoji';\">Primul pas este s\u0103 v\u0103 asigura\u021bi c\u0103 destina\u021bia zborului dvs. interna\u021bional este Aeroportul Interna\u021bional Maldive (Aeroportul Interna\u021bional Velana), situat convenabil l\u00e2ng\u0103 capitala \u021b\u0103rii, Male&#8217;.<\/p>\n<p style=\"white-space: pre-wrap; border: 0px solid #d9d9e3; margin: 1.25em 0px; caret-color: #374151; color: #374151; font-family: S\u00f6hne, ui-sans-serif, system-ui, -apple-system, 'Segoe UI', Roboto, Ubuntu, Cantarell, 'Noto Sans', sans-serif, 'Helvetica Neue', Arial, 'Apple Color Emoji', 'Segoe UI Emoji', 'Segoe UI Symbol', 'Noto Color Emoji';\">La sosirea dvs. la Aeroportul Interna\u021bional Maldive, personalul atent al hotelului v\u0103 va a\u0219tepta la ie\u0219ire, gata s\u0103 v\u0103 ajute dup\u0103 ce v-a\u021bi luat bagajele \u0219i a\u021bi ie\u0219it din zona de sosiri.<\/p>\n<p style=\"white-space: pre-wrap; border: 0px solid #d9d9e3; margin: 1.25em 0px; caret-color: #374151; color: #374151; font-family: S\u00f6hne, ui-sans-serif, system-ui, -apple-system, 'Segoe UI', Roboto, Ubuntu, Cantarell, 'Noto Sans', sans-serif, 'Helvetica Neue', Arial, 'Apple Color Emoji', 'Segoe UI Emoji', 'Segoe UI Symbol', 'Noto Color Emoji';\">Ulterior, personalul nostru v\u0103 va \u00eenso\u021bi la terminalul de transfer al hotelului, unde v\u0103 ve\u021bi \u00eembarca \u00een zborul de leg\u0103tur\u0103 c\u0103tre Kadhdhoo (KDO), insula pe care se afl\u0103 hotelul nostru.<\/p>\n<p style=\"white-space: pre-wrap; border: 0px solid #d9d9e3; margin: 1.25em 0px; caret-color: #374151; color: #374151; font-family: S\u00f6hne, ui-sans-serif, system-ui, -apple-system, 'Segoe UI', Roboto, Ubuntu, Cantarell, 'Noto Sans', sans-serif, 'Helvetica Neue', Arial, 'Apple Color Emoji', 'Segoe UI Emoji', 'Segoe UI Symbol', 'Noto Color Emoji';\">Operatorul nostru de zbor de transfer ales este<a style=\"border: 0px solid #d9d9e3; --tw-border-spacing-x: 0; --tw-border-spacing-y: 0; --tw-translate-x: 0; --tw-translate-y: 0; --tw-rotate: 0; --tw-skew-x: 0; --tw-skew-y: 0; --tw-scale-x: 1; --tw-scale-y: 1; --tw-scroll-snap-strictness: proximity; --tw-ring-offset-width: 0px; --tw-ring-offset-color: #fff; --tw-ring-color: rgba(69,89,164,0.5); --tw-ring-offset-shadow: 0 0 transparent; --tw-ring-shadow: 0 0 transparent; --tw-shadow: 0 0 transparent; --tw-shadow-colored: 0 0 transparent; color: #2964aa; text-decoration: none; --tw-text-opacity: 1;\" href=\"http:\/\/www.maldivian.aero\/\" target=\"_new\">(www.maldivian.aero)<\/a>. V\u0103 vom organiza transferul dup\u0103 ce vom primi toate informa\u021biile necesare de la dumneavoastr\u0103.  <\/p>\n<p style=\"white-space: pre-wrap; border: 0px solid #d9d9e3; margin: 1.25em 0px; caret-color: #374151; color: #374151; font-family: S\u00f6hne, ui-sans-serif, system-ui, -apple-system, 'Segoe UI', Roboto, Ubuntu, Cantarell, 'Noto Sans', sans-serif, 'Helvetica Neue', Arial, 'Apple Color Emoji', 'Segoe UI Emoji', 'Segoe UI Symbol', 'Noto Color Emoji';\"><span style=\"text-decoration: underline;\"><strong>Aeroportul Interna\u021bional Maldive \u2192 Kadhdhoo (KDO), Atolul Laamu<\/strong><\/span><\/p>\n<p style=\"white-space: pre-wrap; border: 0px solid #d9d9e3; margin: 1.25em 0px 0px; caret-color: #374151; color: #374151; font-family: S\u00f6hne, ui-sans-serif, system-ui, -apple-system, 'Segoe UI', Roboto, Ubuntu, Cantarell, 'Noto Sans', sans-serif, 'Helvetica Neue', Arial, 'Apple Color Emoji', 'Segoe UI Emoji', 'Segoe UI Symbol', 'Noto Color Emoji';\">Este important s\u0103 re\u021bine\u021bi c\u0103, dac\u0103 zborul dvs. interna\u021bional c\u0103tre Maldive sufer\u0103 o \u00eent\u00e2rziere de ultim moment, ne pute\u021bi informa pur \u0219i simplu cu privire la ora de plecare revizuit\u0103 prin WhatsApp sau Viber. Vom face apoi aranjamentele necesare pentru a reprograma zborul de transfer, asigur\u00e2ndu-ne c\u0103 acesta se aliniaz\u0103 cu ora de sosire actualizat\u0103 \u00een Maldive. Confortul \u0219i confortul dumneavoastr\u0103 sunt priorit\u0103\u021bile noastre principale.<\/p>\t\t\t\t\t\t\t\t<\/div>\n\t\t\t\t<\/div>\n\t\t\t\t\t<\/div>\n\t\t<\/div>\n\t\t\t\t<div class=\"elementor-column elementor-col-50 elementor-top-column elementor-element elementor-element-45d7ead\" data-id=\"45d7ead\" data-element_type=\"column\" data-e-type=\"column\" data-settings=\"{&quot;_ob_column_hoveranimator&quot;:&quot;no&quot;,&quot;_ob_column_has_pseudo&quot;:&quot;no&quot;}\">\n\t\t\t<div class=\"elementor-widget-wrap elementor-element-populated\">\n\t\t\t\t\t\t<div class=\"elementor-element elementor-element-fc3f57f ob-has-background-overlay elementor-widget elementor-widget-image\" data-id=\"fc3f57f\" data-element_type=\"widget\" data-e-type=\"widget\" data-settings=\"{&quot;_ob_photomorph_use&quot;:&quot;no&quot;,&quot;_ob_widget_stalker_use&quot;:&quot;no&quot;,&quot;_ob_poopart_use&quot;:&quot;yes&quot;,&quot;_ob_shadough_use&quot;:&quot;no&quot;,&quot;_ob_allow_hoveranimator&quot;:&quot;no&quot;}\" data-widget_type=\"image.default\">\n\t\t\t\t<div class=\"elementor-widget-container\">\n\t\t\t\t\t\t\t\t\t\t\t\t\t\t\t<img fetchpriority=\"high\" decoding=\"async\" width=\"528\" height=\"533\" src=\"https:\/\/nazakibeachhotel.com\/wp-content\/uploads\/2022\/05\/How-to-get-to-Nazaki-Hotel-.jpg.webp\" class=\"attachment-large size-large wp-image-2002\" alt=\"\" srcset=\"https:\/\/nazakibeachhotel.com\/wp-content\/uploads\/2022\/05\/How-to-get-to-Nazaki-Hotel-.jpg.webp 528w, https:\/\/nazakibeachhotel.com\/wp-content\/uploads\/2022\/05\/How-to-get-to-Nazaki-Hotel-.jpg-297x300.webp 297w, https:\/\/nazakibeachhotel.com\/wp-content\/uploads\/2022\/05\/How-to-get-to-Nazaki-Hotel-.jpg-150x150.webp 150w\" sizes=\"(max-width: 528px) 100vw, 528px\" \/>\t\t\t\t\t\t\t\t\t\t\t\t\t\t\t<\/div>\n\t\t\t\t<\/div>\n\t\t\t\t\t<\/div>\n\t\t<\/div>\n\t\t\t\t\t<\/div>\n\t\t<\/section>\n\t\t\t\t<section class=\"elementor-section elementor-top-section elementor-element elementor-element-d4eb8b4 elementor-section-boxed elementor-section-height-default elementor-section-height-default\" data-id=\"d4eb8b4\" data-element_type=\"section\" data-e-type=\"section\" data-settings=\"{&quot;jet_parallax_layout_list&quot;:[],&quot;_ob_glider_is_slider&quot;:&quot;no&quot;}\">\n\t\t\t\t\t\t<div class=\"elementor-container elementor-column-gap-default\">\n\t\t\t\t\t<div class=\"elementor-column elementor-col-100 elementor-top-column elementor-element elementor-element-f9fdecc\" data-id=\"f9fdecc\" data-element_type=\"column\" data-e-type=\"column\" data-settings=\"{&quot;_ob_column_hoveranimator&quot;:&quot;no&quot;,&quot;_ob_column_has_pseudo&quot;:&quot;no&quot;}\">\n\t\t\t<div class=\"elementor-widget-wrap elementor-element-populated\">\n\t\t\t\t\t\t<div class=\"elementor-element elementor-element-74ce0d4 ob-harakiri-inherit ob-has-background-overlay elementor-widget elementor-widget-text-editor\" data-id=\"74ce0d4\" data-element_type=\"widget\" data-e-type=\"widget\" data-settings=\"{&quot;_ob_use_harakiri&quot;:&quot;yes&quot;,&quot;_ob_harakiri_writing_mode&quot;:&quot;inherit&quot;,&quot;_ob_postman_use&quot;:&quot;no&quot;,&quot;_ob_widget_stalker_use&quot;:&quot;no&quot;,&quot;_ob_poopart_use&quot;:&quot;yes&quot;,&quot;_ob_shadough_use&quot;:&quot;no&quot;,&quot;_ob_allow_hoveranimator&quot;:&quot;no&quot;}\" data-widget_type=\"text-editor.default\">\n\t\t\t\t<div class=\"elementor-widget-container\">\n\t\t\t\t\t\t\t\t\t<p><u><b>Odat\u0103 ce zborul dvs. de transfer ajunge la Kadhdhoo (KDO)<\/b><\/u><\/p>\n<p>Personalul nostru atent va fi preg\u0103tit s\u0103 v\u0103 \u00eent\u00e2mpine la sosirea dvs. la aeroport. Vehiculul hotelului nostru v\u0103 va a\u0219tepta pentru a v\u0103 transporta direct la unitatea noastr\u0103. Este demn de remarcat faptul c\u0103, dac\u0103 v-a\u021bi organizat zborul de transfer prin intermediul nostru, acest transfer cu vehiculul v\u0103 este oferit f\u0103r\u0103 costuri suplimentare.&nbsp;<\/p>\n<p><\/p>\n<p>La sosirea dvs. la hotelul nostru, v\u0103 ur\u0103m un c\u0103lduros bun venit. Ca parte a ospitalit\u0103\u021bii noastre, ve\u021bi fi trata\u021bi cu o b\u0103utur\u0103 r\u0103coritoare gratuit\u0103, \u00een timp ce noi proces\u0103m eficient check-in-ul la hotel, asigur\u00e2nd un \u00eenceput pl\u0103cut \u0219i f\u0103r\u0103 probleme al \u0219ederii dumneavoastr\u0103.<\/p>\t\t\t\t\t\t\t\t<\/div>\n\t\t\t\t<\/div>\n\t\t\t\t\t<\/div>\n\t\t<\/div>\n\t\t\t\t\t<\/div>\n\t\t<\/section>\n\t\t\t\t<\/div>\n\t\t","protected":false},"excerpt":{"rendered":"<p>Cum s\u0103 ajunge\u021bi la Nazaki Beach Hotel Oferim oaspe\u021bilor no\u0219tri o aten\u021bie deosebit\u0103 \u00eenc\u0103 de la \u00eenceput. Primul pas este s\u0103 v\u0103 asigura\u021bi c\u0103 destina\u021bia zborului dvs. interna\u021bional este Aeroportul Interna\u021bional Maldive (Aeroportul Interna\u021bional Velana), situat convenabil l\u00e2ng\u0103 capitala \u021b\u0103rii, Male&#8217;. La sosirea dvs. la Aeroportul Interna\u021bional Maldive, personalul atent al hotelului v\u0103 va a\u0219tepta [&hellip;]<\/p>\n","protected":false},"author":4,"featured_media":0,"parent":0,"menu_order":0,"comment_status":"closed","ping_status":"closed","template":"elementor_header_footer","meta":{"om_disable_all_campaigns":false,"_monsterinsights_skip_tracking":false,"_monsterinsights_sitenote_active":false,"_monsterinsights_sitenote_note":"","_monsterinsights_sitenote_category":0,"_uf_show_specific_survey":0,"_uf_disable_surveys":false,"footnotes":""},"class_list":["post-8122","page","type-page","status-publish","hentry"],"aioseo_notices":[],"_links":{"self":[{"href":"https:\/\/nazakibeachhotel.com\/ro\/wp-json\/wp\/v2\/pages\/8122","targetHints":{"allow":["GET"]}}],"collection":[{"href":"https:\/\/nazakibeachhotel.com\/ro\/wp-json\/wp\/v2\/pages"}],"about":[{"href":"https:\/\/nazakibeachhotel.com\/ro\/wp-json\/wp\/v2\/types\/page"}],"author":[{"embeddable":true,"href":"https:\/\/nazakibeachhotel.com\/ro\/wp-json\/wp\/v2\/users\/4"}],"replies":[{"embeddable":true,"href":"https:\/\/nazakibeachhotel.com\/ro\/wp-json\/wp\/v2\/comments?post=8122"}],"version-history":[{"count":2,"href":"https:\/\/nazakibeachhotel.com\/ro\/wp-json\/wp\/v2\/pages\/8122\/revisions"}],"predecessor-version":[{"id":8128,"href":"https:\/\/nazakibeachhotel.com\/ro\/wp-json\/wp\/v2\/pages\/8122\/revisions\/8128"}],"wp:attachment":[{"href":"https:\/\/nazakibeachhotel.com\/ro\/wp-json\/wp\/v2\/media?parent=8122"}],"curies":[{"name":"wp","href":"https:\/\/api.w.org\/{rel}","templated":true}]}}