{"id":8029,"date":"2023-11-07T21:14:14","date_gmt":"2023-11-07T16:14:14","guid":{"rendered":"https:\/\/nazakibeachhotel.com\/conditii-generale\/"},"modified":"2023-11-07T21:14:14","modified_gmt":"2023-11-07T16:14:14","slug":"conditii-generale","status":"publish","type":"page","link":"https:\/\/nazakibeachhotel.com\/ro\/conditii-generale\/","title":{"rendered":"Condi\u021bii generale"},"content":{"rendered":"\n<!-- This legal document was generated by Complianz Terms &amp; Conditions https:\/\/wordpress.org\/plugins\/complianz-terms-conditions -->\n<div id=\"cmplz-document\" class=\"cmplz-document cmplz-terms-conditions \"><p><i>Termenii \u0219i condi\u021biile au fost actualizate ultima dat\u0103 pe noiembrie 8, 2023<\/i><\/p><h2>1. Introducere<\/h2><p>Ace\u0219ti Termeni \u0219i condi\u021bii se aplic\u0103 acestui site web \u0219i tranzac\u021biilor legate de produsele \u0219i serviciile noastre.&nbsp;Este posibil s\u0103 ai \u00een continuare obliga\u021bii ce decurg din contracte suplimentare legate de rela\u021bia ta cu noi sau de orice produse sau servicii pe care le prime\u0219ti de la noi.&nbsp;\u00cen cazul \u00een care orice prevederi ale unor contracte suplimentare intr\u0103 \u00een conflict cu prevederile acestor Termeni, prevederile acestor contracte suplimentare vor prevala.<\/p><h2>2. Cu titlu de obligativitate<\/h2><p>Prin \u00eenregistrarea, accesarea sau utilizarea \u00een alt mod a acestui site, e\u0219ti de acord cu respectarea acestor Termeni \u0219i condi\u021bii stabili\u021bi mai jos.&nbsp;Simpla utilizare a acestui site implic\u0103 cunoa\u0219terea \u0219i acceptarea acestor Termeni \u0219i condi\u021bii.&nbsp;\u00cen unele cazuri particulare, este posibil s\u0103 \u00ee\u021bi cerem acordul explicit.<\/p><h2>3. Comunicare electronic\u0103<\/h2><p>Prin utilizarea acestui site sau comunicarea cu noi prin mijloace electronice, iei la cuno\u0219tin\u021b\u0103 \u0219i e\u0219ti de acord cu faptul c\u0103 putem comunica electronic cu tine pe site-ul nostru sau prin trimiterea unui e-mail c\u0103tre tine \u0219i e\u0219ti de acord ca toate acordurile, notific\u0103rile, dezv\u0103luirile \u0219i alte comunic\u0103ri pe care \u021bi le transmitem \u00een mod electronic s\u0103 \u00eendeplineasc\u0103 orice cerin\u021b\u0103 legal\u0103, inclusiv, dar f\u0103r\u0103 a se limita la cerin\u021ba ca astfel de comunic\u0103ri s\u0103 fie \u00een scris.<\/p><h2>4. Proprietate intelectual\u0103<\/h2><p>Noi sau licen\u021biatorii no\u0219tri de\u021binem \u0219i control\u0103m toate drepturile de autor \u0219i alte drepturi de proprietate intelectual\u0103 din site \u0219i datele, informa\u021biile \u0219i alte resurse afi\u0219ate de sau accesibile pe site.<\/p><p class=\"cmplz-subtitle\">4.1 Toate drepturile sunt rezervate<\/p><p>Cu excep\u021bia cazului \u00een care un con\u021binut specific impune altfel, nu \u021bi se acord\u0103 o licen\u021b\u0103 sau orice alt drept \u00een baza drepturilor de autor, a m\u0103rcii comerciale, a brevetelor sau a altor drepturi de proprietate intelectual\u0103.&nbsp;Acest lucru \u00eenseamn\u0103 c\u0103 nu vei utiliza, copia, reproduce, reda, afi\u0219a, distribui, \u00eengloba \u00een orice mediu electronic, modifica, inversa, decompila, transfera, desc\u0103rca, transmite, monetiza, vinde, comercializa sau promova orice resurse de pe acest site web. sub orice form\u0103, f\u0103r\u0103 permisiunea noastr\u0103 scris\u0103 exprimat\u0103 \u00een prealabil, cu excep\u021bia \u0219i numai \u00een m\u0103sura \u00een care se stipuleaz\u0103 altfel \u00een reglement\u0103rile legale obligatorii (cum ar fi dreptul de a cita).<\/p><h2>5. Proprietatea unei ter\u021be p\u0103r\u021bi<\/h2><p>Site-ul nostru poate include leg\u0103turi sau alte referin\u021be la site-urile web ale altor p\u0103r\u021bi.&nbsp;Nu monitoriz\u0103m \u0219i nu examin\u0103m con\u021binutul site-urilor web ale altor p\u0103r\u021bi c\u0103tre care acest site web face trimitere.&nbsp;Produsele sau serviciile oferite de alte site-uri web vor fi supuse Termenilor \u0219i condi\u021biilor aplicabile ale acestor ter\u021be p\u0103r\u021bi.&nbsp;Opiniile exprimate sau materialele care apar pe aceste site-uri nu sunt neap\u0103rat \u00eemp\u0103rt\u0103\u0219ite sau aprobate de noi.<\/p><p>Nu vom fi responsabili pentru practicile de confiden\u021bialitate sau con\u021binutul acestor site-uri.&nbsp;Vei suporta toate riscurile asociate cu utilizarea acestor site-uri web \u0219i a oric\u0103ror servicii ter\u021be conexe.&nbsp;Nu vom accepta nicio responsabilitate pentru orice pierdere sau daun\u0103 de orice fel, indiferent ce a cauzat-o, ca urmare a dezv\u0103luirii de c\u0103tre tine a informa\u021biilor personale c\u0103tre ter\u021bi.<\/p><h2>6. Utilizare \u00een mod responsabil<\/h2><p>Vizit\u00e2nd site-ul nostru, e\u0219ti de acord s\u0103 \u00eel utilizezi numai \u00een scopurile prev\u0103zute \u0219i permise de ace\u0219ti Termeni, orice contracte suplimentare \u00eencheiate cu noi \u0219i legile, reglement\u0103rile \u0219i practicile online general acceptate \u0219i liniile directoare din industrie.&nbsp;Nu trebuie s\u0103 utilizezi site-ul sau serviciile noastre pentru a utiliza, publica sau distribui orice material care const\u0103 din (sau este legat de) software de calculator r\u0103u inten\u021bionat; s\u0103 utilizezi datele colectate de pe site-ul nostru pentru orice activitate de marketing direct; s\u0103 desf\u0103\u0219ori orice activit\u0103\u021bi de colectare sistematic\u0103 sau automat\u0103 a datelor pe sau \u00een leg\u0103tur\u0103 cu site-ul nostru.<\/p><p>Angajarea \u00een orice activitate care cauzeaz\u0103 sau poate provoca daune site-ului sau care interfereaz\u0103 cu performan\u021ba, disponibilitatea sau accesibilitatea site-ului este strict interzis\u0103.<\/p><h2>7. \u00cenregistrare<\/h2><p>Po\u021bi \u00eenregistra un cont pe site-ul nostru web.&nbsp;\u00cen timpul acestui proces, \u021bi se poate cere s\u0103 alegi o parol\u0103.&nbsp;\u00ce\u021bi apar\u021bine responsabilitatea pentru p\u0103strarea confiden\u021bialit\u0103\u021bii parolelor \u0219i informa\u021biilor despre cont \u0219i e\u0219ti de acord s\u0103 nu partajezi parolele, informa\u021biile despre cont sau accesul securizat la site-ul sau serviciile noastre cu nicio alt\u0103 persoan\u0103.&nbsp;Nu trebuie s\u0103 permi\u021bi altei persoane s\u0103 \u00ee\u021bi utilizeze contul pentru a accesa site-ul web, deoarece sunte\u021bi por\u021bi responsabilitatea pentru toate activit\u0103\u021bile care apar prin utilizarea parolelor sau conturilor tale.&nbsp;Trebuie s\u0103 ne anun\u021bi imediat ce iei la cuno\u0219tin\u021b\u0103 faptul c\u0103 exist\u0103 vreo divulgare a parolei tale.<\/p><p>Dup\u0103 \u00eenchiderea contului, nu vei mai putea s\u0103 \u00eenregistrezi un cont nou f\u0103r\u0103 permisiunea noastr\u0103.<\/p><h2>8. Politica de rambursare \u0219i returnare<\/h2><p class=\"cmplz-subtitle\">8.1 Dreptul de reziliere<\/p><p>Ai dreptul de a rezilia acest contract \u00een termen de 14 zile f\u0103r\u0103 s\u0103 oferi nicio justificare.<\/p><p>Pentru a \u00ee\u021bi exercita dreptul de reziliere, trebuie s\u0103 ne informezi despre decizia ta de a rezilia acest contract printr-o declara\u021bie f\u0103r\u0103 echivoc (de exemplu, o scrisoare trimis\u0103 prin po\u0219t\u0103, fax sau e-mail).&nbsp;Detaliile noastre de contact pot fi g\u0103site mai jos.&nbsp;You may use the attached model <a target=\"_blank\" href=\"https:\/\/nazakibeachhotel.com\/wp-content\/uploads\/complianz\/withdrawal-forms\/withdrawal-form-ro.pdf\">withdrawal form<\/a>, but it is not obligatory.<\/p><p>You can also electronically fill in and submit the model withdrawal form or any other unequivocal statement on our <a href=\"https:\/\/nazakibeachhotel.com\/contact\/\"> website<\/a>.<\/p><p>Dac\u0103 utilizezi aceast\u0103 op\u021biune, \u00ee\u021bi vom comunica f\u0103r\u0103 \u00eent\u00e2rziere o confirmare de primire a unei astfel de retrageri sau rezilieri pe un suport durabil (de exemplu prin e-mail).<\/p><p>Pentru a respecta termenul de reziliere, este suficient s\u0103 trimi\u021bi comunicarea ta cu privire la exercitarea dreptului de reziliere \u00eenainte de expirarea perioadei de reziliere.<\/p><p class=\"cmplz-subtitle\">8.2 Efectele rezilierii<\/p><p>If you withdraw from this contract, we shall reimburse you all payments received from you, including the costs of delivery (with the exception of the supplementary costs resulting from your choice of a type of delivery other than the least expensive type of standard delivery offered by us), without undue delay and in any event not later than 14 days from the day on which we are informed about your decision to withdraw from this contract.&nbsp;Vom efectua o astfel de rambursare utiliz\u00e2nd acela\u0219i mijloc de plat\u0103 pe care l-ai utilizat pentru tranzac\u021bia ini\u021bial\u0103, cu excep\u021bia cazului \u00een care ai convenit \u00een mod expres altfel; \u00een orice caz, nu vei suporta nicio tax\u0103 ca urmare a unei astfel de ramburs\u0103ri.<\/p><p>Vei purta doar r\u0103spunderea pentru orice diminuare a valorii m\u0103rfurilor rezultat\u0103 din manipulare, \u00een afar\u0103 de activit\u0103\u021bile necesare pentru a stabili natura, caracteristicile \u0219i func\u021bionarea m\u0103rfurilor.<\/p><p>Te rug\u0103m s\u0103 re\u021bii c\u0103 exist\u0103 unele excep\u021bii legale de la dreptul de reziliere \u0219i, prin urmare, unele articole nu pot fi returnate sau schimbate.&nbsp;Te vom anun\u021ba dac\u0103 acest lucru se aplic\u0103 \u00een cazul t\u0103u particular.<\/p><h2>9. Trimiterea ideilor<\/h2><p>Nu trimite idei, inven\u021bii, lucr\u0103ri de autor sau alte informa\u021bii care pot fi considerate propria ta proprietate intelectual\u0103, cu excep\u021bia cazului \u00een care am semnat mai \u00eent\u00e2i un acord privind proprietatea intelectual\u0103 sau un acord de nedivulgare.&nbsp;Dac\u0103 ne furnizezi informa\u021biile \u00een absen\u021ba unui astfel de acord scris, ne acorzi o licen\u021b\u0103 mondial\u0103, irevocabil\u0103, neexclusiv\u0103, f\u0103r\u0103 drepturi de autor pentru a utiliza, reproduce, stoca, adapta, publica, traduce \u0219i distribui con\u021binutul t\u0103u prin orice mijloc existent sau viitor.<\/p><h2>10. \u00cencetarea utiliz\u0103rii<\/h2><p>Putem, la propria noastr\u0103 discre\u021bie, \u00een orice moment, s\u0103 modific\u0103m sau s\u0103 \u00eentrerupem accesul, temporar sau permanent, la site-ul web sau la orice serviciu de pe acesta.&nbsp;E\u0219ti de acord c\u0103 nu vom fi r\u0103spunz\u0103tori fa\u021b\u0103 de tine sau de orice alt\u0103 ter\u021b\u0103 parte pentru orice astfel de modificare, suspendare sau \u00eentrerupere a posibilit\u0103\u021bii de acces ori utilizare a site-ului web ori a con\u021binutului pe care l-ai partajat pe site.&nbsp;Nu vei avea dreptul la nicio compensa\u021bie sau alt\u0103 plat\u0103, chiar dac\u0103 anumite caracteristici, set\u0103ri \u0219i\/sau orice Con\u021binut cu care ai contribuit sau pe care ai ajuns s\u0103 te bazezi sunt pierdute definitiv.&nbsp;Nu trebuie s\u0103 ocole\u0219ti sau s\u0103 evi\u021bi, ori s\u0103 \u00eencerci s\u0103 ocole\u0219ti sau s\u0103 evi\u021bi orice m\u0103suri de restric\u021bionare a accesului pe site-ul nostru web.<\/p><h2>11. Garan\u021bii \u0219i r\u0103spundere<\/h2><p>Nimic din aceast\u0103 sec\u021biune nu va limita sau exclude nicio garan\u021bie implicit\u0103 prin lege, limitarea sau excluderea c\u0103reia ar fi ilegale.&nbsp;Acest site web \u0219i tot con\u021binutul de pe site sunt furnizate ca atare \u0219i \u00een m\u0103sura disponibilit\u0103\u021bii actuale \u0219i pot include inexactit\u0103\u021bi sau erori tipografice.&nbsp;Respingem \u00een mod explicit toate garan\u021biile de orice fel, fie ele explicite sau implicite, cu privire la disponibilitatea, acurate\u021bea sau caracterul complet al Con\u021binutului.&nbsp;Nu oferim nicio garan\u021bie c\u0103:<\/p><p><ul>\n                    <li>acest site web sau con\u021binutul nostru \u00ee\u021bi vor satisface cerin\u021bele;<\/li>\n                    <li>acest site web va fi disponibil \u00een mod ne\u00eentrerupt, \u00een timp util, sigur sau f\u0103r\u0103 erori.<\/li>\n        <\/ul><\/p><p>Nimic de pe acest site web nu constituie sau este menit s\u0103 constituie sfaturi juridice, financiare sau medicale de orice fel.&nbsp;Pentru consultan\u021b\u0103, ar trebui s\u0103 consul\u021bi un profesionist corespunz\u0103tor.<\/p><p>Urm\u0103toarele dispozi\u021bii ale acestei sec\u021biuni se vor aplica \u00een m\u0103sura maxim\u0103 permis\u0103 de legea aplicabil\u0103 \u0219i nu vor limita sau exclude r\u0103spunderea noastr\u0103 cu privire la orice problem\u0103 pe care ar fi ilegal sau interzis s\u0103 o limit\u0103m pentru care ar fi ilegal sau interzis s\u0103 ne excludem r\u0103spunderea.&nbsp;Nu vom fi r\u0103spunz\u0103tori \u00een niciun caz pentru orice daune directe sau indirecte (inclusiv orice daune legate de pierderea profiturilor ori veniturilor, pierderea ori deteriorarea datelor, software-ului ori a bazelor de date sau pierderea ori deteriorarea propriet\u0103\u021bii sau datelor) suportate de tine sau de orice ter\u021b\u0103 parte, care rezult\u0103 din accesarea sau sau utilizarea de c\u0103tre tine a site-ului nostru web.<\/p><p>Cu excep\u021bia m\u0103surii \u00een care orice contract suplimentar prevede \u00een mod expres altceva, r\u0103spunderea noastr\u0103 maxim\u0103 fa\u021b\u0103 de tine pentru toate daunele care decurg din, sau legate de, site-ul web sau de orice produse \u0219i servicii comercializate sau v\u00e2ndute prin intermediul site-ului, indiferent de forma ac\u021biunii legale care impune r\u0103spunderea (indiferent dac\u0103 pe baza contractului, echitate, neglijen\u021b\u0103, conduit\u0103 inten\u021bionat\u0103, delict sau alt\u0103 form\u0103 de ac\u021biune legal\u0103) vor fi limitate la pre\u021bul total pe care ni l-ai pl\u0103tit pentru a cump\u0103ra astfel de produse sau servicii sau pentru a utiliza site-ul web.&nbsp;O astfel de limit\u0103 se va aplica \u00een totalitate tuturor revendic\u0103rilor, ac\u021biunilor \u0219i cauzelor de ac\u021biune de orice fel \u0219i natur\u0103.<\/p><h2>12. Confiden\u021bialitate<\/h2><p>Pentru a accesa site-ul \u0219i\/sau serviciile noastre, este posibil s\u0103 \u021bi se solicite s\u0103 furnizezi anumite informa\u021bii despre tine, \u00een cadrul procesului de \u00eenregistrare.&nbsp;E\u0219ti de acord ca orice informa\u021bie pe care o furnizezi s\u0103 fie \u00eentotdeauna exact\u0103, corect\u0103 \u0219i actualizat\u0103.<\/p><h2>13. Accesibilitate<\/h2><p>Ne-am luat angajamentul de a face con\u021binutul pe care \u00eel oferim accesibil persoanelor cu dizabilit\u0103\u021bi.&nbsp;Dac\u0103 ai un handicap \u0219i nu po\u021bi accesa vreuna dintre por\u021biunile site-ului nostru din cauza dizabilit\u0103\u021bii, te rug\u0103m s\u0103 ne trimi\u021bi o notificare care s\u0103 cuprind\u0103 o descriere detaliat\u0103 a problemei pe care ai \u00eent\u00e2mpinat-o.&nbsp;Dac\u0103 problema este u\u0219or identificabil\u0103 \u0219i rezolvabil\u0103 \u00een conformitate cu instrumentele \u0219i tehnicile IT standard \u00een industrie, o vom rezolva cu promptitudine.<\/p><h2>14. Restric\u021bii la export\/conformare la legisla\u021bie<\/h2><p>Accesul la site din teritorii sau \u021b\u0103ri \u00een care con\u021binutul sau achizi\u021bionarea produselor sau serviciilor v\u00e2ndute pe site sunt interzise.&nbsp;Nu po\u021bi utiliza acest site web dac\u0103 acest lucru \u00eencalc\u0103 legile \u0219i reglement\u0103rile de export din Maldive.<\/p><h2>15. Cesiune<\/h2><p>Nu po\u021bi cesiona, transfera sau subcontracta niciunul dintre drepturile \u0219i\/sau obliga\u021biile tale \u00een conformitate cu ace\u0219ti Termeni \u0219i condi\u021bii, \u00een totalitate sau par\u021bial, c\u0103tre niciun ter\u021b f\u0103r\u0103 acordul nostru prealabil, exprimat \u00een scris.&nbsp;Orice presupus\u0103 cesiune care \u00eencalc\u0103 aceast\u0103 sec\u021biune va fi nul\u0103.<\/p><h2>16. \u00cenc\u0103lcarea acestor Termeni \u0219i condi\u021bii<\/h2><p>F\u0103r\u0103 a aduce atingere celorlalte drepturi care ne revin \u00een baza acestor Termeni \u0219i Condi\u021bii, dac\u0103 \u00eencalci \u00een vreun fel ace\u0219ti Termeni \u0219i Condi\u021bii, putem lua m\u0103surile pe care le consider\u0103m adecvate pentru a face fa\u021b\u0103 \u00eenc\u0103lc\u0103rii, inclusiv suspendarea temporar\u0103 sau definitiv\u0103 a accesului t\u0103u la site, contact\u00e2nd furnizorul t\u0103u de servicii de internet pentru a solicita blocarea accesului la site web \u0219i\/sau ini\u021bierea de ac\u021biuni \u00een justi\u021bie \u00eempotriva ta.<\/p><h2>17. Desp\u0103gubire<\/h2><p>E\u0219ti de acord s\u0103 ne desp\u0103gube\u0219ti, s\u0103 ne aperi \u0219i s\u0103 ne men\u021bii \u00een afara oric\u0103rei acuza\u021bii, revendic\u0103ri, r\u0103spunderi, daune, pierderi \u0219i cheltuieli, referitoare la \u00eenc\u0103lcarea acestor Termeni \u0219i condi\u021bii \u0219i a legilor aplicabile, inclusiv drepturile de proprietate intelectual\u0103 \u0219i drepturile de confiden\u021bialitate.&nbsp;Ne vei rambursa cu promptitudine pentru daunele, pierderile, costurile \u0219i cheltuielile legate de sau care decurg din astfel de daune.<\/p><h2>18. Renun\u021bare<\/h2><p>Nerespectarea oric\u0103rei dispozi\u021bii prev\u0103zute \u00een ace\u0219ti Termeni \u0219i Condi\u021bii \u0219i \u00een orice Acord sau neexercitarea oric\u0103rei op\u021biuni de reziliere nu va fi interpretat\u0103 ca renun\u021barea la aceste prevederi \u0219i nu va afecta valabilitatea acestor Termeni \u0219i Condi\u021bii sau a oric\u0103rui Acord sau orice parte a acestora, sau dreptul ulterior de a pune \u00een aplicare fiecare dispozi\u021bie.<\/p><h2>19. Limba<\/h2><p>Ace\u0219ti Termeni \u0219i condi\u021bii vor fi interpreta\u021bi \u0219i \u00een\u021bele\u0219i exclusiv \u00een Englez\u0103.&nbsp;Toate notific\u0103rile \u0219i coresponden\u021ba vor fi scrise exclusiv \u00een limba respectiv\u0103.<\/p><h2>20. \u00centregul acord<\/h2><p>Ace\u0219ti Termeni \u0219i condi\u021bii vor constitui \u00eentregul acord \u00eentre tine \u0219i Nazaki Beach Hotel \u00een leg\u0103tur\u0103 cu utilizarea de c\u0103tre tine a acestui site web.<\/p><h2>21. Actualizarea acestor Termeni \u0219i condi\u021bii<\/h2><p>Este posibil s\u0103 actualiz\u0103m periodic ace\u0219ti Termeni \u0219i condi\u021bii.&nbsp;Cade \u00een obliga\u021bia ta s\u0103 verifici periodic ace\u0219ti Termeni \u0219i condi\u021bii pentru modific\u0103ri sau actualiz\u0103ri.&nbsp;Data prev\u0103zut\u0103 la \u00eenceputul acestor Termeni \u0219i condi\u021bii este data ultimei reviziii.&nbsp;Modific\u0103rile aduse acestor Termeni \u0219i condi\u021bii vor intra \u00een vigoare dup\u0103 publicarea lor pe acest site.&nbsp;Continuarea utiliz\u0103rii acestui site web dup\u0103 publicarea modific\u0103rilor sau actualiz\u0103rilor va fi considerat\u0103 o notificare a accept\u0103rii tale de a respecta \u0219i de a fi obligat de ace\u0219ti Termeni \u0219i Condi\u021bii.<\/p><h2>22. Alegerea legisla\u021biei aplicabile \u0219i a jurisdic\u021biei<\/h2><p>Ace\u0219ti Termeni \u0219i condi\u021bii se vor supune legilor din Maldive.&nbsp;Orice litigii legate de ace\u0219ti Termeni \u0219i Condi\u021bii vor fi supuse jurisdic\u021biei instan\u021belor judec\u0103tore\u0219ti din Maldive.&nbsp;\u00cen cazul \u00een care o parte sau dispozi\u021bie a acestor Termeni \u0219i Condi\u021bii este considerat\u0103 de o instan\u021b\u0103 sau de o alt\u0103 autoritate ca fiind invalid\u0103 \u0219i\/sau inaplicabil\u0103 conform legisla\u021biei aplicabile, o astfel de parte sau dispozi\u021bie va fi modificat\u0103, \u0219tears\u0103 \u0219i\/sau aplicat\u0103 \u00een m\u0103sura maxim\u0103 permis\u0103, astfel \u00eenc\u00e2t s\u0103 pun\u0103 \u00een aplicare inten\u021bia acestor Termeni \u0219i condi\u021bii.&nbsp;Celelalte prevederi nu vor fi afectate.<\/p><h2>23. Informa\u021bii de contact<\/h2><p>Acest site web este de\u021binut \u0219i operat de Nazaki Beach Hotel.<\/p><p>You may contact us regarding these Terms and Conditions through our <a href=\"https:\/\/nazakibeachhotel.com\/contact\/\">contact<\/a> page.<\/p><h2>24. Descarc\u0103<\/h2><p>De asemenea, po\u021bi s\u0103 <a href=\"https:\/\/nazakibeachhotel.com\/wp-content\/plugins\/complianz-terms-conditions\/download.php\">descarci<\/a> Termeni \u0219i condi\u021bii ca un fi\u0219ier PDF.<\/p><\/div>\n","protected":false},"excerpt":{"rendered":"","protected":false},"author":2,"featured_media":0,"parent":0,"menu_order":0,"comment_status":"closed","ping_status":"closed","template":"","meta":{"om_disable_all_campaigns":false,"_monsterinsights_skip_tracking":false,"_monsterinsights_sitenote_active":false,"_monsterinsights_sitenote_note":"","_monsterinsights_sitenote_category":0,"_uf_show_specific_survey":0,"_uf_disable_surveys":false,"footnotes":""},"class_list":["post-8029","page","type-page","status-publish","hentry"],"aioseo_notices":[],"_links":{"self":[{"href":"https:\/\/nazakibeachhotel.com\/ro\/wp-json\/wp\/v2\/pages\/8029","targetHints":{"allow":["GET"]}}],"collection":[{"href":"https:\/\/nazakibeachhotel.com\/ro\/wp-json\/wp\/v2\/pages"}],"about":[{"href":"https:\/\/nazakibeachhotel.com\/ro\/wp-json\/wp\/v2\/types\/page"}],"author":[{"embeddable":true,"href":"https:\/\/nazakibeachhotel.com\/ro\/wp-json\/wp\/v2\/users\/2"}],"replies":[{"embeddable":true,"href":"https:\/\/nazakibeachhotel.com\/ro\/wp-json\/wp\/v2\/comments?post=8029"}],"version-history":[{"count":0,"href":"https:\/\/nazakibeachhotel.com\/ro\/wp-json\/wp\/v2\/pages\/8029\/revisions"}],"wp:attachment":[{"href":"https:\/\/nazakibeachhotel.com\/ro\/wp-json\/wp\/v2\/media?parent=8029"}],"curies":[{"name":"wp","href":"https:\/\/api.w.org\/{rel}","templated":true}]}}