{"id":8127,"date":"2022-05-05T07:11:27","date_gmt":"2022-05-05T02:11:27","guid":{"rendered":"https:\/\/nazakibeachhotel.com\/jak-sie-tu-dostac\/"},"modified":"2024-08-04T16:57:58","modified_gmt":"2024-08-04T11:57:58","slug":"jak-sie-tu-dostac","status":"publish","type":"page","link":"https:\/\/nazakibeachhotel.com\/pl\/jak-sie-tu-dostac\/","title":{"rendered":"Jak si\u0119 tu dosta\u0107"},"content":{"rendered":"\t\t<div data-elementor-type=\"wp-page\" data-elementor-id=\"8127\" class=\"elementor elementor-8127 elementor-125\" data-elementor-post-type=\"page\">\n\t\t\t\t\t\t<section class=\"elementor-section elementor-top-section elementor-element elementor-element-f9c7caf elementor-section-boxed elementor-section-height-default elementor-section-height-default\" data-id=\"f9c7caf\" data-element_type=\"section\" data-e-type=\"section\" data-settings=\"{&quot;jet_parallax_layout_list&quot;:[],&quot;_ob_glider_is_slider&quot;:&quot;no&quot;}\">\n\t\t\t\t\t\t<div class=\"elementor-container elementor-column-gap-default\">\n\t\t\t\t\t<div class=\"elementor-column elementor-col-100 elementor-top-column elementor-element elementor-element-1139c35\" data-id=\"1139c35\" data-element_type=\"column\" data-e-type=\"column\" data-settings=\"{&quot;_ob_column_hoveranimator&quot;:&quot;no&quot;,&quot;_ob_column_has_pseudo&quot;:&quot;no&quot;}\">\n\t\t\t<div class=\"elementor-widget-wrap elementor-element-populated\">\n\t\t\t\t\t\t<div class=\"elementor-element elementor-element-2217d79 ob-harakiri-inherit ob-has-background-overlay elementor-widget elementor-widget-heading\" data-id=\"2217d79\" data-element_type=\"widget\" data-e-type=\"widget\" data-settings=\"{&quot;_ob_use_harakiri&quot;:&quot;yes&quot;,&quot;_ob_harakiri_writing_mode&quot;:&quot;inherit&quot;,&quot;_ob_harakiri_text_clip&quot;:&quot;none&quot;,&quot;_ob_widget_stalker_use&quot;:&quot;no&quot;,&quot;_ob_poopart_use&quot;:&quot;yes&quot;,&quot;_ob_shadough_use&quot;:&quot;no&quot;,&quot;_ob_allow_hoveranimator&quot;:&quot;no&quot;}\" data-widget_type=\"heading.default\">\n\t\t\t\t<div class=\"elementor-widget-container\">\n\t\t\t\t\t<h2 class=\"elementor-heading-title elementor-size-default\"><br><br><br>Jak dojecha\u0107 do Nazaki Beach Hotel<br><br><br><\/h2>\t\t\t\t<\/div>\n\t\t\t\t<\/div>\n\t\t\t\t\t<\/div>\n\t\t<\/div>\n\t\t\t\t\t<\/div>\n\t\t<\/section>\n\t\t\t\t<section class=\"elementor-section elementor-top-section elementor-element elementor-element-a66517e elementor-section-content-middle elementor-section-boxed elementor-section-height-default elementor-section-height-default\" data-id=\"a66517e\" data-element_type=\"section\" data-e-type=\"section\" data-settings=\"{&quot;jet_parallax_layout_list&quot;:[],&quot;_ob_glider_is_slider&quot;:&quot;no&quot;}\">\n\t\t\t\t\t\t<div class=\"elementor-container elementor-column-gap-default\">\n\t\t\t\t\t<div class=\"elementor-column elementor-col-50 elementor-top-column elementor-element elementor-element-881a098\" data-id=\"881a098\" data-element_type=\"column\" data-e-type=\"column\" data-settings=\"{&quot;_ob_column_hoveranimator&quot;:&quot;no&quot;,&quot;_ob_column_has_pseudo&quot;:&quot;no&quot;}\">\n\t\t\t<div class=\"elementor-widget-wrap elementor-element-populated\">\n\t\t\t\t\t\t<div class=\"elementor-element elementor-element-f853bf3 ob-harakiri-inherit ob-has-background-overlay elementor-widget elementor-widget-text-editor\" data-id=\"f853bf3\" data-element_type=\"widget\" data-e-type=\"widget\" data-settings=\"{&quot;_ob_use_harakiri&quot;:&quot;yes&quot;,&quot;_ob_harakiri_writing_mode&quot;:&quot;inherit&quot;,&quot;_ob_postman_use&quot;:&quot;no&quot;,&quot;_ob_widget_stalker_use&quot;:&quot;no&quot;,&quot;_ob_poopart_use&quot;:&quot;yes&quot;,&quot;_ob_shadough_use&quot;:&quot;no&quot;,&quot;_ob_allow_hoveranimator&quot;:&quot;no&quot;}\" data-widget_type=\"text-editor.default\">\n\t\t\t\t<div class=\"elementor-widget-container\">\n\t\t\t\t\t\t\t\t\t<p style=\"white-space: pre-wrap; border: 0px solid #d9d9e3; margin: 0px 0px 1.25em; caret-color: #374151; color: #374151; font-family: S\u00f6hne, ui-sans-serif, system-ui, -apple-system, 'Segoe UI', Roboto, Ubuntu, Cantarell, 'Noto Sans', sans-serif, 'Helvetica Neue', Arial, 'Apple Color Emoji', 'Segoe UI Emoji', 'Segoe UI Symbol', 'Noto Color Emoji';\">Od samego pocz\u0105tku otaczamy naszych go\u015bci troskliw\u0105 opiek\u0105.<\/p>\n<p style=\"white-space: pre-wrap; border: 0px solid #d9d9e3; margin: 1.25em 0px; caret-color: #374151; color: #374151; font-family: S\u00f6hne, ui-sans-serif, system-ui, -apple-system, 'Segoe UI', Roboto, Ubuntu, Cantarell, 'Noto Sans', sans-serif, 'Helvetica Neue', Arial, 'Apple Color Emoji', 'Segoe UI Emoji', 'Segoe UI Symbol', 'Noto Color Emoji';\">Pierwszym krokiem jest upewnienie si\u0119, \u017ce miejscem docelowym lotu mi\u0119dzynarodowego jest mi\u0119dzynarodowe lotnisko na Malediwach (Velana International Airport), dogodnie po\u0142o\u017cone obok stolicy, Male.<\/p>\n<p style=\"white-space: pre-wrap; border: 0px solid #d9d9e3; margin: 1.25em 0px; caret-color: #374151; color: #374151; font-family: S\u00f6hne, ui-sans-serif, system-ui, -apple-system, 'Segoe UI', Roboto, Ubuntu, Cantarell, 'Noto Sans', sans-serif, 'Helvetica Neue', Arial, 'Apple Color Emoji', 'Segoe UI Emoji', 'Segoe UI Symbol', 'Noto Color Emoji';\">Po przylocie na mi\u0119dzynarodowe lotnisko na Malediwach nasz uprzejmy personel hotelowy b\u0119dzie czeka\u0142 na Ciebie przy wyj\u015bciu, gotowy do pomocy po odebraniu baga\u017cu i opuszczeniu strefy przylot\u00f3w.<\/p>\n<p style=\"white-space: pre-wrap; border: 0px solid #d9d9e3; margin: 1.25em 0px; caret-color: #374151; color: #374151; font-family: S\u00f6hne, ui-sans-serif, system-ui, -apple-system, 'Segoe UI', Roboto, Ubuntu, Cantarell, 'Noto Sans', sans-serif, 'Helvetica Neue', Arial, 'Apple Color Emoji', 'Segoe UI Emoji', 'Segoe UI Symbol', 'Noto Color Emoji';\">Nast\u0119pnie nasi pracownicy b\u0119d\u0105 towarzyszy\u0107 ci do terminalu transferowego hotelu, gdzie wejdziesz na pok\u0142ad samolotu przesiadkowego na Kadhdhoo (KDO), wysp\u0119, na kt\u00f3rej znajduje si\u0119 nasz hotel.<\/p>\n<p style=\"white-space: pre-wrap; border: 0px solid #d9d9e3; margin: 1.25em 0px; caret-color: #374151; color: #374151; font-family: S\u00f6hne, ui-sans-serif, system-ui, -apple-system, 'Segoe UI', Roboto, Ubuntu, Cantarell, 'Noto Sans', sans-serif, 'Helvetica Neue', Arial, 'Apple Color Emoji', 'Segoe UI Emoji', 'Segoe UI Symbol', 'Noto Color Emoji';\">Wybranym przez nas operatorem lot\u00f3w transferowych jest<a style=\"border: 0px solid #d9d9e3; --tw-border-spacing-x: 0; --tw-border-spacing-y: 0; --tw-translate-x: 0; --tw-translate-y: 0; --tw-rotate: 0; --tw-skew-x: 0; --tw-skew-y: 0; --tw-scale-x: 1; --tw-scale-y: 1; --tw-scroll-snap-strictness: proximity; --tw-ring-offset-width: 0px; --tw-ring-offset-color: #fff; --tw-ring-color: rgba(69,89,164,0.5); --tw-ring-offset-shadow: 0 0 transparent; --tw-ring-shadow: 0 0 transparent; --tw-shadow: 0 0 transparent; --tw-shadow-colored: 0 0 transparent; color: #2964aa; text-decoration: none; --tw-text-opacity: 1;\" href=\"http:\/\/www.maldivian.aero\/\" target=\"_new\">(www.maldivian.aero)<\/a>.\nTransfer zorganizujemy po otrzymaniu od Ciebie wszystkich niezb\u0119dnych informacji.   <\/p>\n<p style=\"white-space: pre-wrap; border: 0px solid #d9d9e3; margin: 1.25em 0px; caret-color: #374151; color: #374151; font-family: S\u00f6hne, ui-sans-serif, system-ui, -apple-system, 'Segoe UI', Roboto, Ubuntu, Cantarell, 'Noto Sans', sans-serif, 'Helvetica Neue', Arial, 'Apple Color Emoji', 'Segoe UI Emoji', 'Segoe UI Symbol', 'Noto Color Emoji';\"><span style=\"text-decoration: underline;\"><strong>Mi\u0119dzynarodowy port lotniczy Malediwy \u2192 Kadhdhoo (KDO), atol Laamu<\/strong><\/span><\/p>\n<p style=\"white-space: pre-wrap; border: 0px solid #d9d9e3; margin: 1.25em 0px 0px; caret-color: #374151; color: #374151; font-family: S\u00f6hne, ui-sans-serif, system-ui, -apple-system, 'Segoe UI', Roboto, Ubuntu, Cantarell, 'Noto Sans', sans-serif, 'Helvetica Neue', Arial, 'Apple Color Emoji', 'Segoe UI Emoji', 'Segoe UI Symbol', 'Noto Color Emoji';\">Wa\u017cne jest, aby pami\u0119ta\u0107, \u017ce je\u015bli Tw\u00f3j mi\u0119dzynarodowy lot na Malediwy ulegnie op\u00f3\u017anieniu w ostatniej chwili, mo\u017cesz po prostu poinformowa\u0107 nas o zmienionej godzinie odlotu za po\u015brednictwem WhatsApp lub Viber.\nNast\u0119pnie dokonamy niezb\u0119dnych ustale\u0144 w celu zmiany harmonogramu lotu transferowego, upewniaj\u0105c si\u0119, \u017ce jest on zgodny ze zaktualizowanym czasem przylotu na Malediwy.\nTw\u00f3j komfort i wygoda s\u0105 dla nas najwa\u017cniejsze.  <\/p>\t\t\t\t\t\t\t\t<\/div>\n\t\t\t\t<\/div>\n\t\t\t\t\t<\/div>\n\t\t<\/div>\n\t\t\t\t<div class=\"elementor-column elementor-col-50 elementor-top-column elementor-element elementor-element-45d7ead\" data-id=\"45d7ead\" data-element_type=\"column\" data-e-type=\"column\" data-settings=\"{&quot;_ob_column_hoveranimator&quot;:&quot;no&quot;,&quot;_ob_column_has_pseudo&quot;:&quot;no&quot;}\">\n\t\t\t<div class=\"elementor-widget-wrap elementor-element-populated\">\n\t\t\t\t\t\t<div class=\"elementor-element elementor-element-fc3f57f ob-has-background-overlay elementor-widget elementor-widget-image\" data-id=\"fc3f57f\" data-element_type=\"widget\" data-e-type=\"widget\" data-settings=\"{&quot;_ob_photomorph_use&quot;:&quot;no&quot;,&quot;_ob_widget_stalker_use&quot;:&quot;no&quot;,&quot;_ob_poopart_use&quot;:&quot;yes&quot;,&quot;_ob_shadough_use&quot;:&quot;no&quot;,&quot;_ob_allow_hoveranimator&quot;:&quot;no&quot;}\" data-widget_type=\"image.default\">\n\t\t\t\t<div class=\"elementor-widget-container\">\n\t\t\t\t\t\t\t\t\t\t\t\t\t\t\t<img fetchpriority=\"high\" decoding=\"async\" width=\"528\" height=\"533\" src=\"https:\/\/nazakibeachhotel.com\/wp-content\/uploads\/2022\/05\/How-to-get-to-Nazaki-Hotel-.jpg.webp\" class=\"attachment-large size-large wp-image-2001\" alt=\"\" srcset=\"https:\/\/nazakibeachhotel.com\/wp-content\/uploads\/2022\/05\/How-to-get-to-Nazaki-Hotel-.jpg.webp 528w, https:\/\/nazakibeachhotel.com\/wp-content\/uploads\/2022\/05\/How-to-get-to-Nazaki-Hotel-.jpg-297x300.webp 297w, https:\/\/nazakibeachhotel.com\/wp-content\/uploads\/2022\/05\/How-to-get-to-Nazaki-Hotel-.jpg-150x150.webp 150w\" sizes=\"(max-width: 528px) 100vw, 528px\" \/>\t\t\t\t\t\t\t\t\t\t\t\t\t\t\t<\/div>\n\t\t\t\t<\/div>\n\t\t\t\t\t<\/div>\n\t\t<\/div>\n\t\t\t\t\t<\/div>\n\t\t<\/section>\n\t\t\t\t<section class=\"elementor-section elementor-top-section elementor-element elementor-element-d4eb8b4 elementor-section-boxed elementor-section-height-default elementor-section-height-default\" data-id=\"d4eb8b4\" data-element_type=\"section\" data-e-type=\"section\" data-settings=\"{&quot;jet_parallax_layout_list&quot;:[],&quot;_ob_glider_is_slider&quot;:&quot;no&quot;}\">\n\t\t\t\t\t\t<div class=\"elementor-container elementor-column-gap-default\">\n\t\t\t\t\t<div class=\"elementor-column elementor-col-100 elementor-top-column elementor-element elementor-element-f9fdecc\" data-id=\"f9fdecc\" data-element_type=\"column\" data-e-type=\"column\" data-settings=\"{&quot;_ob_column_hoveranimator&quot;:&quot;no&quot;,&quot;_ob_column_has_pseudo&quot;:&quot;no&quot;}\">\n\t\t\t<div class=\"elementor-widget-wrap elementor-element-populated\">\n\t\t\t\t\t\t<div class=\"elementor-element elementor-element-74ce0d4 ob-harakiri-inherit ob-has-background-overlay elementor-widget elementor-widget-text-editor\" data-id=\"74ce0d4\" data-element_type=\"widget\" data-e-type=\"widget\" data-settings=\"{&quot;_ob_use_harakiri&quot;:&quot;yes&quot;,&quot;_ob_harakiri_writing_mode&quot;:&quot;inherit&quot;,&quot;_ob_postman_use&quot;:&quot;no&quot;,&quot;_ob_widget_stalker_use&quot;:&quot;no&quot;,&quot;_ob_poopart_use&quot;:&quot;yes&quot;,&quot;_ob_shadough_use&quot;:&quot;no&quot;,&quot;_ob_allow_hoveranimator&quot;:&quot;no&quot;}\" data-widget_type=\"text-editor.default\">\n\t\t\t\t<div class=\"elementor-widget-container\">\n\t\t\t\t\t\t\t\t\t<p><u><b>Po przybyciu lotu transferowego do Kadhdhoo (KDO)<\/b><\/u><\/p>\n<p>Nasz uprzejmy personel b\u0119dzie gotowy, aby powita\u0107 Ci\u0119 po przybyciu na lotnisko.\nNasz pojazd hotelowy b\u0119dzie czeka\u0142, aby przetransportowa\u0107 Ci\u0119 bezpo\u015brednio do naszego obiektu.\nWarto zauwa\u017cy\u0107, \u017ce je\u015bli zorganizowa\u0142e\u015b sw\u00f3j lot transferowy za naszym po\u015brednictwem, ten transfer pojazdu jest zapewniany bez dodatkowych koszt\u00f3w.  &nbsp;<\/p>\n<p><\/p>\n<p>Po przybyciu do naszego hotelu serdecznie witamy go\u015bci.\nW ramach naszej go\u015bcinno\u015bci zostaniesz pocz\u0119stowany bezp\u0142atnym, orze\u017awiaj\u0105cym napojem, podczas gdy my sprawnie przeprowadzimy proces zameldowania w hotelu, zapewniaj\u0105c p\u0142ynny i przyjemny pocz\u0105tek Twojego pobytu. <\/p>\t\t\t\t\t\t\t\t<\/div>\n\t\t\t\t<\/div>\n\t\t\t\t\t<\/div>\n\t\t<\/div>\n\t\t\t\t\t<\/div>\n\t\t<\/section>\n\t\t\t\t<\/div>\n\t\t","protected":false},"excerpt":{"rendered":"<p>Jak dojecha\u0107 do Nazaki Beach Hotel Od samego pocz\u0105tku otaczamy naszych go\u015bci troskliw\u0105 opiek\u0105. Pierwszym krokiem jest upewnienie si\u0119, \u017ce miejscem docelowym lotu mi\u0119dzynarodowego jest mi\u0119dzynarodowe lotnisko na Malediwach (Velana International Airport), dogodnie po\u0142o\u017cone obok stolicy, Male. Po przylocie na mi\u0119dzynarodowe lotnisko na Malediwach nasz uprzejmy personel hotelowy b\u0119dzie czeka\u0142 na Ciebie przy wyj\u015bciu, gotowy [&hellip;]<\/p>\n","protected":false},"author":4,"featured_media":0,"parent":0,"menu_order":0,"comment_status":"closed","ping_status":"closed","template":"elementor_header_footer","meta":{"om_disable_all_campaigns":false,"_monsterinsights_skip_tracking":false,"_monsterinsights_sitenote_active":false,"_monsterinsights_sitenote_note":"","_monsterinsights_sitenote_category":0,"_uf_show_specific_survey":0,"_uf_disable_surveys":false,"footnotes":""},"class_list":["post-8127","page","type-page","status-publish","hentry"],"aioseo_notices":[],"_links":{"self":[{"href":"https:\/\/nazakibeachhotel.com\/pl\/wp-json\/wp\/v2\/pages\/8127","targetHints":{"allow":["GET"]}}],"collection":[{"href":"https:\/\/nazakibeachhotel.com\/pl\/wp-json\/wp\/v2\/pages"}],"about":[{"href":"https:\/\/nazakibeachhotel.com\/pl\/wp-json\/wp\/v2\/types\/page"}],"author":[{"embeddable":true,"href":"https:\/\/nazakibeachhotel.com\/pl\/wp-json\/wp\/v2\/users\/4"}],"replies":[{"embeddable":true,"href":"https:\/\/nazakibeachhotel.com\/pl\/wp-json\/wp\/v2\/comments?post=8127"}],"version-history":[{"count":1,"href":"https:\/\/nazakibeachhotel.com\/pl\/wp-json\/wp\/v2\/pages\/8127\/revisions"}],"predecessor-version":[{"id":8129,"href":"https:\/\/nazakibeachhotel.com\/pl\/wp-json\/wp\/v2\/pages\/8127\/revisions\/8129"}],"wp:attachment":[{"href":"https:\/\/nazakibeachhotel.com\/pl\/wp-json\/wp\/v2\/media?parent=8127"}],"curies":[{"name":"wp","href":"https:\/\/api.w.org\/{rel}","templated":true}]}}