{"id":8031,"date":"2023-11-07T21:14:14","date_gmt":"2023-11-07T16:14:14","guid":{"rendered":"https:\/\/nazakibeachhotel.com\/warunki-ogolne\/"},"modified":"2023-11-07T21:14:14","modified_gmt":"2023-11-07T16:14:14","slug":"warunki-ogolne","status":"publish","type":"page","link":"https:\/\/nazakibeachhotel.com\/pl\/warunki-ogolne\/","title":{"rendered":"Warunki og\u00f3lne"},"content":{"rendered":"\n<!-- This legal document was generated by Complianz Terms &amp; Conditions https:\/\/wordpress.org\/plugins\/complianz-terms-conditions -->\n<div id=\"cmplz-document\" class=\"cmplz-document cmplz-terms-conditions \"><p><i>Warunki zosta\u0142y ostatnio zaktualizowane listopad 8, 2023<\/i><\/p><h2>1. Wprowadzenie<\/h2><p>Niniejszy Regulamin ma zastosowanie do niniejszej strony internetowej oraz do transakcji zwi\u0105zanych z naszymi produktami i us\u0142ugami.&nbsp;Mog\u0105 Pa\u0144stwo by\u0107 zwi\u0105zani dodatkowymi umowami zwi\u0105zanymi z Pa\u0144stwa relacjami z nami lub jakimikolwiek produktami lub us\u0142ugami, kt\u00f3re Pa\u0144stwo od nas otrzymuj\u0105.&nbsp;Je\u015bli jakiekolwiek postanowienia um\u00f3w dodatkowych stoj\u0105 w sprzeczno\u015bci z postanowieniami niniejszego Regulaminu, postanowienia um\u00f3w dodatkowych b\u0119d\u0105 mia\u0142y pierwsze\u0144stwo.<\/p><h2>2. Zakres obowi\u0105zywania<\/h2><p>Rejestruj\u0105c si\u0119, uzyskuj\u0105c dost\u0119p lub w inny spos\u00f3b korzystaj\u0105c z tej strony internetowej, niniejszym wyra\u017casz zgod\u0119 na przestrzeganie niniejszego Regulaminu i zasad przedstawionych poni\u017cej.&nbsp;Samo korzystanie z tej strony internetowej oznacza znajomo\u015b\u0107 i akceptacj\u0119 niniejszego Regulaminu.&nbsp;W niekt\u00f3rych szczeg\u00f3lnych przypadkach mo\u017cemy r\u00f3wnie\u017c poprosi\u0107 u\u017cytkownika o wyra\u017an\u0105 zgod\u0119.<\/p><h2>3. Komunikacja elektroniczna<\/h2><p>Korzystaj\u0105c z tej strony internetowej lub komunikuj\u0105c si\u0119 z nami drog\u0105 elektroniczn\u0105, u\u017cytkownik zgadza si\u0119 i przyjmuje do wiadomo\u015bci, \u017ce mo\u017cemy komunikowa\u0107 si\u0119 z u\u017cytkownikiem drog\u0105 elektroniczn\u0105 na naszej stronie internetowej lub wysy\u0142aj\u0105c do niego wiadomo\u015b\u0107 e-mail, a u\u017cytkownik zgadza si\u0119, \u017ce wszystkie umowy, powiadomienia, ujawnienia i inne komunikaty, kt\u00f3re dostarczamy u\u017cytkownikowi drog\u0105 elektroniczn\u0105 spe\u0142niaj\u0105 wszelkie wymogi prawne, w tym mi\u0119dzy innymi wym\u00f3g, \u017ce takie komunikaty powinny mie\u0107 form\u0119 pisemn\u0105.<\/p><h2>4. W\u0142asno\u015b\u0107 intelektualna<\/h2><p>My lub nasi licencjodawcy s\u0105 w\u0142a\u015bcicielami i kontroluj\u0105 wszystkie prawa autorskie i inne prawa w\u0142asno\u015bci intelektualnej w witrynie oraz dane, informacje i inne zasoby wy\u015bwietlane lub dost\u0119pne w witrynie.<\/p><p class=\"cmplz-subtitle\">4.1 Wszelkie prawa s\u0105 zastrze\u017cone<\/p><p>Je\u015bli okre\u015blona tre\u015b\u0107 nie stanowi inaczej, u\u017cytkownikowi nie udziela si\u0119 licencji ani \u017cadnych innych praw wynikaj\u0105cych z praw autorskich, znak\u00f3w towarowych, patent\u00f3w lub innych praw w\u0142asno\u015bci intelektualnej.&nbsp;Oznacza to, \u017ce nie wolno u\u017cywa\u0107, kopiowa\u0107, reprodukowa\u0107, wykonywa\u0107, wy\u015bwietla\u0107, rozprowadza\u0107, osadza\u0107 w dowolnym medium elektronicznym, zmienia\u0107, odtwarza\u0107, dekompilowa\u0107, przenosi\u0107, pobiera\u0107, przekazywa\u0107, zarabia\u0107, sprzedawa\u0107, wprowadza\u0107 na rynek lub komercjalizowa\u0107 \u017cadnych zasob\u00f3w na tej stronie w jakiejkolwiek formie bez naszej uprzedniej pisemnej zgody, z wyj\u0105tkiem i tylko w zakresie, w jakim jest to inaczej okre\u015blone w przepisach obowi\u0105zuj\u0105cego prawa (np. prawo do cytatu).<\/p><h2>5. W\u0142asno\u015b\u0107 os\u00f3b trzecich<\/h2><p>Nasza strona mo\u017ce zawiera\u0107 hiper\u0142\u0105cza lub inne odniesienia do stron internetowych innych podmiot\u00f3w.&nbsp;Nie monitorujemy ani nie sprawdzamy zawarto\u015bci stron internetowych innych podmiot\u00f3w, do kt\u00f3rych prowadz\u0105 odno\u015bniki z tej strony.&nbsp;Produkty lub us\u0142ugi oferowane przez inne strony internetowe podlegaj\u0105 obowi\u0105zuj\u0105cym Warunkom Handlowym tych stron trzecich.&nbsp;Opinie wyra\u017cane lub materia\u0142y pojawiaj\u0105ce si\u0119 na tych stronach niekoniecznie s\u0105 podzielane lub popierane przez nas.<\/p><p>Nie ponosimy odpowiedzialno\u015bci za praktyki dotycz\u0105ce prywatno\u015bci lub zawarto\u015b\u0107 tych stron.&nbsp;U\u017cytkownik ponosi wszelkie ryzyko zwi\u0105zane z korzystaniem z tych stron internetowych i wszelkich powi\u0105zanych us\u0142ug os\u00f3b trzecich.&nbsp;Nie ponosimy \u017cadnej odpowiedzialno\u015bci za jakiekolwiek straty lub szkody, w jakikolwiek spos\u00f3b, niezale\u017cnie od przyczyny, wynikaj\u0105ce z ujawnienia przez Pa\u0144stwa danych osobowych osobom trzecim.<\/p><h2>6. Odpowiedzialne u\u017cytkowanie<\/h2><p>Odwiedzaj\u0105c nasz\u0105 stron\u0119 internetow\u0105, wyra\u017casz zgod\u0119 na korzystanie z niej wy\u0142\u0105cznie w celach zgodnych z przeznaczeniem i dozwolonych przez niniejszy Regulamin, wszelkie dodatkowe umowy z nami, a tak\u017ce obowi\u0105zuj\u0105ce prawo, przepisy i og\u00f3lnie przyj\u0119te praktyki internetowe oraz wytyczne bran\u017cowe.&nbsp;Nie wolno wykorzystywa\u0107 naszej strony internetowej lub us\u0142ug do korzystania, publikowania lub rozpowszechniania jakichkolwiek materia\u0142\u00f3w, kt\u00f3re sk\u0142adaj\u0105 si\u0119 ze z\u0142o\u015bliwego oprogramowania komputerowego (lub s\u0105 z nim powi\u0105zane); wykorzystywa\u0107 danych zebranych z naszej strony internetowej do jakichkolwiek bezpo\u015brednich dzia\u0142a\u0144 marketingowych lub prowadzi\u0107 jakichkolwiek systematycznych lub zautomatyzowanych dzia\u0142a\u0144 zwi\u0105zanych z gromadzeniem danych na naszej stronie internetowej lub w zwi\u0105zku z ni\u0105.<\/p><p>Zaanga\u017cowanie si\u0119 w jakiekolwiek dzia\u0142ania, kt\u00f3re powoduj\u0105 lub mog\u0105 spowodowa\u0107 uszkodzenie strony internetowej lub zak\u0142\u00f3caj\u0105 dzia\u0142anie, dost\u0119pno\u015b\u0107 lub osi\u0105galno\u015b\u0107 strony internetowej jest surowo zabronione.<\/p><h2>7. Rejestracja<\/h2><p>Mo\u017cesz zarejestrowa\u0107 konto na naszej stronie internetowej.&nbsp;Podczas tego procesu mo\u017cesz zosta\u0107 poproszony o wybranie has\u0142a.&nbsp;U\u017cytkownik jest odpowiedzialny za zachowanie poufno\u015bci hase\u0142 i informacji o koncie i zobowi\u0105zuje si\u0119 nie udost\u0119pnia\u0107 innym osobom swoich hase\u0142, informacji o koncie lub zabezpieczonego dost\u0119pu do naszej strony internetowej lub us\u0142ug.&nbsp;Nie wolno Ci pozwoli\u0107 \u017cadnej innej osobie na korzystanie z Twojego konta w celu uzyskania dost\u0119pu do strony internetowej, poniewa\u017c jeste\u015b odpowiedzialny za wszystkie dzia\u0142ania, kt\u00f3re wyst\u0119puj\u0105 poprzez u\u017cycie Twoich hase\u0142 lub kont.&nbsp;Musisz nas natychmiast powiadomi\u0107, je\u015bli dowiesz si\u0119 o jakimkolwiek ujawnieniu Twojego has\u0142a.<\/p><p>Po zamkni\u0119ciu konta, nie b\u0119dziesz pr\u00f3bowa\u0142 zarejestrowa\u0107 nowego konta bez naszej zgody.<\/p><h2>8. Polityka zwrot\u00f3w i refundacji<\/h2><p class=\"cmplz-subtitle\">8.1 Prawo do odst\u0105pienia od umowy<\/p><p>Maj\u0105 Pa\u0144stwo prawo odst\u0105pi\u0107 od niniejszej umowy w ci\u0105gu 14 dni bez podania przyczyny.<\/p><p>Aby skorzysta\u0107 z prawa odst\u0105pienia od umowy, musz\u0105 Pa\u0144stwo poinformowa\u0107 nas o swojej decyzji o odst\u0105pieniu od niniejszej umowy w drodze jednoznacznego o\u015bwiadczenia (na przyk\u0142ad pismo wys\u0142ane poczt\u0105, faksem lub poczt\u0105 elektroniczn\u0105).&nbsp;Nasze dane kontaktowe znajduj\u0105 si\u0119 poni\u017cej.&nbsp;You may use the attached model <a target=\"_blank\" href=\"https:\/\/nazakibeachhotel.com\/wp-content\/uploads\/complianz\/withdrawal-forms\/withdrawal-form-pl.pdf\">withdrawal form<\/a>, but it is not obligatory.<\/p><p>You can also electronically fill in and submit the model withdrawal form or any other unequivocal statement on our <a href=\"https:\/\/nazakibeachhotel.com\/contact\/\"> website<\/a>.<\/p><p>Je\u017celi skorzystaj\u0105 Pa\u0144stwo z tej opcji, niezw\u0142ocznie przeka\u017cemy Pa\u0144stwu potwierdzenie otrzymania takiego odst\u0105pienia na trwa\u0142ym no\u015bniku (na przyk\u0142ad poczt\u0105 elektroniczn\u0105).<\/p><p>Aby dotrzyma\u0107 terminu odst\u0105pienia od umowy, wystarczy, aby wys\u0142ali Pa\u0144stwo informacj\u0119 dotycz\u0105c\u0105 skorzystania z prawa odst\u0105pienia od umowy przed up\u0142ywem terminu odst\u0105pienia od umowy.<\/p><p class=\"cmplz-subtitle\">8.2 Skutki wycofania si\u0119 z rynku<\/p><p>W przypadku odst\u0105pienia od niniejszej umowy zwracamy Pa\u0144stwu wszystkie otrzymane od Pa\u0144stwa p\u0142atno\u015bci, w tym koszty dostarczenia rzeczy (z wyj\u0105tkiem dodatkowych koszt\u00f3w wynikaj\u0105cych z wybranego przez Pa\u0144stwa sposobu dostarczenia innego ni\u017c najta\u0144szy oferowany przez nas standardowy spos\u00f3b dostarczenia) bez zb\u0119dnej zw\u0142oki, a w ka\u017cdym przypadku nie p\u00f3\u017aniej ni\u017c 14 dni od dnia, w kt\u00f3rym zostali\u015bmy poinformowani o Pa\u0144stwa decyzji o odst\u0105pieniu od niniejszej umowy.&nbsp;Dokonamy takiego zwrotu przy u\u017cyciu takiego samego \u015brodka p\u0142atniczego, jakiego u\u017cyli Pa\u0144stwo do pierwotnej transakcji, chyba \u017ce wyra\u017anie zgodzili si\u0119 Pa\u0144stwo na inne rozwi\u0105zanie; w ka\u017cdym przypadku nie ponios\u0105 Pa\u0144stwo \u017cadnych op\u0142at w wyniku takiego zwrotu.<\/p><p>Odpowiadaj\u0105 Pa\u0144stwo wy\u0142\u0105cznie za zmniejszenie warto\u015bci towar\u00f3w wynikaj\u0105ce z obchodzenia si\u0119 z nimi w spos\u00f3b inny ni\u017c konieczny do stwierdzenia charakteru, cech i funkcjonowania towar\u00f3w.<\/p><p>Nale\u017cy pami\u0119ta\u0107, \u017ce istniej\u0105 pewne wyj\u0105tki prawne od prawa do odst\u0105pienia od umowy i dlatego niekt\u00f3re produkty nie mog\u0105 zosta\u0107 zwr\u00f3cone lub wymienione. &nbsp;Poinformujemy Ci\u0119, czy ma to zastosowanie w Twoim konkretnym przypadku.<\/p><h2>9. Zg\u0142aszanie pomys\u0142\u00f3w<\/h2><p>Nie zg\u0142aszaj \u017cadnych pomys\u0142\u00f3w, wynalazk\u00f3w, dzie\u0142 autorskich ani innych informacji, kt\u00f3re mo\u017cna uzna\u0107 za Twoj\u0105 w\u0142asno\u015b\u0107 intelektualn\u0105, a kt\u00f3re chcia\u0142by\u015b nam przedstawi\u0107, chyba \u017ce wcze\u015bniej podpiszemy umow\u0119 dotycz\u0105c\u0105 w\u0142asno\u015bci intelektualnej lub umow\u0119 o zachowaniu poufno\u015bci.&nbsp;Je\u015bli ujawnisz nam je bez takiej pisemnej zgody, udzielasz nam og\u00f3lno\u015bwiatowej, nieodwo\u0142alnej, niewy\u0142\u0105cznej, wolnej od tantiem licencji na wykorzystanie, reprodukcj\u0119, przechowywanie, adaptacj\u0119, publikacj\u0119, t\u0142umaczenie i dystrybucj\u0119 Twoich tre\u015bci we wszelkich istniej\u0105cych lub przysz\u0142ych mediach.<\/p><h2>10. Zako\u0144czenie u\u017cytkowania<\/h2><p>Mo\u017cemy, wed\u0142ug w\u0142asnego uznania, w dowolnym momencie zmodyfikowa\u0107 lub przerwa\u0107 dost\u0119p, tymczasowo lub na sta\u0142e, do strony internetowej lub jakiejkolwiek Us\u0142ugi na niej.&nbsp;Zgadzasz si\u0119, \u017ce nie b\u0119dziemy ponosi\u0107 odpowiedzialno\u015bci wobec Ciebie ani \u017cadnej strony trzeciej za jakiekolwiek modyfikacje, zawieszenie lub przerwanie Twojego dost\u0119pu do strony internetowej lub korzystania z niej, ani za \u017cadne tre\u015bci, kt\u00f3re mog\u0142e\u015b udost\u0119pni\u0107 na stronie internetowej.&nbsp;U\u017cytkownik nie b\u0119dzie uprawniony do \u017cadnej rekompensaty ani innej p\u0142atno\u015bci, nawet je\u015bli pewne funkcje, ustawienia i\/lub Tre\u015b\u0107, kt\u00f3r\u0105 u\u017cytkownik wni\u00f3s\u0142 lub na kt\u00f3rej polega\u0142, zostan\u0105 trwale utracone.&nbsp;Nie wolno Ci obchodzi\u0107 lub omija\u0107, ani pr\u00f3bowa\u0107 obchodzi\u0107 lub omija\u0107, \u017cadnych \u015brodk\u00f3w ograniczaj\u0105cych dost\u0119p na naszej stronie internetowej.<\/p><h2>11. Gwarancje i odpowiedzialno\u015b\u0107<\/h2><p>\u017baden z zapis\u00f3w niniejszej sekcji nie ogranicza ani nie wy\u0142\u0105cza gwarancji dorozumianych przez prawo, kt\u00f3rych ograniczenie lub wy\u0142\u0105czenie by\u0142oby niezgodne z prawem.&nbsp;Niniejsza strona internetowa i wszystkie tre\u015bci na niej zawarte s\u0105 dostarczane na zasadzie \"tak jak jest\" i \"tak jak s\u0105 dost\u0119pne\" i mog\u0105 zawiera\u0107 nie\u015bcis\u0142o\u015bci lub b\u0142\u0119dy typograficzne.&nbsp;Wyra\u017anie zrzekamy si\u0119 wszelkich gwarancji, zar\u00f3wno wyra\u017anych, jak i dorozumianych, co do dost\u0119pno\u015bci, dok\u0142adno\u015bci i kompletno\u015bci Tre\u015bci.&nbsp;Nie gwarantujemy, \u017ce:<\/p><p><ul>\n                    <li>ta strona lub nasze tre\u015bci spe\u0142ni\u0105 Pa\u0144stwa wymagania;<\/li>\n                    <li>niniejsza witryna b\u0119dzie dost\u0119pna w spos\u00f3b nieprzerwany, terminowy, bezpieczny lub wolny od b\u0142\u0119d\u00f3w.<\/li>\n        <\/ul><\/p><p>Nic na tej stronie nie stanowi ani nie ma stanowi\u0107 porady prawnej, finansowej lub medycznej jakiegokolwiek rodzaju.&nbsp;Je\u015bli potrzebujesz porady, powiniene\u015b skonsultowa\u0107 si\u0119 z odpowiednim specjalist\u0105.<\/p><p>Poni\u017csze postanowienia niniejszej sekcji b\u0119d\u0105 mia\u0142y zastosowanie w maksymalnym zakresie dozwolonym przez obowi\u0105zuj\u0105ce prawo i nie ogranicz\u0105 ani nie wy\u0142\u0105cz\u0105 naszej odpowiedzialno\u015bci w odniesieniu do wszelkich kwestii, kt\u00f3rych ograniczenie lub wy\u0142\u0105czenie by\u0142oby dla nas niezgodne z prawem lub nielegalne.&nbsp;W \u017cadnym wypadku nie ponosimy odpowiedzialno\u015bci za jakiekolwiek bezpo\u015brednie lub po\u015brednie szkody (w tym wszelkie szkody z tytu\u0142u utraty zysk\u00f3w lub przychod\u00f3w, utraty lub uszkodzenia danych, oprogramowania lub bazy danych, lub utraty lub uszkodzenia w\u0142asno\u015bci lub danych) poniesione przez Ciebie lub jak\u0105kolwiek osob\u0119 trzeci\u0105, wynikaj\u0105ce z dost\u0119pu do lub korzystania z naszej strony internetowej.<\/p><p>Z wyj\u0105tkiem zakresu, w kt\u00f3rym dodatkowa umowa wyra\u017anie stanowi inaczej, nasza maksymalna odpowiedzialno\u015b\u0107 wobec u\u017cytkownika za wszelkie szkody wynikaj\u0105ce lub zwi\u0105zane ze stron\u0105 internetow\u0105 lub wszelkimi produktami i us\u0142ugami wprowadzanymi na rynek lub sprzedawanymi za po\u015brednictwem strony internetowej, niezale\u017cnie od formy dzia\u0142ania prawnego, kt\u00f3re nak\u0142ada odpowiedzialno\u015b\u0107 (czy to w ramach kontraktu, s\u0142uszno\u015bci, zaniedbania, zamierzonego zachowania, czynu niedozwolonego lub w inny spos\u00f3b) b\u0119dzie ograniczona do ca\u0142kowitej ceny, kt\u00f3r\u0105 u\u017cytkownik zap\u0142aci\u0142 nam za zakup takich produkt\u00f3w lub us\u0142ug lub korzystanie ze strony internetowej.&nbsp;Takie ograniczenie b\u0119dzie mia\u0142o zastosowanie \u0142\u0105cznie do wszystkich roszcze\u0144, dzia\u0142a\u0144 i przyczyn dzia\u0142a\u0144 u\u017cytkownika, niezale\u017cnie od ich rodzaju i charakteru.<\/p><h2>12. Prywatno\u015b\u0107<\/h2><p>Aby uzyska\u0107 dost\u0119p do naszej strony internetowej i\/lub us\u0142ug, mo\u017cesz by\u0107 zobowi\u0105zany do podania pewnych informacji o sobie w ramach procesu rejestracji.&nbsp;U\u017cytkownik zgadza si\u0119, \u017ce wszelkie podane przez niego informacje b\u0119d\u0105 zawsze dok\u0142adne, poprawne i aktualne.<\/p><h2>13. Dost\u0119pno\u015b\u0107<\/h2><p>Dok\u0142adamy wszelkich stara\u0144, aby udost\u0119pniane przez nas tre\u015bci by\u0142y dost\u0119pne dla os\u00f3b niepe\u0142nosprawnych.&nbsp;Je\u015bli jeste\u015b niepe\u0142nosprawny i nie mo\u017cesz uzyska\u0107 dost\u0119pu do jakiejkolwiek cz\u0119\u015bci naszej strony internetowej ze wzgl\u0119du na swoj\u0105 niepe\u0142nosprawno\u015b\u0107, prosimy o powiadomienie nas o tym fakcie wraz ze szczeg\u00f3\u0142owym opisem napotkanego problemu.&nbsp;Je\u015bli problem jest \u0142atwy do zidentyfikowania i mo\u017cliwy do rozwi\u0105zania zgodnie ze standardowymi w bran\u017cy narz\u0119dziami i technikami informatycznymi, niezw\u0142ocznie go rozwi\u0105\u017cemy.<\/p><h2>14. Ograniczenia eksportowe \/ Zgodno\u015b\u0107 z prawem<\/h2><p>Dost\u0119p do strony internetowej z terytori\u00f3w lub kraj\u00f3w, w kt\u00f3rych tre\u015b\u0107 lub zakup produkt\u00f3w lub Us\u0142ug sprzedawanych na stronie internetowej jest nielegalny, jest zabroniony.&nbsp;U\u017cytkownik nie mo\u017ce korzysta\u0107 z tej witryny z naruszeniem praw i przepis\u00f3w eksportowych obowi\u0105zuj\u0105cych w Malediwy.<\/p><h2>15. Zadanie<\/h2><p>U\u017cytkownik nie mo\u017ce scedowa\u0107, przenie\u015b\u0107 lub podzleci\u0107 jakichkolwiek swoich praw i\/lub obowi\u0105zk\u00f3w wynikaj\u0105cych z niniejszego Regulaminu, w ca\u0142o\u015bci lub w cz\u0119\u015bci, na rzecz jakiejkolwiek strony trzeciej bez naszej uprzedniej pisemnej zgody.&nbsp;Ka\u017cda domniemana cesja z naruszeniem postanowie\u0144 niniejszego punktu b\u0119dzie niewa\u017cna.<\/p><h2>16. Naruszenia niniejszego Regulaminu<\/h2><p>Z zastrze\u017ceniem naszych innych praw wynikaj\u0105cych z niniejszego Regulaminu, je\u015bli naruszysz niniejszy Regulamin w jakikolwiek spos\u00f3b, mo\u017cemy podj\u0105\u0107 takie dzia\u0142ania, jakie uznamy za stosowne, aby poradzi\u0107 sobie z naruszeniem, w tym czasowo lub trwale zawieszaj\u0105c dost\u0119p do strony internetowej, kontaktuj\u0105c si\u0119 z dostawc\u0105 us\u0142ug internetowych, aby poprosi\u0107 o zablokowanie dost\u0119pu do strony internetowej, i \/ lub rozpocz\u0105\u0107 dzia\u0142ania prawne przeciwko Tobie.<\/p><h2>17. Odszkodowanie<\/h2><p>U\u017cytkownik zgadza si\u0119 zabezpieczy\u0107, broni\u0107 i chroni\u0107 nas przed wszelkimi roszczeniami, zobowi\u0105zaniami, szkodami, stratami i wydatkami zwi\u0105zanymi z naruszeniem przez U\u017cytkownika niniejszego Regulaminu oraz obowi\u0105zuj\u0105cych przepis\u00f3w prawa, w tym prawa w\u0142asno\u015bci intelektualnej i prawa do prywatno\u015bci.&nbsp;U\u017cytkownik niezw\u0142ocznie pokryje nasze szkody, straty, koszty i wydatki zwi\u0105zane z takimi roszczeniami lub z nich wynikaj\u0105ce.<\/p><h2>18. Odst\u0105pienie<\/h2><p>Niewykonanie kt\u00f3regokolwiek z postanowie\u0144 okre\u015blonych w niniejszym Regulaminie i jakiejkolwiek Umowie lub niewykonanie opcji wypowiedzenia nie b\u0119dzie interpretowane jako zrzeczenie si\u0119 tych postanowie\u0144 i nie b\u0119dzie mia\u0142o wp\u0142ywu na wa\u017cno\u015b\u0107 niniejszego Regulaminu lub jakiejkolwiek Umowy lub jej cz\u0119\u015bci, ani na prawo do egzekwowania ka\u017cdego z tych postanowie\u0144 w p\u00f3\u017aniejszym czasie.<\/p><h2>19. J\u0119zyk<\/h2><p>Niniejszy Regulamin b\u0119dzie rozumiany i interpretowany wy\u0142\u0105cznie w j\u0119zyku Angielski.&nbsp;Wszelkie zawiadomienia i korespondencja b\u0119d\u0105 sporz\u0105dzane wy\u0142\u0105cznie w tym j\u0119zyku.<\/p><h2>20. Ca\u0142o\u015b\u0107 umowy<\/h2><p>Niniejszy Regulamin stanowi\u0105 ca\u0142o\u015b\u0107 porozumienia mi\u0119dzy u\u017cytkownikiem a Nazaki Beach Hotel w odniesieniu do korzystania z tej witryny.<\/p><h2>21. Aktualizacja Regulaminu<\/h2><p>Mo\u017cemy od czasu do czasu aktualizowa\u0107 niniejszy Regulamin.&nbsp;Obowi\u0105zkiem u\u017cytkownika jest okresowe sprawdzanie niniejszego Regulaminu pod k\u0105tem zmian lub aktualizacji.&nbsp;Data podana na pocz\u0105tku niniejszego Regulaminu jest dat\u0105 ostatniej aktualizacji.&nbsp;Zmiany w niniejszym Regulaminie wejd\u0105 w \u017cycie z dniem opublikowania takich zmian na tej stronie internetowej.&nbsp;Dalsze korzystanie z tej witryny po opublikowaniu zmian lub aktualizacji b\u0119dzie uwa\u017cane za powiadomienie o akceptacji przestrzegania i zwi\u0105zania si\u0119 niniejszym Regulaminem.<\/p><h2>22. Wyb\u00f3r prawa i jurysdykcja<\/h2><p>Niniejszy Regulamin podlega prawu obowi\u0105zuj\u0105cemu w Malediwy.&nbsp;Wszelkie spory zwi\u0105zane z niniejszym Regulaminem podlegaj\u0105 jurysdykcji s\u0105d\u00f3w w Malediwy.&nbsp;Je\u015bli jakakolwiek cz\u0119\u015b\u0107 lub postanowienie niniejszego Regulaminu zostanie uznane przez s\u0105d lub inny organ za niewa\u017cne i\/lub niewykonalne w \u015bwietle obowi\u0105zuj\u0105cego prawa, taka cz\u0119\u015b\u0107 lub postanowienie zostanie zmodyfikowane, usuni\u0119te i\/lub wykonane w maksymalnym dopuszczalnym zakresie, aby nada\u0107 moc prawn\u0105 intencjom niniejszego Regulaminu.&nbsp;Nie b\u0119dzie to mia\u0142o wp\u0142ywu na pozosta\u0142e postanowienia.<\/p><h2>23. Informacje kontaktowe<\/h2><p>Ta strona internetowa jest w\u0142asno\u015bci\u0105 i jest zarz\u0105dzana przez Nazaki Beach Hotel.<\/p><p>You may contact us regarding these Terms and Conditions through our <a href=\"https:\/\/nazakibeachhotel.com\/contact\/\">contact<\/a> page.<\/p><h2>24. Pobierz<\/h2><p>You can also <a href=\"https:\/\/nazakibeachhotel.com\/wp-content\/plugins\/complianz-terms-conditions\/download.php\">download<\/a> our Terms and Conditions as a PDF.<\/p><\/div>\n","protected":false},"excerpt":{"rendered":"","protected":false},"author":2,"featured_media":0,"parent":0,"menu_order":0,"comment_status":"closed","ping_status":"closed","template":"","meta":{"om_disable_all_campaigns":false,"_monsterinsights_skip_tracking":false,"_monsterinsights_sitenote_active":false,"_monsterinsights_sitenote_note":"","_monsterinsights_sitenote_category":0,"_uf_show_specific_survey":0,"_uf_disable_surveys":false,"footnotes":""},"class_list":["post-8031","page","type-page","status-publish","hentry"],"aioseo_notices":[],"_links":{"self":[{"href":"https:\/\/nazakibeachhotel.com\/pl\/wp-json\/wp\/v2\/pages\/8031","targetHints":{"allow":["GET"]}}],"collection":[{"href":"https:\/\/nazakibeachhotel.com\/pl\/wp-json\/wp\/v2\/pages"}],"about":[{"href":"https:\/\/nazakibeachhotel.com\/pl\/wp-json\/wp\/v2\/types\/page"}],"author":[{"embeddable":true,"href":"https:\/\/nazakibeachhotel.com\/pl\/wp-json\/wp\/v2\/users\/2"}],"replies":[{"embeddable":true,"href":"https:\/\/nazakibeachhotel.com\/pl\/wp-json\/wp\/v2\/comments?post=8031"}],"version-history":[{"count":0,"href":"https:\/\/nazakibeachhotel.com\/pl\/wp-json\/wp\/v2\/pages\/8031\/revisions"}],"wp:attachment":[{"href":"https:\/\/nazakibeachhotel.com\/pl\/wp-json\/wp\/v2\/media?parent=8031"}],"curies":[{"name":"wp","href":"https:\/\/api.w.org\/{rel}","templated":true}]}}