{"id":8148,"date":"2022-05-05T07:11:27","date_gmt":"2022-05-05T02:11:27","guid":{"rendered":"https:\/\/nazakibeachhotel.com\/hvernig-a-ad-komast-hingad\/"},"modified":"2024-08-04T16:58:04","modified_gmt":"2024-08-04T11:58:04","slug":"hvernig-a-ad-komast-hingad","status":"publish","type":"page","link":"https:\/\/nazakibeachhotel.com\/is\/hvernig-a-ad-komast-hingad\/","title":{"rendered":"Hvernig \u00e1 a\u00f0 komast hinga\u00f0"},"content":{"rendered":"\t\t<div data-elementor-type=\"wp-page\" data-elementor-id=\"8148\" class=\"elementor elementor-8148 elementor-125\" data-elementor-post-type=\"page\">\n\t\t\t\t\t\t<section class=\"elementor-section elementor-top-section elementor-element elementor-element-f9c7caf elementor-section-boxed elementor-section-height-default elementor-section-height-default\" data-id=\"f9c7caf\" data-element_type=\"section\" data-e-type=\"section\" data-settings=\"{&quot;jet_parallax_layout_list&quot;:[],&quot;_ob_glider_is_slider&quot;:&quot;no&quot;}\">\n\t\t\t\t\t\t<div class=\"elementor-container elementor-column-gap-default\">\n\t\t\t\t\t<div class=\"elementor-column elementor-col-100 elementor-top-column elementor-element elementor-element-1139c35\" data-id=\"1139c35\" data-element_type=\"column\" data-e-type=\"column\" data-settings=\"{&quot;_ob_column_hoveranimator&quot;:&quot;no&quot;,&quot;_ob_column_has_pseudo&quot;:&quot;no&quot;}\">\n\t\t\t<div class=\"elementor-widget-wrap elementor-element-populated\">\n\t\t\t\t\t\t<div class=\"elementor-element elementor-element-2217d79 ob-harakiri-inherit ob-has-background-overlay elementor-widget elementor-widget-heading\" data-id=\"2217d79\" data-element_type=\"widget\" data-e-type=\"widget\" data-settings=\"{&quot;_ob_use_harakiri&quot;:&quot;yes&quot;,&quot;_ob_harakiri_writing_mode&quot;:&quot;inherit&quot;,&quot;_ob_harakiri_text_clip&quot;:&quot;none&quot;,&quot;_ob_widget_stalker_use&quot;:&quot;no&quot;,&quot;_ob_poopart_use&quot;:&quot;yes&quot;,&quot;_ob_shadough_use&quot;:&quot;no&quot;,&quot;_ob_allow_hoveranimator&quot;:&quot;no&quot;}\" data-widget_type=\"heading.default\">\n\t\t\t\t<div class=\"elementor-widget-container\">\n\t\t\t\t\t<h2 class=\"elementor-heading-title elementor-size-default\"><br><br><br>Hvernig \u00e1 a\u00f0 komast \u00e1 Nazaki Beach Hotel<br><br><br><\/h2>\t\t\t\t<\/div>\n\t\t\t\t<\/div>\n\t\t\t\t\t<\/div>\n\t\t<\/div>\n\t\t\t\t\t<\/div>\n\t\t<\/section>\n\t\t\t\t<section class=\"elementor-section elementor-top-section elementor-element elementor-element-a66517e elementor-section-content-middle elementor-section-boxed elementor-section-height-default elementor-section-height-default\" data-id=\"a66517e\" data-element_type=\"section\" data-e-type=\"section\" data-settings=\"{&quot;jet_parallax_layout_list&quot;:[],&quot;_ob_glider_is_slider&quot;:&quot;no&quot;}\">\n\t\t\t\t\t\t<div class=\"elementor-container elementor-column-gap-default\">\n\t\t\t\t\t<div class=\"elementor-column elementor-col-50 elementor-top-column elementor-element elementor-element-881a098\" data-id=\"881a098\" data-element_type=\"column\" data-e-type=\"column\" data-settings=\"{&quot;_ob_column_hoveranimator&quot;:&quot;no&quot;,&quot;_ob_column_has_pseudo&quot;:&quot;no&quot;}\">\n\t\t\t<div class=\"elementor-widget-wrap elementor-element-populated\">\n\t\t\t\t\t\t<div class=\"elementor-element elementor-element-f853bf3 ob-harakiri-inherit ob-has-background-overlay elementor-widget elementor-widget-text-editor\" data-id=\"f853bf3\" data-element_type=\"widget\" data-e-type=\"widget\" data-settings=\"{&quot;_ob_use_harakiri&quot;:&quot;yes&quot;,&quot;_ob_harakiri_writing_mode&quot;:&quot;inherit&quot;,&quot;_ob_postman_use&quot;:&quot;no&quot;,&quot;_ob_widget_stalker_use&quot;:&quot;no&quot;,&quot;_ob_poopart_use&quot;:&quot;yes&quot;,&quot;_ob_shadough_use&quot;:&quot;no&quot;,&quot;_ob_allow_hoveranimator&quot;:&quot;no&quot;}\" data-widget_type=\"text-editor.default\">\n\t\t\t\t<div class=\"elementor-widget-container\">\n\t\t\t\t\t\t\t\t\t<p style=\"white-space: pre-wrap; border: 0px solid #d9d9e3; margin: 0px 0px 1.25em; caret-color: #374151; color: #374151; font-family: S\u00f6hne, ui-sans-serif, system-ui, -apple-system, 'Segoe UI', Roboto, Ubuntu, Cantarell, 'Noto Sans', sans-serif, 'Helvetica Neue', Arial, 'Apple Color Emoji', 'Segoe UI Emoji', 'Segoe UI Symbol', 'Noto Color Emoji';\">Vi\u00f0 veitum gestum okkar dygga um\u00f6nnun strax fr\u00e1 upphafi.<\/p>\n<p style=\"white-space: pre-wrap; border: 0px solid #d9d9e3; margin: 1.25em 0px; caret-color: #374151; color: #374151; font-family: S\u00f6hne, ui-sans-serif, system-ui, -apple-system, 'Segoe UI', Roboto, Ubuntu, Cantarell, 'Noto Sans', sans-serif, 'Helvetica Neue', Arial, 'Apple Color Emoji', 'Segoe UI Emoji', 'Segoe UI Symbol', 'Noto Color Emoji';\">Fyrsta skrefi\u00f0 \u00feitt er a\u00f0 tryggja a\u00f0 \u00e1fangasta\u00f0ur fyrir millilandaflug s\u00e9 al\u00fej\u00f3\u00f0aflugv\u00f6llur Mald\u00edveyja (Velana al\u00fej\u00f3\u00f0aflugv\u00f6llur), \u00fe\u00e6gilega sta\u00f0settur vi\u00f0 hli\u00f0ina \u00e1 h\u00f6fu\u00f0borginni, Male&#8217;.<\/p>\n<p style=\"white-space: pre-wrap; border: 0px solid #d9d9e3; margin: 1.25em 0px; caret-color: #374151; color: #374151; font-family: S\u00f6hne, ui-sans-serif, system-ui, -apple-system, 'Segoe UI', Roboto, Ubuntu, Cantarell, 'Noto Sans', sans-serif, 'Helvetica Neue', Arial, 'Apple Color Emoji', 'Segoe UI Emoji', 'Segoe UI Symbol', 'Noto Color Emoji';\">Vi\u00f0 komu \u00fe\u00edna \u00e1 Mald\u00edveyjar al\u00fej\u00f3\u00f0aflugv\u00f6llinn mun umhyggjusamt h\u00f3telstarfsf\u00f3lk okkar b\u00ed\u00f0a \u00fe\u00edn vi\u00f0 brottf\u00f6rina, tilb\u00fai\u00f0 til a\u00f0 a\u00f0sto\u00f0a \u00feig eftir a\u00f0 \u00fe\u00fa hefur safna\u00f0 farangri \u00fe\u00ednum og fari\u00f0 af komusv\u00e6\u00f0inu.<\/p>\n<p style=\"white-space: pre-wrap; border: 0px solid #d9d9e3; margin: 1.25em 0px; caret-color: #374151; color: #374151; font-family: S\u00f6hne, ui-sans-serif, system-ui, -apple-system, 'Segoe UI', Roboto, Ubuntu, Cantarell, 'Noto Sans', sans-serif, 'Helvetica Neue', Arial, 'Apple Color Emoji', 'Segoe UI Emoji', 'Segoe UI Symbol', 'Noto Color Emoji';\">\u00cd kj\u00f6lfari\u00f0 mun starfsf\u00f3lk okkar fylgja \u00fe\u00e9r a\u00f0 flugst\u00f6\u00f0 h\u00f3telsins, \u00fear sem \u00fe\u00fa fer\u00f0 um bor\u00f0 \u00ed tengiflugi\u00f0 \u00feitt til Kadhdhoo (KDO), eyjunnar \u00fear sem h\u00f3teli\u00f0 okkar er sta\u00f0sett.<\/p>\n<p style=\"white-space: pre-wrap; border: 0px solid #d9d9e3; margin: 1.25em 0px; caret-color: #374151; color: #374151; font-family: S\u00f6hne, ui-sans-serif, system-ui, -apple-system, 'Segoe UI', Roboto, Ubuntu, Cantarell, 'Noto Sans', sans-serif, 'Helvetica Neue', Arial, 'Apple Color Emoji', 'Segoe UI Emoji', 'Segoe UI Symbol', 'Noto Color Emoji';\">Valinn flutningsflugstj\u00f3ri okkar er ( <a style=\"border: 0px solid #d9d9e3; --tw-border-spacing-x: 0; --tw-border-spacing-y: 0; --tw-translate-x: 0; --tw-translate-y: 0; --tw-rotate: 0; --tw-skew-x: 0; --tw-skew-y: 0; --tw-scale-x: 1; --tw-scale-y: 1; --tw-scroll-snap-strictness: proximity; --tw-ring-offset-width: 0px; --tw-ring-offset-color: #fff; --tw-ring-color: rgba(69,89,164,0.5); --tw-ring-offset-shadow: 0 0 transparent; --tw-ring-shadow: 0 0 transparent; --tw-shadow: 0 0 transparent; --tw-shadow-colored: 0 0 transparent; color: #2964aa; text-decoration: none; --tw-text-opacity: 1;\" href=\"http:\/\/www.maldivian.aero\/\" target=\"_new\">www.maldivian.aero<\/a> ). Vi\u00f0 munum skipuleggja flutninginn \u00feinn \u00feegar vi\u00f0 f\u00e1um allar nau\u00f0synlegar uppl\u00fdsingar fr\u00e1 \u00fe\u00e9r.  <\/p>\n<p style=\"white-space: pre-wrap; border: 0px solid #d9d9e3; margin: 1.25em 0px; caret-color: #374151; color: #374151; font-family: S\u00f6hne, ui-sans-serif, system-ui, -apple-system, 'Segoe UI', Roboto, Ubuntu, Cantarell, 'Noto Sans', sans-serif, 'Helvetica Neue', Arial, 'Apple Color Emoji', 'Segoe UI Emoji', 'Segoe UI Symbol', 'Noto Color Emoji';\"><span style=\"text-decoration: underline;\"><strong>Al\u00fej\u00f3\u00f0aflugv\u00f6llurinn \u00e1 Mald\u00edveyjar \u2192 Kadhdhoo (KDO), Laamu Atoll<\/strong><\/span><\/p>\n<p style=\"white-space: pre-wrap; border: 0px solid #d9d9e3; margin: 1.25em 0px 0px; caret-color: #374151; color: #374151; font-family: S\u00f6hne, ui-sans-serif, system-ui, -apple-system, 'Segoe UI', Roboto, Ubuntu, Cantarell, 'Noto Sans', sans-serif, 'Helvetica Neue', Arial, 'Apple Color Emoji', 'Segoe UI Emoji', 'Segoe UI Symbol', 'Noto Color Emoji';\">\u00dea\u00f0 er mikilv\u00e6gt a\u00f0 hafa \u00ed huga a\u00f0 ef millilandaflugi\u00f0 \u00feitt til Mald\u00edveyja ver\u00f0ur fyrir seinkun \u00e1 s\u00ed\u00f0ustu stundu getur\u00f0u einfaldlega uppl\u00fdst okkur um breyttan brottfarart\u00edma \u00feinn \u00ed gegnum WhatsApp e\u00f0a Viber. Vi\u00f0 munum s\u00ed\u00f0an gera nau\u00f0synlegar r\u00e1\u00f0stafanir til a\u00f0 endurskipuleggja flutningsflugi\u00f0 \u00feitt og tryggja a\u00f0 \u00fea\u00f0 samr\u00e6mist uppf\u00e6r\u00f0um komut\u00edma \u00fe\u00ednum \u00e1 Mald\u00edveyjar. \u00de\u00e6gindi \u00fe\u00edn og \u00fe\u00e6gindi eru forgangsverkefni okkar.<\/p>\t\t\t\t\t\t\t\t<\/div>\n\t\t\t\t<\/div>\n\t\t\t\t\t<\/div>\n\t\t<\/div>\n\t\t\t\t<div class=\"elementor-column elementor-col-50 elementor-top-column elementor-element elementor-element-45d7ead\" data-id=\"45d7ead\" data-element_type=\"column\" data-e-type=\"column\" data-settings=\"{&quot;_ob_column_hoveranimator&quot;:&quot;no&quot;,&quot;_ob_column_has_pseudo&quot;:&quot;no&quot;}\">\n\t\t\t<div class=\"elementor-widget-wrap elementor-element-populated\">\n\t\t\t\t\t\t<div class=\"elementor-element elementor-element-fc3f57f ob-has-background-overlay elementor-widget elementor-widget-image\" data-id=\"fc3f57f\" data-element_type=\"widget\" data-e-type=\"widget\" data-settings=\"{&quot;_ob_photomorph_use&quot;:&quot;no&quot;,&quot;_ob_widget_stalker_use&quot;:&quot;no&quot;,&quot;_ob_poopart_use&quot;:&quot;yes&quot;,&quot;_ob_shadough_use&quot;:&quot;no&quot;,&quot;_ob_allow_hoveranimator&quot;:&quot;no&quot;}\" data-widget_type=\"image.default\">\n\t\t\t\t<div class=\"elementor-widget-container\">\n\t\t\t\t\t\t\t\t\t\t\t\t\t\t\t<img fetchpriority=\"high\" decoding=\"async\" width=\"528\" height=\"533\" src=\"https:\/\/nazakibeachhotel.com\/wp-content\/uploads\/2022\/05\/How-to-get-to-Nazaki-Hotel-.jpg.webp\" class=\"attachment-large size-large wp-image-1995\" alt=\"\" srcset=\"https:\/\/nazakibeachhotel.com\/wp-content\/uploads\/2022\/05\/How-to-get-to-Nazaki-Hotel-.jpg.webp 528w, https:\/\/nazakibeachhotel.com\/wp-content\/uploads\/2022\/05\/How-to-get-to-Nazaki-Hotel-.jpg-297x300.webp 297w, https:\/\/nazakibeachhotel.com\/wp-content\/uploads\/2022\/05\/How-to-get-to-Nazaki-Hotel-.jpg-150x150.webp 150w\" sizes=\"(max-width: 528px) 100vw, 528px\" \/>\t\t\t\t\t\t\t\t\t\t\t\t\t\t\t<\/div>\n\t\t\t\t<\/div>\n\t\t\t\t\t<\/div>\n\t\t<\/div>\n\t\t\t\t\t<\/div>\n\t\t<\/section>\n\t\t\t\t<section class=\"elementor-section elementor-top-section elementor-element elementor-element-d4eb8b4 elementor-section-boxed elementor-section-height-default elementor-section-height-default\" data-id=\"d4eb8b4\" data-element_type=\"section\" data-e-type=\"section\" data-settings=\"{&quot;jet_parallax_layout_list&quot;:[],&quot;_ob_glider_is_slider&quot;:&quot;no&quot;}\">\n\t\t\t\t\t\t<div class=\"elementor-container elementor-column-gap-default\">\n\t\t\t\t\t<div class=\"elementor-column elementor-col-100 elementor-top-column elementor-element elementor-element-f9fdecc\" data-id=\"f9fdecc\" data-element_type=\"column\" data-e-type=\"column\" data-settings=\"{&quot;_ob_column_hoveranimator&quot;:&quot;no&quot;,&quot;_ob_column_has_pseudo&quot;:&quot;no&quot;}\">\n\t\t\t<div class=\"elementor-widget-wrap elementor-element-populated\">\n\t\t\t\t\t\t<div class=\"elementor-element elementor-element-74ce0d4 ob-harakiri-inherit ob-has-background-overlay elementor-widget elementor-widget-text-editor\" data-id=\"74ce0d4\" data-element_type=\"widget\" data-e-type=\"widget\" data-settings=\"{&quot;_ob_use_harakiri&quot;:&quot;yes&quot;,&quot;_ob_harakiri_writing_mode&quot;:&quot;inherit&quot;,&quot;_ob_postman_use&quot;:&quot;no&quot;,&quot;_ob_widget_stalker_use&quot;:&quot;no&quot;,&quot;_ob_poopart_use&quot;:&quot;yes&quot;,&quot;_ob_shadough_use&quot;:&quot;no&quot;,&quot;_ob_allow_hoveranimator&quot;:&quot;no&quot;}\" data-widget_type=\"text-editor.default\">\n\t\t\t\t<div class=\"elementor-widget-container\">\n\t\t\t\t\t\t\t\t\t<p><u><b>\u00deegar flutningsflugi\u00f0 \u00feitt kemur til Kadhdhoo (KDO)<\/b><\/u><\/p>\n<p>Umhyggjusamt starfsf\u00f3lk okkar mun vera tilb\u00fai\u00f0 og b\u00ed\u00f0a eftir a\u00f0 taka \u00e1 m\u00f3ti \u00fe\u00e9r vi\u00f0 komu \u00fe\u00edna \u00e1 flugv\u00f6llinn. H\u00f3telb\u00edllinn okkar mun standa hj\u00e1 til a\u00f0 flytja \u00feig beint til starfsst\u00f6\u00f0varinnar okkar. \u00deess m\u00e1 geta a\u00f0 ef \u00fe\u00fa hefur skipulagt flutningsflugi\u00f0 \u00feitt \u00ed gegnum okkur, \u00fe\u00e1 er \u00feessi \u00f6kut\u00e6kisflutningur veittur \u00fe\u00e9r \u00e1n aukakostna\u00f0ar.&nbsp;<\/p>\n<p><\/p>\n<p>\u00deegar \u00fe\u00fa kemur \u00e1 h\u00f3teli\u00f0 okkar bj\u00f3\u00f0um vi\u00f0 \u00feig hjartanlega velkominn. Sem hluti af gestrisni okkar ver\u00f0ur bo\u00f0i\u00f0 upp \u00e1 \u00f3keypis hressandi drykk \u00e1 me\u00f0an vi\u00f0 vinnum innritun \u00e1 h\u00f3teli\u00f0 \u00e1 skilvirkan h\u00e1tt og tryggjum hn\u00f6kralausa og skemmtilega byrjun \u00e1 dv\u00f6l \u00feinni.<\/p>\t\t\t\t\t\t\t\t<\/div>\n\t\t\t\t<\/div>\n\t\t\t\t\t<\/div>\n\t\t<\/div>\n\t\t\t\t\t<\/div>\n\t\t<\/section>\n\t\t\t\t<\/div>\n\t\t","protected":false},"excerpt":{"rendered":"<p>Hvernig \u00e1 a\u00f0 komast \u00e1 Nazaki Beach Hotel Vi\u00f0 veitum gestum okkar dygga um\u00f6nnun strax fr\u00e1 upphafi. Fyrsta skrefi\u00f0 \u00feitt er a\u00f0 tryggja a\u00f0 \u00e1fangasta\u00f0ur fyrir millilandaflug s\u00e9 al\u00fej\u00f3\u00f0aflugv\u00f6llur Mald\u00edveyja (Velana al\u00fej\u00f3\u00f0aflugv\u00f6llur), \u00fe\u00e6gilega sta\u00f0settur vi\u00f0 hli\u00f0ina \u00e1 h\u00f6fu\u00f0borginni, Male&#8217;. Vi\u00f0 komu \u00fe\u00edna \u00e1 Mald\u00edveyjar al\u00fej\u00f3\u00f0aflugv\u00f6llinn mun umhyggjusamt h\u00f3telstarfsf\u00f3lk okkar b\u00ed\u00f0a \u00fe\u00edn vi\u00f0 brottf\u00f6rina, tilb\u00fai\u00f0 til [&hellip;]<\/p>\n","protected":false},"author":4,"featured_media":0,"parent":0,"menu_order":0,"comment_status":"closed","ping_status":"closed","template":"elementor_header_footer","meta":{"om_disable_all_campaigns":false,"_monsterinsights_skip_tracking":false,"_monsterinsights_sitenote_active":false,"_monsterinsights_sitenote_note":"","_monsterinsights_sitenote_category":0,"_uf_show_specific_survey":0,"_uf_disable_surveys":false,"footnotes":""},"class_list":["post-8148","page","type-page","status-publish","hentry"],"aioseo_notices":[],"_links":{"self":[{"href":"https:\/\/nazakibeachhotel.com\/is\/wp-json\/wp\/v2\/pages\/8148","targetHints":{"allow":["GET"]}}],"collection":[{"href":"https:\/\/nazakibeachhotel.com\/is\/wp-json\/wp\/v2\/pages"}],"about":[{"href":"https:\/\/nazakibeachhotel.com\/is\/wp-json\/wp\/v2\/types\/page"}],"author":[{"embeddable":true,"href":"https:\/\/nazakibeachhotel.com\/is\/wp-json\/wp\/v2\/users\/4"}],"replies":[{"embeddable":true,"href":"https:\/\/nazakibeachhotel.com\/is\/wp-json\/wp\/v2\/comments?post=8148"}],"version-history":[{"count":1,"href":"https:\/\/nazakibeachhotel.com\/is\/wp-json\/wp\/v2\/pages\/8148\/revisions"}],"predecessor-version":[{"id":8150,"href":"https:\/\/nazakibeachhotel.com\/is\/wp-json\/wp\/v2\/pages\/8148\/revisions\/8150"}],"wp:attachment":[{"href":"https:\/\/nazakibeachhotel.com\/is\/wp-json\/wp\/v2\/media?parent=8148"}],"curies":[{"name":"wp","href":"https:\/\/api.w.org\/{rel}","templated":true}]}}