{"id":8155,"date":"2022-05-05T07:11:27","date_gmt":"2022-05-05T02:11:27","guid":{"rendered":"https:\/\/nazakibeachhotel.com\/hogyan-juthat-el-ide\/"},"modified":"2024-08-04T16:58:04","modified_gmt":"2024-08-04T11:58:04","slug":"hogyan-juthat-el-ide","status":"publish","type":"page","link":"https:\/\/nazakibeachhotel.com\/hu\/hogyan-juthat-el-ide\/","title":{"rendered":"Hogyan juthat el ide"},"content":{"rendered":"\t\t<div data-elementor-type=\"wp-page\" data-elementor-id=\"8155\" class=\"elementor elementor-8155 elementor-125\" data-elementor-post-type=\"page\">\n\t\t\t\t\t\t<section class=\"elementor-section elementor-top-section elementor-element elementor-element-f9c7caf elementor-section-boxed elementor-section-height-default elementor-section-height-default\" data-id=\"f9c7caf\" data-element_type=\"section\" data-e-type=\"section\" data-settings=\"{&quot;jet_parallax_layout_list&quot;:[],&quot;_ob_glider_is_slider&quot;:&quot;no&quot;}\">\n\t\t\t\t\t\t<div class=\"elementor-container elementor-column-gap-default\">\n\t\t\t\t\t<div class=\"elementor-column elementor-col-100 elementor-top-column elementor-element elementor-element-1139c35\" data-id=\"1139c35\" data-element_type=\"column\" data-e-type=\"column\" data-settings=\"{&quot;_ob_column_hoveranimator&quot;:&quot;no&quot;,&quot;_ob_column_has_pseudo&quot;:&quot;no&quot;}\">\n\t\t\t<div class=\"elementor-widget-wrap elementor-element-populated\">\n\t\t\t\t\t\t<div class=\"elementor-element elementor-element-2217d79 ob-harakiri-inherit ob-has-background-overlay elementor-widget elementor-widget-heading\" data-id=\"2217d79\" data-element_type=\"widget\" data-e-type=\"widget\" data-settings=\"{&quot;_ob_use_harakiri&quot;:&quot;yes&quot;,&quot;_ob_harakiri_writing_mode&quot;:&quot;inherit&quot;,&quot;_ob_harakiri_text_clip&quot;:&quot;none&quot;,&quot;_ob_widget_stalker_use&quot;:&quot;no&quot;,&quot;_ob_poopart_use&quot;:&quot;yes&quot;,&quot;_ob_shadough_use&quot;:&quot;no&quot;,&quot;_ob_allow_hoveranimator&quot;:&quot;no&quot;}\" data-widget_type=\"heading.default\">\n\t\t\t\t<div class=\"elementor-widget-container\">\n\t\t\t\t\t<h2 class=\"elementor-heading-title elementor-size-default\"><br><br><br>Hogyan juthat el a Nazaki Beach Hotelhez<br><br><br><\/h2>\t\t\t\t<\/div>\n\t\t\t\t<\/div>\n\t\t\t\t\t<\/div>\n\t\t<\/div>\n\t\t\t\t\t<\/div>\n\t\t<\/section>\n\t\t\t\t<section class=\"elementor-section elementor-top-section elementor-element elementor-element-a66517e elementor-section-content-middle elementor-section-boxed elementor-section-height-default elementor-section-height-default\" data-id=\"a66517e\" data-element_type=\"section\" data-e-type=\"section\" data-settings=\"{&quot;jet_parallax_layout_list&quot;:[],&quot;_ob_glider_is_slider&quot;:&quot;no&quot;}\">\n\t\t\t\t\t\t<div class=\"elementor-container elementor-column-gap-default\">\n\t\t\t\t\t<div class=\"elementor-column elementor-col-50 elementor-top-column elementor-element elementor-element-881a098\" data-id=\"881a098\" data-element_type=\"column\" data-e-type=\"column\" data-settings=\"{&quot;_ob_column_hoveranimator&quot;:&quot;no&quot;,&quot;_ob_column_has_pseudo&quot;:&quot;no&quot;}\">\n\t\t\t<div class=\"elementor-widget-wrap elementor-element-populated\">\n\t\t\t\t\t\t<div class=\"elementor-element elementor-element-f853bf3 ob-harakiri-inherit ob-has-background-overlay elementor-widget elementor-widget-text-editor\" data-id=\"f853bf3\" data-element_type=\"widget\" data-e-type=\"widget\" data-settings=\"{&quot;_ob_use_harakiri&quot;:&quot;yes&quot;,&quot;_ob_harakiri_writing_mode&quot;:&quot;inherit&quot;,&quot;_ob_postman_use&quot;:&quot;no&quot;,&quot;_ob_widget_stalker_use&quot;:&quot;no&quot;,&quot;_ob_poopart_use&quot;:&quot;yes&quot;,&quot;_ob_shadough_use&quot;:&quot;no&quot;,&quot;_ob_allow_hoveranimator&quot;:&quot;no&quot;}\" data-widget_type=\"text-editor.default\">\n\t\t\t\t<div class=\"elementor-widget-container\">\n\t\t\t\t\t\t\t\t\t<p style=\"white-space: pre-wrap; border: 0px solid #d9d9e3; margin: 0px 0px 1.25em; caret-color: #374151; color: #374151; font-family: S\u00f6hne, ui-sans-serif, system-ui, -apple-system, 'Segoe UI', Roboto, Ubuntu, Cantarell, 'Noto Sans', sans-serif, 'Helvetica Neue', Arial, 'Apple Color Emoji', 'Segoe UI Emoji', 'Segoe UI Symbol', 'Noto Color Emoji';\">M\u00e1r a kezdetekt\u0151l fogva elk\u00f6telezett gondoskod\u00e1ssal fordulunk vend\u00e9geinkhez.<\/p>\n<p style=\"white-space: pre-wrap; border: 0px solid #d9d9e3; margin: 1.25em 0px; caret-color: #374151; color: #374151; font-family: S\u00f6hne, ui-sans-serif, system-ui, -apple-system, 'Segoe UI', Roboto, Ubuntu, Cantarell, 'Noto Sans', sans-serif, 'Helvetica Neue', Arial, 'Apple Color Emoji', 'Segoe UI Emoji', 'Segoe UI Symbol', 'Noto Color Emoji';\">Az els\u0151 l\u00e9p\u00e9s az, hogy a nemzetk\u00f6zi j\u00e1rat c\u00e9l\u00e1llom\u00e1sa a Mald\u00edv-szigeteki Nemzetk\u00f6zi Rep\u00fcl\u0151t\u00e9r (Velana Nemzetk\u00f6zi Rep\u00fcl\u0151t\u00e9r), amely k\u00e9nyelmesen a f\u0151v\u00e1ros, Male mellett tal\u00e1lhat\u00f3.<\/p>\n<p style=\"white-space: pre-wrap; border: 0px solid #d9d9e3; margin: 1.25em 0px; caret-color: #374151; color: #374151; font-family: S\u00f6hne, ui-sans-serif, system-ui, -apple-system, 'Segoe UI', Roboto, Ubuntu, Cantarell, 'Noto Sans', sans-serif, 'Helvetica Neue', Arial, 'Apple Color Emoji', 'Segoe UI Emoji', 'Segoe UI Symbol', 'Noto Color Emoji';\">A Mald\u00edv-szigeteki nemzetk\u00f6zi rep\u00fcl\u0151t\u00e9rre \u00e9rkez\u00e9sekor a sz\u00e1lloda figyelmes munkat\u00e1rsai a kij\u00e1ratn\u00e1l v\u00e1rj\u00e1k \u00d6nt, \u00e9s k\u00e9szek seg\u00edteni \u00d6nnek, miut\u00e1n \u00f6sszeszedte csomagjait \u00e9s elhagyta az \u00e9rkez\u00e9si ter\u00fcletet.<\/p>\n<p style=\"white-space: pre-wrap; border: 0px solid #d9d9e3; margin: 1.25em 0px; caret-color: #374151; color: #374151; font-family: S\u00f6hne, ui-sans-serif, system-ui, -apple-system, 'Segoe UI', Roboto, Ubuntu, Cantarell, 'Noto Sans', sans-serif, 'Helvetica Neue', Arial, 'Apple Color Emoji', 'Segoe UI Emoji', 'Segoe UI Symbol', 'Noto Color Emoji';\">Ezt k\u00f6vet\u0151en munkat\u00e1rsaink elk\u00eds\u00e9rik \u00d6nt a sz\u00e1llodai transzfer termin\u00e1lhoz, ahol felsz\u00e1llhat a Kadhdhoo (KDO) szigetre tart\u00f3 csatlakoz\u00f3 j\u00e1ratra, ahol a sz\u00e1llod\u00e1nk tal\u00e1lhat\u00f3.<\/p>\n<p style=\"white-space: pre-wrap; border: 0px solid #d9d9e3; margin: 1.25em 0px; caret-color: #374151; color: #374151; font-family: S\u00f6hne, ui-sans-serif, system-ui, -apple-system, 'Segoe UI', Roboto, Ubuntu, Cantarell, 'Noto Sans', sans-serif, 'Helvetica Neue', Arial, 'Apple Color Emoji', 'Segoe UI Emoji', 'Segoe UI Symbol', 'Noto Color Emoji';\">Az \u00e1ltalunk kiv\u00e1lasztott transzferj\u00e1rat-\u00fczemeltet\u0151 a<a style=\"border: 0px solid #d9d9e3; --tw-border-spacing-x: 0; --tw-border-spacing-y: 0; --tw-translate-x: 0; --tw-translate-y: 0; --tw-rotate: 0; --tw-skew-x: 0; --tw-skew-y: 0; --tw-scale-x: 1; --tw-scale-y: 1; --tw-scroll-snap-strictness: proximity; --tw-ring-offset-width: 0px; --tw-ring-offset-color: #fff; --tw-ring-color: rgba(69,89,164,0.5); --tw-ring-offset-shadow: 0 0 transparent; --tw-ring-shadow: 0 0 transparent; --tw-shadow: 0 0 transparent; --tw-shadow-colored: 0 0 transparent; color: #2964aa; text-decoration: none; --tw-text-opacity: 1;\" href=\"http:\/\/www.maldivian.aero\/\" target=\"_new\">(www.maldivian.aero)<\/a>. Megszervezz\u00fck a transzfert, amint minden sz\u00fcks\u00e9ges inform\u00e1ci\u00f3t megkapunk \u00d6nt\u0151l.  <\/p>\n<p style=\"white-space: pre-wrap; border: 0px solid #d9d9e3; margin: 1.25em 0px; caret-color: #374151; color: #374151; font-family: S\u00f6hne, ui-sans-serif, system-ui, -apple-system, 'Segoe UI', Roboto, Ubuntu, Cantarell, 'Noto Sans', sans-serif, 'Helvetica Neue', Arial, 'Apple Color Emoji', 'Segoe UI Emoji', 'Segoe UI Symbol', 'Noto Color Emoji';\"><span style=\"text-decoration: underline;\"><strong>Mald\u00edv-szigeteki nemzetk\u00f6zi rep\u00fcl\u0151t\u00e9r \u2192 Kadhdhoo (KDO), Laamu Atoll<\/strong><\/span><\/p>\n<p style=\"white-space: pre-wrap; border: 0px solid #d9d9e3; margin: 1.25em 0px 0px; caret-color: #374151; color: #374151; font-family: S\u00f6hne, ui-sans-serif, system-ui, -apple-system, 'Segoe UI', Roboto, Ubuntu, Cantarell, 'Noto Sans', sans-serif, 'Helvetica Neue', Arial, 'Apple Color Emoji', 'Segoe UI Emoji', 'Segoe UI Symbol', 'Noto Color Emoji';\">Fontos megjegyezni, hogy ha a Mald\u00edv-szigetekre tart\u00f3 nemzetk\u00f6zi j\u00e1rata az utols\u00f3 pillanatban k\u00e9sik, egyszer\u0171en t\u00e1j\u00e9koztathat minket a m\u00f3dos\u00edtott indul\u00e1si id\u0151pontr\u00f3l WhatsAppon vagy Viberen kereszt\u00fcl. Ezut\u00e1n megtessz\u00fck a sz\u00fcks\u00e9ges int\u00e9zked\u00e9seket, hogy \u00e1t\u00fctemezz\u00fck a transzferj\u00e1rat\u00e1t, biztos\u00edtva, hogy az \u00f6sszhangban legyen a Mald\u00edv-szigetekre val\u00f3 friss\u00edtett \u00e9rkez\u00e9si id\u0151vel. Az \u00d6n k\u00e9nyelme \u00e9s komfortja a legfontosabb priorit\u00e1sunk.<\/p>\t\t\t\t\t\t\t\t<\/div>\n\t\t\t\t<\/div>\n\t\t\t\t\t<\/div>\n\t\t<\/div>\n\t\t\t\t<div class=\"elementor-column elementor-col-50 elementor-top-column elementor-element elementor-element-45d7ead\" data-id=\"45d7ead\" data-element_type=\"column\" data-e-type=\"column\" data-settings=\"{&quot;_ob_column_hoveranimator&quot;:&quot;no&quot;,&quot;_ob_column_has_pseudo&quot;:&quot;no&quot;}\">\n\t\t\t<div class=\"elementor-widget-wrap elementor-element-populated\">\n\t\t\t\t\t\t<div class=\"elementor-element elementor-element-fc3f57f ob-has-background-overlay elementor-widget elementor-widget-image\" data-id=\"fc3f57f\" data-element_type=\"widget\" data-e-type=\"widget\" data-settings=\"{&quot;_ob_photomorph_use&quot;:&quot;no&quot;,&quot;_ob_widget_stalker_use&quot;:&quot;no&quot;,&quot;_ob_poopart_use&quot;:&quot;yes&quot;,&quot;_ob_shadough_use&quot;:&quot;no&quot;,&quot;_ob_allow_hoveranimator&quot;:&quot;no&quot;}\" data-widget_type=\"image.default\">\n\t\t\t\t<div class=\"elementor-widget-container\">\n\t\t\t\t\t\t\t\t\t\t\t\t\t\t\t<img fetchpriority=\"high\" decoding=\"async\" width=\"528\" height=\"533\" src=\"https:\/\/nazakibeachhotel.com\/wp-content\/uploads\/2022\/05\/How-to-get-to-Nazaki-Hotel-.jpg.webp\" class=\"attachment-large size-large wp-image-1994\" alt=\"\" srcset=\"https:\/\/nazakibeachhotel.com\/wp-content\/uploads\/2022\/05\/How-to-get-to-Nazaki-Hotel-.jpg.webp 528w, https:\/\/nazakibeachhotel.com\/wp-content\/uploads\/2022\/05\/How-to-get-to-Nazaki-Hotel-.jpg-297x300.webp 297w, https:\/\/nazakibeachhotel.com\/wp-content\/uploads\/2022\/05\/How-to-get-to-Nazaki-Hotel-.jpg-150x150.webp 150w\" sizes=\"(max-width: 528px) 100vw, 528px\" \/>\t\t\t\t\t\t\t\t\t\t\t\t\t\t\t<\/div>\n\t\t\t\t<\/div>\n\t\t\t\t\t<\/div>\n\t\t<\/div>\n\t\t\t\t\t<\/div>\n\t\t<\/section>\n\t\t\t\t<section class=\"elementor-section elementor-top-section elementor-element elementor-element-d4eb8b4 elementor-section-boxed elementor-section-height-default elementor-section-height-default\" data-id=\"d4eb8b4\" data-element_type=\"section\" data-e-type=\"section\" data-settings=\"{&quot;jet_parallax_layout_list&quot;:[],&quot;_ob_glider_is_slider&quot;:&quot;no&quot;}\">\n\t\t\t\t\t\t<div class=\"elementor-container elementor-column-gap-default\">\n\t\t\t\t\t<div class=\"elementor-column elementor-col-100 elementor-top-column elementor-element elementor-element-f9fdecc\" data-id=\"f9fdecc\" data-element_type=\"column\" data-e-type=\"column\" data-settings=\"{&quot;_ob_column_hoveranimator&quot;:&quot;no&quot;,&quot;_ob_column_has_pseudo&quot;:&quot;no&quot;}\">\n\t\t\t<div class=\"elementor-widget-wrap elementor-element-populated\">\n\t\t\t\t\t\t<div class=\"elementor-element elementor-element-74ce0d4 ob-harakiri-inherit ob-has-background-overlay elementor-widget elementor-widget-text-editor\" data-id=\"74ce0d4\" data-element_type=\"widget\" data-e-type=\"widget\" data-settings=\"{&quot;_ob_use_harakiri&quot;:&quot;yes&quot;,&quot;_ob_harakiri_writing_mode&quot;:&quot;inherit&quot;,&quot;_ob_postman_use&quot;:&quot;no&quot;,&quot;_ob_widget_stalker_use&quot;:&quot;no&quot;,&quot;_ob_poopart_use&quot;:&quot;yes&quot;,&quot;_ob_shadough_use&quot;:&quot;no&quot;,&quot;_ob_allow_hoveranimator&quot;:&quot;no&quot;}\" data-widget_type=\"text-editor.default\">\n\t\t\t\t<div class=\"elementor-widget-container\">\n\t\t\t\t\t\t\t\t\t<p><u><b>Amint a transzferj\u00e1rat meg\u00e9rkezik Kadhdhoo-ba (KDO)<\/b><\/u><\/p>\n<p>Figyelmes szem\u00e9lyzet\u00fcnk k\u00e9szenl\u00e9tben \u00e1ll, hogy \u00fcdv\u00f6z\u00f6lje \u00d6nt, amikor meg\u00e9rkezik a rep\u00fcl\u0151t\u00e9rre. Sz\u00e1llod\u00e1nk j\u00e1rm\u0171ve k\u00e9szenl\u00e9tben \u00e1ll, hogy k\u00f6zvetlen\u00fcl a sz\u00e1ll\u00e1shely\u00fcnkre sz\u00e1ll\u00edtsa \u00d6nt. \u00c9rdemes megjegyezni, hogy ha rajtunk kereszt\u00fcl szervezi meg a transzfer j\u00e1rat\u00e1t, akkor ezt a j\u00e1rm\u0171transzfert tov\u00e1bbi k\u00f6lts\u00e9g n\u00e9lk\u00fcl biztos\u00edtjuk \u00d6nnek.&nbsp;<\/p>\n<p><\/p>\n<p>A sz\u00e1llod\u00e1nkba val\u00f3 meg\u00e9rkez\u00e9sekor sz\u00edv\u00e9lyesen \u00fcdv\u00f6z\u00f6lj\u00fck \u00d6nt. Vend\u00e9gszeretet\u00fcnk r\u00e9szek\u00e9nt egy ingyenes, friss\u00edt\u0151 itallal kedvesked\u00fcnk \u00d6nnek, mik\u00f6zben hat\u00e9konyan feldolgozzuk a sz\u00e1llodai bejelentkez\u00e9st, \u00edgy biztos\u00edtva a z\u00f6kken\u0151mentes \u00e9s \u00e9lvezetes kezd\u00e9s\u00e9t az itt tart\u00f3zkod\u00e1s\u00e1nak.<\/p>\t\t\t\t\t\t\t\t<\/div>\n\t\t\t\t<\/div>\n\t\t\t\t\t<\/div>\n\t\t<\/div>\n\t\t\t\t\t<\/div>\n\t\t<\/section>\n\t\t\t\t<\/div>\n\t\t","protected":false},"excerpt":{"rendered":"<p>Hogyan juthat el a Nazaki Beach Hotelhez M\u00e1r a kezdetekt\u0151l fogva elk\u00f6telezett gondoskod\u00e1ssal fordulunk vend\u00e9geinkhez. Az els\u0151 l\u00e9p\u00e9s az, hogy a nemzetk\u00f6zi j\u00e1rat c\u00e9l\u00e1llom\u00e1sa a Mald\u00edv-szigeteki Nemzetk\u00f6zi Rep\u00fcl\u0151t\u00e9r (Velana Nemzetk\u00f6zi Rep\u00fcl\u0151t\u00e9r), amely k\u00e9nyelmesen a f\u0151v\u00e1ros, Male mellett tal\u00e1lhat\u00f3. A Mald\u00edv-szigeteki nemzetk\u00f6zi rep\u00fcl\u0151t\u00e9rre \u00e9rkez\u00e9sekor a sz\u00e1lloda figyelmes munkat\u00e1rsai a kij\u00e1ratn\u00e1l v\u00e1rj\u00e1k \u00d6nt, \u00e9s k\u00e9szek seg\u00edteni \u00d6nnek, [&hellip;]<\/p>\n","protected":false},"author":4,"featured_media":0,"parent":0,"menu_order":0,"comment_status":"closed","ping_status":"closed","template":"elementor_header_footer","meta":{"om_disable_all_campaigns":false,"_monsterinsights_skip_tracking":false,"_monsterinsights_sitenote_active":false,"_monsterinsights_sitenote_note":"","_monsterinsights_sitenote_category":0,"_uf_show_specific_survey":0,"_uf_disable_surveys":false,"footnotes":""},"class_list":["post-8155","page","type-page","status-publish","hentry"],"aioseo_notices":[],"_links":{"self":[{"href":"https:\/\/nazakibeachhotel.com\/hu\/wp-json\/wp\/v2\/pages\/8155","targetHints":{"allow":["GET"]}}],"collection":[{"href":"https:\/\/nazakibeachhotel.com\/hu\/wp-json\/wp\/v2\/pages"}],"about":[{"href":"https:\/\/nazakibeachhotel.com\/hu\/wp-json\/wp\/v2\/types\/page"}],"author":[{"embeddable":true,"href":"https:\/\/nazakibeachhotel.com\/hu\/wp-json\/wp\/v2\/users\/4"}],"replies":[{"embeddable":true,"href":"https:\/\/nazakibeachhotel.com\/hu\/wp-json\/wp\/v2\/comments?post=8155"}],"version-history":[{"count":1,"href":"https:\/\/nazakibeachhotel.com\/hu\/wp-json\/wp\/v2\/pages\/8155\/revisions"}],"predecessor-version":[{"id":8156,"href":"https:\/\/nazakibeachhotel.com\/hu\/wp-json\/wp\/v2\/pages\/8155\/revisions\/8156"}],"wp:attachment":[{"href":"https:\/\/nazakibeachhotel.com\/hu\/wp-json\/wp\/v2\/media?parent=8155"}],"curies":[{"name":"wp","href":"https:\/\/api.w.org\/{rel}","templated":true}]}}