{"id":8139,"date":"2022-05-05T07:11:27","date_gmt":"2022-05-05T02:11:27","guid":{"rendered":"https:\/\/nazakibeachhotel.com\/comment-venir-ici\/"},"modified":"2024-08-04T16:58:04","modified_gmt":"2024-08-04T11:58:04","slug":"comment-venir-ici","status":"publish","type":"page","link":"https:\/\/nazakibeachhotel.com\/fr\/comment-venir-ici\/","title":{"rendered":"Comment venir ici"},"content":{"rendered":"\t\t<div data-elementor-type=\"wp-page\" data-elementor-id=\"8139\" class=\"elementor elementor-8139 elementor-125\" data-elementor-post-type=\"page\">\n\t\t\t\t\t\t<section class=\"elementor-section elementor-top-section elementor-element elementor-element-f9c7caf elementor-section-boxed elementor-section-height-default elementor-section-height-default\" data-id=\"f9c7caf\" data-element_type=\"section\" data-e-type=\"section\" data-settings=\"{&quot;jet_parallax_layout_list&quot;:[],&quot;_ob_glider_is_slider&quot;:&quot;no&quot;}\">\n\t\t\t\t\t\t<div class=\"elementor-container elementor-column-gap-default\">\n\t\t\t\t\t<div class=\"elementor-column elementor-col-100 elementor-top-column elementor-element elementor-element-1139c35\" data-id=\"1139c35\" data-element_type=\"column\" data-e-type=\"column\" data-settings=\"{&quot;_ob_column_hoveranimator&quot;:&quot;no&quot;,&quot;_ob_column_has_pseudo&quot;:&quot;no&quot;}\">\n\t\t\t<div class=\"elementor-widget-wrap elementor-element-populated\">\n\t\t\t\t\t\t<div class=\"elementor-element elementor-element-2217d79 ob-harakiri-inherit ob-has-background-overlay elementor-widget elementor-widget-heading\" data-id=\"2217d79\" data-element_type=\"widget\" data-e-type=\"widget\" data-settings=\"{&quot;_ob_use_harakiri&quot;:&quot;yes&quot;,&quot;_ob_harakiri_writing_mode&quot;:&quot;inherit&quot;,&quot;_ob_harakiri_text_clip&quot;:&quot;none&quot;,&quot;_ob_widget_stalker_use&quot;:&quot;no&quot;,&quot;_ob_poopart_use&quot;:&quot;yes&quot;,&quot;_ob_shadough_use&quot;:&quot;no&quot;,&quot;_ob_allow_hoveranimator&quot;:&quot;no&quot;}\" data-widget_type=\"heading.default\">\n\t\t\t\t<div class=\"elementor-widget-container\">\n\t\t\t\t\t<h2 class=\"elementor-heading-title elementor-size-default\"><br><br><br>Comment se rendre au Nazaki Beach Hotel<br><br><br><\/h2>\t\t\t\t<\/div>\n\t\t\t\t<\/div>\n\t\t\t\t\t<\/div>\n\t\t<\/div>\n\t\t\t\t\t<\/div>\n\t\t<\/section>\n\t\t\t\t<section class=\"elementor-section elementor-top-section elementor-element elementor-element-a66517e elementor-section-content-middle elementor-section-boxed elementor-section-height-default elementor-section-height-default\" data-id=\"a66517e\" data-element_type=\"section\" data-e-type=\"section\" data-settings=\"{&quot;jet_parallax_layout_list&quot;:[],&quot;_ob_glider_is_slider&quot;:&quot;no&quot;}\">\n\t\t\t\t\t\t<div class=\"elementor-container elementor-column-gap-default\">\n\t\t\t\t\t<div class=\"elementor-column elementor-col-50 elementor-top-column elementor-element elementor-element-881a098\" data-id=\"881a098\" data-element_type=\"column\" data-e-type=\"column\" data-settings=\"{&quot;_ob_column_hoveranimator&quot;:&quot;no&quot;,&quot;_ob_column_has_pseudo&quot;:&quot;no&quot;}\">\n\t\t\t<div class=\"elementor-widget-wrap elementor-element-populated\">\n\t\t\t\t\t\t<div class=\"elementor-element elementor-element-f853bf3 ob-harakiri-inherit ob-has-background-overlay elementor-widget elementor-widget-text-editor\" data-id=\"f853bf3\" data-element_type=\"widget\" data-e-type=\"widget\" data-settings=\"{&quot;_ob_use_harakiri&quot;:&quot;yes&quot;,&quot;_ob_harakiri_writing_mode&quot;:&quot;inherit&quot;,&quot;_ob_postman_use&quot;:&quot;no&quot;,&quot;_ob_widget_stalker_use&quot;:&quot;no&quot;,&quot;_ob_poopart_use&quot;:&quot;yes&quot;,&quot;_ob_shadough_use&quot;:&quot;no&quot;,&quot;_ob_allow_hoveranimator&quot;:&quot;no&quot;}\" data-widget_type=\"text-editor.default\">\n\t\t\t\t<div class=\"elementor-widget-container\">\n\t\t\t\t\t\t\t\t\t<p style=\"white-space: pre-wrap; border: 0px solid #d9d9e3; margin: 0px 0px 1.25em; caret-color: #374151; color: #374151; font-family: S\u00f6hne, ui-sans-serif, system-ui, -apple-system, 'Segoe UI', Roboto, Ubuntu, Cantarell, 'Noto Sans', sans-serif, 'Helvetica Neue', Arial, 'Apple Color Emoji', 'Segoe UI Emoji', 'Segoe UI Symbol', 'Noto Color Emoji';\">Nous prenons soin de nos h\u00f4tes d\u00e8s le d\u00e9but de leur s\u00e9jour.<\/p>\n<p style=\"white-space: pre-wrap; border: 0px solid #d9d9e3; margin: 1.25em 0px; caret-color: #374151; color: #374151; font-family: S\u00f6hne, ui-sans-serif, system-ui, -apple-system, 'Segoe UI', Roboto, Ubuntu, Cantarell, 'Noto Sans', sans-serif, 'Helvetica Neue', Arial, 'Apple Color Emoji', 'Segoe UI Emoji', 'Segoe UI Symbol', 'Noto Color Emoji';\">La premi\u00e8re chose \u00e0 faire est de vous assurer que votre vol international est bien \u00e0 destination de l&rsquo;a\u00e9roport international des Maldives (Velana International Airport), id\u00e9alement situ\u00e9 \u00e0 c\u00f4t\u00e9 de la capitale, Mal\u00e9.<\/p>\n<p style=\"white-space: pre-wrap; border: 0px solid #d9d9e3; margin: 1.25em 0px; caret-color: #374151; color: #374151; font-family: S\u00f6hne, ui-sans-serif, system-ui, -apple-system, 'Segoe UI', Roboto, Ubuntu, Cantarell, 'Noto Sans', sans-serif, 'Helvetica Neue', Arial, 'Apple Color Emoji', 'Segoe UI Emoji', 'Segoe UI Symbol', 'Noto Color Emoji';\">\u00c0 votre arriv\u00e9e \u00e0 l&rsquo;a\u00e9roport international des Maldives, le personnel attentif de l&rsquo;h\u00f4tel vous attendra \u00e0 la sortie, pr\u00eat \u00e0 vous aider une fois que vous aurez r\u00e9cup\u00e9r\u00e9 vos bagages et quitt\u00e9 la zone d&rsquo;arriv\u00e9e.<\/p>\n<p style=\"white-space: pre-wrap; border: 0px solid #d9d9e3; margin: 1.25em 0px; caret-color: #374151; color: #374151; font-family: S\u00f6hne, ui-sans-serif, system-ui, -apple-system, 'Segoe UI', Roboto, Ubuntu, Cantarell, 'Noto Sans', sans-serif, 'Helvetica Neue', Arial, 'Apple Color Emoji', 'Segoe UI Emoji', 'Segoe UI Symbol', 'Noto Color Emoji';\">Ensuite, notre personnel vous accompagnera au terminal de transfert de l&rsquo;h\u00f4tel, o\u00f9 vous prendrez votre vol de correspondance pour Kadhdhoo (KDO), l&rsquo;\u00eele o\u00f9 se trouve notre h\u00f4tel.<\/p>\n<p style=\"white-space: pre-wrap; border: 0px solid #d9d9e3; margin: 1.25em 0px; caret-color: #374151; color: #374151; font-family: S\u00f6hne, ui-sans-serif, system-ui, -apple-system, 'Segoe UI', Roboto, Ubuntu, Cantarell, 'Noto Sans', sans-serif, 'Helvetica Neue', Arial, 'Apple Color Emoji', 'Segoe UI Emoji', 'Segoe UI Symbol', 'Noto Color Emoji';\">L&rsquo;op\u00e9rateur de vol de transfert que nous avons choisi est<a style=\"border: 0px solid #d9d9e3; --tw-border-spacing-x: 0; --tw-border-spacing-y: 0; --tw-translate-x: 0; --tw-translate-y: 0; --tw-rotate: 0; --tw-skew-x: 0; --tw-skew-y: 0; --tw-scale-x: 1; --tw-scale-y: 1; --tw-scroll-snap-strictness: proximity; --tw-ring-offset-width: 0px; --tw-ring-offset-color: #fff; --tw-ring-color: rgba(69,89,164,0.5); --tw-ring-offset-shadow: 0 0 transparent; --tw-ring-shadow: 0 0 transparent; --tw-shadow: 0 0 transparent; --tw-shadow-colored: 0 0 transparent; color: #2964aa; text-decoration: none; --tw-text-opacity: 1;\" href=\"http:\/\/www.maldivian.aero\/\" target=\"_new\">(www.maldivian.aero)<\/a>. Nous organiserons votre transfert d\u00e8s que nous aurons re\u00e7u toutes les informations n\u00e9cessaires de votre part.  <\/p>\n<p style=\"white-space: pre-wrap; border: 0px solid #d9d9e3; margin: 1.25em 0px; caret-color: #374151; color: #374151; font-family: S\u00f6hne, ui-sans-serif, system-ui, -apple-system, 'Segoe UI', Roboto, Ubuntu, Cantarell, 'Noto Sans', sans-serif, 'Helvetica Neue', Arial, 'Apple Color Emoji', 'Segoe UI Emoji', 'Segoe UI Symbol', 'Noto Color Emoji';\"><span style=\"text-decoration: underline;\"><strong>A\u00e9roport international des Maldives \u2192 Kadhdhoo (KDO), Laamu Atoll<\/strong><\/span><\/p>\n<p style=\"white-space: pre-wrap; border: 0px solid #d9d9e3; margin: 1.25em 0px 0px; caret-color: #374151; color: #374151; font-family: S\u00f6hne, ui-sans-serif, system-ui, -apple-system, 'Segoe UI', Roboto, Ubuntu, Cantarell, 'Noto Sans', sans-serif, 'Helvetica Neue', Arial, 'Apple Color Emoji', 'Segoe UI Emoji', 'Segoe UI Symbol', 'Noto Color Emoji';\">Il est important de noter que si votre vol international \u00e0 destination des Maldives subit un retard de derni\u00e8re minute, vous pouvez simplement nous informer de votre nouvelle heure de d\u00e9part via WhatsApp ou Viber. Nous prendrons alors les dispositions n\u00e9cessaires pour reprogrammer votre vol de transfert, en veillant \u00e0 ce qu&rsquo;il corresponde \u00e0 votre heure d&rsquo;arriv\u00e9e actualis\u00e9e aux Maldives. Votre confort et votre commodit\u00e9 sont nos principales priorit\u00e9s.<\/p>\t\t\t\t\t\t\t\t<\/div>\n\t\t\t\t<\/div>\n\t\t\t\t\t<\/div>\n\t\t<\/div>\n\t\t\t\t<div class=\"elementor-column elementor-col-50 elementor-top-column elementor-element elementor-element-45d7ead\" data-id=\"45d7ead\" data-element_type=\"column\" data-e-type=\"column\" data-settings=\"{&quot;_ob_column_hoveranimator&quot;:&quot;no&quot;,&quot;_ob_column_has_pseudo&quot;:&quot;no&quot;}\">\n\t\t\t<div class=\"elementor-widget-wrap elementor-element-populated\">\n\t\t\t\t\t\t<div class=\"elementor-element elementor-element-fc3f57f ob-has-background-overlay elementor-widget elementor-widget-image\" data-id=\"fc3f57f\" data-element_type=\"widget\" data-e-type=\"widget\" data-settings=\"{&quot;_ob_photomorph_use&quot;:&quot;no&quot;,&quot;_ob_widget_stalker_use&quot;:&quot;no&quot;,&quot;_ob_poopart_use&quot;:&quot;yes&quot;,&quot;_ob_shadough_use&quot;:&quot;no&quot;,&quot;_ob_allow_hoveranimator&quot;:&quot;no&quot;}\" data-widget_type=\"image.default\">\n\t\t\t\t<div class=\"elementor-widget-container\">\n\t\t\t\t\t\t\t\t\t\t\t\t\t\t\t<img fetchpriority=\"high\" decoding=\"async\" width=\"528\" height=\"533\" src=\"https:\/\/nazakibeachhotel.com\/wp-content\/uploads\/2022\/05\/How-to-get-to-Nazaki-Hotel-.jpg.webp\" class=\"attachment-large size-large wp-image-1992\" alt=\"\" srcset=\"https:\/\/nazakibeachhotel.com\/wp-content\/uploads\/2022\/05\/How-to-get-to-Nazaki-Hotel-.jpg.webp 528w, https:\/\/nazakibeachhotel.com\/wp-content\/uploads\/2022\/05\/How-to-get-to-Nazaki-Hotel-.jpg-297x300.webp 297w, https:\/\/nazakibeachhotel.com\/wp-content\/uploads\/2022\/05\/How-to-get-to-Nazaki-Hotel-.jpg-150x150.webp 150w\" sizes=\"(max-width: 528px) 100vw, 528px\" \/>\t\t\t\t\t\t\t\t\t\t\t\t\t\t\t<\/div>\n\t\t\t\t<\/div>\n\t\t\t\t\t<\/div>\n\t\t<\/div>\n\t\t\t\t\t<\/div>\n\t\t<\/section>\n\t\t\t\t<section class=\"elementor-section elementor-top-section elementor-element elementor-element-d4eb8b4 elementor-section-boxed elementor-section-height-default elementor-section-height-default\" data-id=\"d4eb8b4\" data-element_type=\"section\" data-e-type=\"section\" data-settings=\"{&quot;jet_parallax_layout_list&quot;:[],&quot;_ob_glider_is_slider&quot;:&quot;no&quot;}\">\n\t\t\t\t\t\t<div class=\"elementor-container elementor-column-gap-default\">\n\t\t\t\t\t<div class=\"elementor-column elementor-col-100 elementor-top-column elementor-element elementor-element-f9fdecc\" data-id=\"f9fdecc\" data-element_type=\"column\" data-e-type=\"column\" data-settings=\"{&quot;_ob_column_hoveranimator&quot;:&quot;no&quot;,&quot;_ob_column_has_pseudo&quot;:&quot;no&quot;}\">\n\t\t\t<div class=\"elementor-widget-wrap elementor-element-populated\">\n\t\t\t\t\t\t<div class=\"elementor-element elementor-element-74ce0d4 ob-harakiri-inherit ob-has-background-overlay elementor-widget elementor-widget-text-editor\" data-id=\"74ce0d4\" data-element_type=\"widget\" data-e-type=\"widget\" data-settings=\"{&quot;_ob_use_harakiri&quot;:&quot;yes&quot;,&quot;_ob_harakiri_writing_mode&quot;:&quot;inherit&quot;,&quot;_ob_postman_use&quot;:&quot;no&quot;,&quot;_ob_widget_stalker_use&quot;:&quot;no&quot;,&quot;_ob_poopart_use&quot;:&quot;yes&quot;,&quot;_ob_shadough_use&quot;:&quot;no&quot;,&quot;_ob_allow_hoveranimator&quot;:&quot;no&quot;}\" data-widget_type=\"text-editor.default\">\n\t\t\t\t<div class=\"elementor-widget-container\">\n\t\t\t\t\t\t\t\t\t<p><u><b>Une fois votre vol de transfert arriv\u00e9 \u00e0 Kadhdhoo (KDO)<\/b><\/u><\/p>\n<p>Notre personnel attentif sera pr\u00eat \u00e0 vous accueillir \u00e0 votre arriv\u00e9e \u00e0 l&rsquo;a\u00e9roport. Le v\u00e9hicule de l&rsquo;h\u00f4tel sera \u00e0 votre disposition pour vous transporter directement \u00e0 notre \u00e9tablissement. Il convient de noter que si vous avez organis\u00e9 votre vol de transfert par notre interm\u00e9diaire, ce transfert en v\u00e9hicule vous est fourni sans frais suppl\u00e9mentaires.&nbsp;<\/p>\n<p><\/p>\n<p>D\u00e8s votre arriv\u00e9e \u00e0 l&rsquo;h\u00f4tel, nous vous accueillons chaleureusement. Dans le cadre de notre hospitalit\u00e9, vous recevrez gratuitement une boisson rafra\u00eechissante pendant que nous proc\u00e9dons efficacement \u00e0 votre enregistrement \u00e0 l&rsquo;h\u00f4tel, afin de vous garantir un d\u00e9but de s\u00e9jour agr\u00e9able et sans encombre.<\/p>\t\t\t\t\t\t\t\t<\/div>\n\t\t\t\t<\/div>\n\t\t\t\t\t<\/div>\n\t\t<\/div>\n\t\t\t\t\t<\/div>\n\t\t<\/section>\n\t\t\t\t<\/div>\n\t\t","protected":false},"excerpt":{"rendered":"<p>Comment se rendre au Nazaki Beach Hotel Nous prenons soin de nos h\u00f4tes d\u00e8s le d\u00e9but de leur s\u00e9jour. La premi\u00e8re chose \u00e0 faire est de vous assurer que votre vol international est bien \u00e0 destination de l&rsquo;a\u00e9roport international des Maldives (Velana International Airport), id\u00e9alement situ\u00e9 \u00e0 c\u00f4t\u00e9 de la capitale, Mal\u00e9. \u00c0 votre arriv\u00e9e [&hellip;]<\/p>\n","protected":false},"author":4,"featured_media":0,"parent":0,"menu_order":0,"comment_status":"closed","ping_status":"closed","template":"elementor_header_footer","meta":{"om_disable_all_campaigns":false,"_monsterinsights_skip_tracking":false,"_monsterinsights_sitenote_active":false,"_monsterinsights_sitenote_note":"","_monsterinsights_sitenote_category":0,"_uf_show_specific_survey":0,"_uf_disable_surveys":false,"footnotes":""},"class_list":["post-8139","page","type-page","status-publish","hentry"],"aioseo_notices":[],"_links":{"self":[{"href":"https:\/\/nazakibeachhotel.com\/fr\/wp-json\/wp\/v2\/pages\/8139","targetHints":{"allow":["GET"]}}],"collection":[{"href":"https:\/\/nazakibeachhotel.com\/fr\/wp-json\/wp\/v2\/pages"}],"about":[{"href":"https:\/\/nazakibeachhotel.com\/fr\/wp-json\/wp\/v2\/types\/page"}],"author":[{"embeddable":true,"href":"https:\/\/nazakibeachhotel.com\/fr\/wp-json\/wp\/v2\/users\/4"}],"replies":[{"embeddable":true,"href":"https:\/\/nazakibeachhotel.com\/fr\/wp-json\/wp\/v2\/comments?post=8139"}],"version-history":[{"count":2,"href":"https:\/\/nazakibeachhotel.com\/fr\/wp-json\/wp\/v2\/pages\/8139\/revisions"}],"predecessor-version":[{"id":8146,"href":"https:\/\/nazakibeachhotel.com\/fr\/wp-json\/wp\/v2\/pages\/8139\/revisions\/8146"}],"wp:attachment":[{"href":"https:\/\/nazakibeachhotel.com\/fr\/wp-json\/wp\/v2\/media?parent=8139"}],"curies":[{"name":"wp","href":"https:\/\/api.w.org\/{rel}","templated":true}]}}