{"id":7972,"date":"2022-05-05T06:06:35","date_gmt":"2022-05-05T01:06:35","guid":{"rendered":"https:\/\/nazakibeachhotel.com\/a-propos-de-nous\/"},"modified":"2024-08-04T16:56:24","modified_gmt":"2024-08-04T11:56:24","slug":"a-propos-de-nous","status":"publish","type":"page","link":"https:\/\/nazakibeachhotel.com\/fr\/a-propos-de-nous\/","title":{"rendered":"A propos de nous"},"content":{"rendered":"\t\t<div data-elementor-type=\"wp-page\" data-elementor-id=\"7972\" class=\"elementor elementor-7972 elementor-83\" data-elementor-post-type=\"page\">\n\t\t\t\t\t\t<section class=\"elementor-section elementor-top-section elementor-element elementor-element-3829d7e elementor-section-boxed elementor-section-height-default elementor-section-height-default\" data-id=\"3829d7e\" data-element_type=\"section\" data-e-type=\"section\" data-settings=\"{&quot;jet_parallax_layout_list&quot;:[],&quot;_ob_glider_is_slider&quot;:&quot;no&quot;}\">\n\t\t\t\t\t\t<div class=\"elementor-container elementor-column-gap-default\">\n\t\t\t\t\t<div class=\"elementor-column elementor-col-100 elementor-top-column elementor-element elementor-element-0f09c74\" data-id=\"0f09c74\" data-element_type=\"column\" data-e-type=\"column\" data-settings=\"{&quot;_ob_column_hoveranimator&quot;:&quot;no&quot;,&quot;_ob_column_has_pseudo&quot;:&quot;no&quot;}\">\n\t\t\t<div class=\"elementor-widget-wrap elementor-element-populated\">\n\t\t\t\t\t\t<div class=\"elementor-element elementor-element-69f36b2 ob-has-background-overlay elementor-widget elementor-widget-spacer\" data-id=\"69f36b2\" data-element_type=\"widget\" data-e-type=\"widget\" data-settings=\"{&quot;_ob_spacerat_use&quot;:&quot;no&quot;,&quot;_ob_widget_stalker_use&quot;:&quot;no&quot;,&quot;_ob_poopart_use&quot;:&quot;yes&quot;,&quot;_ob_shadough_use&quot;:&quot;no&quot;,&quot;_ob_allow_hoveranimator&quot;:&quot;no&quot;}\" data-widget_type=\"spacer.default\">\n\t\t\t\t<div class=\"elementor-widget-container\">\n\t\t\t\t\t\t\t<div class=\"elementor-spacer\">\n\t\t\t<div class=\"elementor-spacer-inner\"><\/div>\n\t\t<\/div>\n\t\t\t\t\t\t<\/div>\n\t\t\t\t<\/div>\n\t\t\t\t<div class=\"elementor-element elementor-element-807d216 ob-harakiri-inherit ob-has-background-overlay elementor-widget elementor-widget-heading\" data-id=\"807d216\" data-element_type=\"widget\" data-e-type=\"widget\" data-settings=\"{&quot;_ob_use_harakiri&quot;:&quot;yes&quot;,&quot;_ob_harakiri_writing_mode&quot;:&quot;inherit&quot;,&quot;_ob_harakiri_text_clip&quot;:&quot;none&quot;,&quot;_ob_widget_stalker_use&quot;:&quot;no&quot;,&quot;_ob_poopart_use&quot;:&quot;yes&quot;,&quot;_ob_shadough_use&quot;:&quot;no&quot;,&quot;_ob_allow_hoveranimator&quot;:&quot;no&quot;}\" data-widget_type=\"heading.default\">\n\t\t\t\t<div class=\"elementor-widget-container\">\n\t\t\t\t\t<h2 class=\"elementor-heading-title elementor-size-default\">Retour \u00e0 la nature<\/h2>\t\t\t\t<\/div>\n\t\t\t\t<\/div>\n\t\t\t\t\t<\/div>\n\t\t<\/div>\n\t\t\t\t\t<\/div>\n\t\t<\/section>\n\t\t\t\t<section class=\"elementor-section elementor-top-section elementor-element elementor-element-1ac25ff elementor-section-content-middle elementor-section-boxed elementor-section-height-default elementor-section-height-default\" data-id=\"1ac25ff\" data-element_type=\"section\" data-e-type=\"section\" data-settings=\"{&quot;jet_parallax_layout_list&quot;:[],&quot;_ob_glider_is_slider&quot;:&quot;no&quot;}\">\n\t\t\t\t\t\t<div class=\"elementor-container elementor-column-gap-default\">\n\t\t\t\t\t<div class=\"elementor-column elementor-col-100 elementor-top-column elementor-element elementor-element-9ed058f\" data-id=\"9ed058f\" data-element_type=\"column\" data-e-type=\"column\" data-settings=\"{&quot;_ob_column_hoveranimator&quot;:&quot;no&quot;,&quot;_ob_column_has_pseudo&quot;:&quot;no&quot;}\">\n\t\t\t<div class=\"elementor-widget-wrap elementor-element-populated\">\n\t\t\t\t\t\t<div class=\"elementor-element elementor-element-df80ccb ob-harakiri-inherit ob-has-background-overlay elementor-widget elementor-widget-text-editor\" data-id=\"df80ccb\" data-element_type=\"widget\" data-e-type=\"widget\" data-settings=\"{&quot;_ob_use_harakiri&quot;:&quot;yes&quot;,&quot;_ob_harakiri_writing_mode&quot;:&quot;inherit&quot;,&quot;_ob_postman_use&quot;:&quot;no&quot;,&quot;_ob_widget_stalker_use&quot;:&quot;no&quot;,&quot;_ob_poopart_use&quot;:&quot;yes&quot;,&quot;_ob_shadough_use&quot;:&quot;no&quot;,&quot;_ob_allow_hoveranimator&quot;:&quot;no&quot;}\" data-widget_type=\"text-editor.default\">\n\t\t\t\t<div class=\"elementor-widget-container\">\n\t\t\t\t\t\t\t\t\t<p><span style=\"font-family: var( --e-global-typography-text-font-family ), Sans-serif; font-size: 1rem;\">D\u00e9bloquez les vacances de vos r\u00eaves aux Maldives en un seul clic<\/span><\/p>\n<p><span style=\"font-family: var( --e-global-typography-text-font-family ), Sans-serif; font-size: 1rem;\">Au Nazaki Beach Hotel, votre escapade id\u00e9ale aux Maldives vous attend. Situ\u00e9 au c\u0153ur du magnifique atoll de Laamu, aux Maldives, notre h\u00f4tel est un havre de paix id\u00e9al pour se d\u00e9tendre et passer un s\u00e9jour inoubliable. Nich\u00e9e le long de la c\u00f4te, notre vaste propri\u00e9t\u00e9 s&rsquo;\u00e9tend sur plus de 60 000 pieds carr\u00e9s, avec sa propre plage priv\u00e9e, offrant des vues \u00e0 couper le souffle sur la mer azur.<\/span><\/p>\n<p>Nos chambres douillettes sont situ\u00e9es \u00e0 quelques pas du rivage, ce qui vous permet de savourer la brise marine rafra\u00eechissante de l&rsquo;oc\u00e9an Indien. Le Nazaki Beach Hotel d\u00e9gage l&rsquo;ambiance sereine d&rsquo;un h\u00f4tel de bord de mer, promettant tranquillit\u00e9 et volupt\u00e9. Nous disposons de tous les \u00e9quipements modernes et n\u00e9cessaires pour que votre s\u00e9jour soit confortable et m\u00e9morable.<\/p>\n<p><span style=\"font-family: var( --e-global-typography-text-font-family ), Sans-serif; font-size: 1rem;\">Pour agr\u00e9menter vos vacances, l&rsquo;h\u00f4tel propose un large \u00e9ventail d&rsquo;activit\u00e9s et d&rsquo;excursions qui vous laisseront des souvenirs inoubliables.<\/span><\/p>\n\t\t\t\t\t\t\t\t<\/div>\n\t\t\t\t<\/div>\n\t\t\t\t<div class=\"elementor-element elementor-element-06c90d2 jet-woo-product-gallery__trigger--top-right ob-has-background-overlay elementor-widget elementor-widget-jet-woo-product-gallery-slider\" data-id=\"06c90d2\" data-element_type=\"widget\" data-e-type=\"widget\" data-settings=\"{&quot;_ob_widget_stalker_use&quot;:&quot;no&quot;,&quot;_ob_poopart_use&quot;:&quot;yes&quot;,&quot;_ob_shadough_use&quot;:&quot;no&quot;,&quot;_ob_allow_hoveranimator&quot;:&quot;no&quot;}\" data-widget_type=\"jet-woo-product-gallery-slider.default\">\n\t\t\t\t<div class=\"elementor-widget-container\">\n\t\t\t\t\t<div class=\"jet-woo-product-gallery\" data-gallery-settings=\"{&quot;enableGallery&quot;:true,&quot;enableZoom&quot;:false,&quot;zoomMagnify&quot;:1,&quot;caption&quot;:true,&quot;zoom&quot;:true,&quot;fullscreen&quot;:true,&quot;share&quot;:true,&quot;counter&quot;:true,&quot;arrows&quot;:true,&quot;hasVideo&quot;:false,&quot;videoType&quot;:&quot;&quot;,&quot;videoIn&quot;:&quot;content&quot;,&quot;videoAutoplay&quot;:false,&quot;videoLoop&quot;:false,&quot;videoFirst&quot;:false}\"><div class=\"jet-woo-product-gallery__content \" data-featured-image=\"\">\r\n\t<div class=\"jet-woo-swiper jet-woo-swiper-horizontal jet-gallery-swiper-horizontal-pos-bottom\">\r\n\t\t<div class=\"jet-gallery-swiper-slider\">\r\n\t\t\t<div class=\"jet-woo-product-gallery-slider jet-woo-product-gallery-slider--has-multiple swiper-container\"\r\n\t\t\t\tdata-swiper-settings=\"{&quot;autoHeight&quot;:true,&quot;centeredSlides&quot;:false,&quot;direction&quot;:&quot;horizontal&quot;,&quot;effect&quot;:&quot;slide&quot;,&quot;longSwipesRatio&quot;:0.8,&quot;showNavigation&quot;:true,&quot;showPagination&quot;:true,&quot;loop&quot;:false,&quot;paginationControllerType&quot;:&quot;bullets&quot;,&quot;paginationType&quot;:&quot;bullets&quot;,&quot;dynamicBullets&quot;:false}\" data-swiper-thumb-settings=\"[]\" dir=\"ltr\" >\r\n\t\t\t\t<div class=\"swiper-wrapper\">\r\n\t\t\t\t\t\r\n<div class=\"jet-woo-product-gallery__image-item swiper-slide\">\r\n\t<div class=\"jet-woo-product-gallery__image\">\r\n\t\t<a href=\"#\" class=\"jet-woo-product-gallery__trigger\"><span class=\"jet-woo-product-gallery__trigger-icon jet-product-gallery-icon\"><i aria-hidden=\"true\" class=\"fas fa-search\"><\/i><\/span><\/a><a class=\"jet-woo-product-gallery__image-link\" href=\"https:\/\/nazakibeachhotel.com\/wp-content\/uploads\/2022\/05\/CRM-Header-3.jpg\" itemprop=\"image\" title=\"Maldives Resort Like Nazaki Beach Hotel\" rel=\"prettyPhoto[jet-gallery]\" data-e-disable-page-transition=\"\"><img fetchpriority=\"high\" decoding=\"async\" width=\"960\" height=\"786\" src=\"https:\/\/nazakibeachhotel.com\/wp-content\/uploads\/2022\/05\/CRM-Header-3.jpg\" class=\"wp-post-gallery\" alt=\"Maldives Resort Like Nazaki Beach Hotel\" title=\"Maldives Resort Like Nazaki Beach Hotel\" data-caption=\"\" data-src=\"https:\/\/nazakibeachhotel.com\/wp-content\/uploads\/2022\/05\/CRM-Header-3.jpg\" data-large_image=\"https:\/\/nazakibeachhotel.com\/wp-content\/uploads\/2022\/05\/CRM-Header-3.jpg\" data-large_image_width=\"960\" data-large_image_height=\"786\" \/><\/a>\t<\/div>\r\n<\/div>\r\n<div class=\"jet-woo-product-gallery__image-item swiper-slide\">\r\n\t<div class=\"jet-woo-product-gallery__image\">\r\n\t\t<a href=\"#\" class=\"jet-woo-product-gallery__trigger\"><span class=\"jet-woo-product-gallery__trigger-icon jet-product-gallery-icon\"><i aria-hidden=\"true\" class=\"fas fa-search\"><\/i><\/span><\/a><a class=\"jet-woo-product-gallery__image-link\" href=\"https:\/\/nazakibeachhotel.com\/wp-content\/uploads\/2022\/05\/1610898211138-1024x683-1.jpg\" itemprop=\"image\" title=\"Maldives Resort Like Nazaki Beach Hotel\" rel=\"prettyPhoto[jet-gallery]\" data-e-disable-page-transition=\"\"><img decoding=\"async\" width=\"1024\" height=\"683\" src=\"https:\/\/nazakibeachhotel.com\/wp-content\/uploads\/2022\/05\/1610898211138-1024x683-1.jpg\" class=\"wp-post-gallery\" alt=\"Maldives Resort Like Nazaki Beach Hotel\" title=\"Maldives Resort Like Nazaki Beach Hotel\" data-caption=\"\" data-src=\"https:\/\/nazakibeachhotel.com\/wp-content\/uploads\/2022\/05\/1610898211138-1024x683-1.jpg\" data-large_image=\"https:\/\/nazakibeachhotel.com\/wp-content\/uploads\/2022\/05\/1610898211138-1024x683-1.jpg\" data-large_image_width=\"1024\" data-large_image_height=\"683\" \/><\/a>\t<\/div>\r\n<\/div>\r\n<div class=\"jet-woo-product-gallery__image-item swiper-slide\">\r\n\t<div class=\"jet-woo-product-gallery__image\">\r\n\t\t<a href=\"#\" class=\"jet-woo-product-gallery__trigger\"><span class=\"jet-woo-product-gallery__trigger-icon jet-product-gallery-icon\"><i aria-hidden=\"true\" class=\"fas fa-search\"><\/i><\/span><\/a><a class=\"jet-woo-product-gallery__image-link\" href=\"https:\/\/nazakibeachhotel.com\/wp-content\/uploads\/2022\/05\/1610898211122-1024x683-1.jpg\" itemprop=\"image\" title=\"Maldives Resort Like Nazaki Beach Hotel\" rel=\"prettyPhoto[jet-gallery]\" data-e-disable-page-transition=\"\"><img decoding=\"async\" width=\"1024\" height=\"683\" src=\"https:\/\/nazakibeachhotel.com\/wp-content\/uploads\/2022\/05\/1610898211122-1024x683-1.jpg\" class=\"wp-post-gallery\" alt=\"Maldives Resort Like Nazaki Beach Hotel\" title=\"Maldives Resort Like Nazaki Beach Hotel\" data-caption=\"\" data-src=\"https:\/\/nazakibeachhotel.com\/wp-content\/uploads\/2022\/05\/1610898211122-1024x683-1.jpg\" data-large_image=\"https:\/\/nazakibeachhotel.com\/wp-content\/uploads\/2022\/05\/1610898211122-1024x683-1.jpg\" data-large_image_width=\"1024\" data-large_image_height=\"683\" \/><\/a>\t<\/div>\r\n<\/div>\r\n<div class=\"jet-woo-product-gallery__image-item swiper-slide\">\r\n\t<div class=\"jet-woo-product-gallery__image\">\r\n\t\t<a href=\"#\" class=\"jet-woo-product-gallery__trigger\"><span class=\"jet-woo-product-gallery__trigger-icon jet-product-gallery-icon\"><i aria-hidden=\"true\" class=\"fas fa-search\"><\/i><\/span><\/a><a class=\"jet-woo-product-gallery__image-link\" href=\"https:\/\/nazakibeachhotel.com\/wp-content\/uploads\/2022\/05\/1610898211154-1024x683-1.jpg\" itemprop=\"image\" title=\"Maldives Resort Like Nazaki Beach Hotel\" rel=\"prettyPhoto[jet-gallery]\" data-e-disable-page-transition=\"\"><img loading=\"lazy\" decoding=\"async\" width=\"1024\" height=\"683\" src=\"https:\/\/nazakibeachhotel.com\/wp-content\/uploads\/2022\/05\/1610898211154-1024x683-1.jpg\" class=\"wp-post-gallery\" alt=\"Maldives Resort Like Nazaki Beach Hotel\" title=\"Maldives Resort Like Nazaki Beach Hotel\" data-caption=\"\" data-src=\"https:\/\/nazakibeachhotel.com\/wp-content\/uploads\/2022\/05\/1610898211154-1024x683-1.jpg\" data-large_image=\"https:\/\/nazakibeachhotel.com\/wp-content\/uploads\/2022\/05\/1610898211154-1024x683-1.jpg\" data-large_image_width=\"1024\" data-large_image_height=\"683\" \/><\/a>\t<\/div>\r\n<\/div>\t\t\t\t<\/div>\r\n\r\n\t\t\t\t<span class=\"jet-product-gallery-icon jet-swiper-nav jet-swiper-button-prev\"><i aria-hidden=\"true\" class=\"fas fa-angle-left\"><\/i><\/span><span class=\"jet-product-gallery-icon jet-swiper-nav jet-swiper-button-next\"><i aria-hidden=\"true\" class=\"fas fa-angle-right\"><\/i><\/span>\r\n\t\t\t\t\t\t\t\t\t\t\t\t\t\t\t<div class=\"swiper-pagination swiper-pagination-bullets\">\r\n\t\t\t\t\t\t\t<span class=\"swiper-pagination-bullet swiper-pagination-bullet-active placeholder\"><\/span>\r\n\t\t\t\t\t\t\t<span class=\"swiper-pagination-bullet placeholder\"><\/span>\r\n\t\t\t\t\t\t\t<span class=\"swiper-pagination-bullet placeholder\"><\/span>\r\n\t\t\t\t\t\t<\/div>\r\n\t\t\t\t\t\t\t\t\t\t\t\t<\/div>\r\n\t\t<\/div>\r\n\r\n\t\t\r\n\t<\/div>\r\n\r\n\t\r\n<\/div>\r\n<\/div>\t\t\t\t<\/div>\n\t\t\t\t<\/div>\n\t\t\t\t\t<\/div>\n\t\t<\/div>\n\t\t\t\t\t<\/div>\n\t\t<\/section>\n\t\t\t\t<\/div>\n\t\t","protected":false},"excerpt":{"rendered":"<p>Retour \u00e0 la nature D\u00e9bloquez les vacances de vos r\u00eaves aux Maldives en un seul clic Au Nazaki Beach Hotel, votre escapade id\u00e9ale aux Maldives vous attend. Situ\u00e9 au c\u0153ur du magnifique atoll de Laamu, aux Maldives, notre h\u00f4tel est un havre de paix id\u00e9al pour se d\u00e9tendre et passer un s\u00e9jour inoubliable. Nich\u00e9e le [&hellip;]<\/p>\n","protected":false},"author":4,"featured_media":0,"parent":0,"menu_order":0,"comment_status":"closed","ping_status":"closed","template":"elementor_header_footer","meta":{"om_disable_all_campaigns":false,"_monsterinsights_skip_tracking":false,"_monsterinsights_sitenote_active":false,"_monsterinsights_sitenote_note":"","_monsterinsights_sitenote_category":0,"_uf_show_specific_survey":0,"_uf_disable_surveys":false,"footnotes":""},"class_list":["post-7972","page","type-page","status-publish","hentry"],"aioseo_notices":[],"_links":{"self":[{"href":"https:\/\/nazakibeachhotel.com\/fr\/wp-json\/wp\/v2\/pages\/7972","targetHints":{"allow":["GET"]}}],"collection":[{"href":"https:\/\/nazakibeachhotel.com\/fr\/wp-json\/wp\/v2\/pages"}],"about":[{"href":"https:\/\/nazakibeachhotel.com\/fr\/wp-json\/wp\/v2\/types\/page"}],"author":[{"embeddable":true,"href":"https:\/\/nazakibeachhotel.com\/fr\/wp-json\/wp\/v2\/users\/4"}],"replies":[{"embeddable":true,"href":"https:\/\/nazakibeachhotel.com\/fr\/wp-json\/wp\/v2\/comments?post=7972"}],"version-history":[{"count":1,"href":"https:\/\/nazakibeachhotel.com\/fr\/wp-json\/wp\/v2\/pages\/7972\/revisions"}],"predecessor-version":[{"id":7979,"href":"https:\/\/nazakibeachhotel.com\/fr\/wp-json\/wp\/v2\/pages\/7972\/revisions\/7979"}],"wp:attachment":[{"href":"https:\/\/nazakibeachhotel.com\/fr\/wp-json\/wp\/v2\/media?parent=7972"}],"curies":[{"name":"wp","href":"https:\/\/api.w.org\/{rel}","templated":true}]}}