{"id":7987,"date":"2022-05-05T06:06:35","date_gmt":"2022-05-05T01:06:35","guid":{"rendered":"https:\/\/nazakibeachhotel.com\/tietoa-meista\/"},"modified":"2024-08-04T16:56:27","modified_gmt":"2024-08-04T11:56:27","slug":"tietoa-meista","status":"publish","type":"page","link":"https:\/\/nazakibeachhotel.com\/fi\/tietoa-meista\/","title":{"rendered":"Tietoa meist\u00e4"},"content":{"rendered":"\t\t<div data-elementor-type=\"wp-page\" data-elementor-id=\"7987\" class=\"elementor elementor-7987 elementor-83\" data-elementor-post-type=\"page\">\n\t\t\t\t\t\t<section class=\"elementor-section elementor-top-section elementor-element elementor-element-3829d7e elementor-section-boxed elementor-section-height-default elementor-section-height-default\" data-id=\"3829d7e\" data-element_type=\"section\" data-e-type=\"section\" data-settings=\"{&quot;jet_parallax_layout_list&quot;:[],&quot;_ob_glider_is_slider&quot;:&quot;no&quot;}\">\n\t\t\t\t\t\t<div class=\"elementor-container elementor-column-gap-default\">\n\t\t\t\t\t<div class=\"elementor-column elementor-col-100 elementor-top-column elementor-element elementor-element-0f09c74\" data-id=\"0f09c74\" data-element_type=\"column\" data-e-type=\"column\" data-settings=\"{&quot;_ob_column_hoveranimator&quot;:&quot;no&quot;,&quot;_ob_column_has_pseudo&quot;:&quot;no&quot;}\">\n\t\t\t<div class=\"elementor-widget-wrap elementor-element-populated\">\n\t\t\t\t\t\t<div class=\"elementor-element elementor-element-69f36b2 ob-has-background-overlay elementor-widget elementor-widget-spacer\" data-id=\"69f36b2\" data-element_type=\"widget\" data-e-type=\"widget\" data-settings=\"{&quot;_ob_spacerat_use&quot;:&quot;no&quot;,&quot;_ob_widget_stalker_use&quot;:&quot;no&quot;,&quot;_ob_poopart_use&quot;:&quot;yes&quot;,&quot;_ob_shadough_use&quot;:&quot;no&quot;,&quot;_ob_allow_hoveranimator&quot;:&quot;no&quot;}\" data-widget_type=\"spacer.default\">\n\t\t\t\t<div class=\"elementor-widget-container\">\n\t\t\t\t\t\t\t<div class=\"elementor-spacer\">\n\t\t\t<div class=\"elementor-spacer-inner\"><\/div>\n\t\t<\/div>\n\t\t\t\t\t\t<\/div>\n\t\t\t\t<\/div>\n\t\t\t\t<div class=\"elementor-element elementor-element-807d216 ob-harakiri-inherit ob-has-background-overlay elementor-widget elementor-widget-heading\" data-id=\"807d216\" data-element_type=\"widget\" data-e-type=\"widget\" data-settings=\"{&quot;_ob_use_harakiri&quot;:&quot;yes&quot;,&quot;_ob_harakiri_writing_mode&quot;:&quot;inherit&quot;,&quot;_ob_harakiri_text_clip&quot;:&quot;none&quot;,&quot;_ob_widget_stalker_use&quot;:&quot;no&quot;,&quot;_ob_poopart_use&quot;:&quot;yes&quot;,&quot;_ob_shadough_use&quot;:&quot;no&quot;,&quot;_ob_allow_hoveranimator&quot;:&quot;no&quot;}\" data-widget_type=\"heading.default\">\n\t\t\t\t<div class=\"elementor-widget-container\">\n\t\t\t\t\t<h2 class=\"elementor-heading-title elementor-size-default\">Takaisin luontoon<\/h2>\t\t\t\t<\/div>\n\t\t\t\t<\/div>\n\t\t\t\t\t<\/div>\n\t\t<\/div>\n\t\t\t\t\t<\/div>\n\t\t<\/section>\n\t\t\t\t<section class=\"elementor-section elementor-top-section elementor-element elementor-element-1ac25ff elementor-section-content-middle elementor-section-boxed elementor-section-height-default elementor-section-height-default\" data-id=\"1ac25ff\" data-element_type=\"section\" data-e-type=\"section\" data-settings=\"{&quot;jet_parallax_layout_list&quot;:[],&quot;_ob_glider_is_slider&quot;:&quot;no&quot;}\">\n\t\t\t\t\t\t<div class=\"elementor-container elementor-column-gap-default\">\n\t\t\t\t\t<div class=\"elementor-column elementor-col-100 elementor-top-column elementor-element elementor-element-9ed058f\" data-id=\"9ed058f\" data-element_type=\"column\" data-e-type=\"column\" data-settings=\"{&quot;_ob_column_hoveranimator&quot;:&quot;no&quot;,&quot;_ob_column_has_pseudo&quot;:&quot;no&quot;}\">\n\t\t\t<div class=\"elementor-widget-wrap elementor-element-populated\">\n\t\t\t\t\t\t<div class=\"elementor-element elementor-element-df80ccb ob-harakiri-inherit ob-has-background-overlay elementor-widget elementor-widget-text-editor\" data-id=\"df80ccb\" data-element_type=\"widget\" data-e-type=\"widget\" data-settings=\"{&quot;_ob_use_harakiri&quot;:&quot;yes&quot;,&quot;_ob_harakiri_writing_mode&quot;:&quot;inherit&quot;,&quot;_ob_postman_use&quot;:&quot;no&quot;,&quot;_ob_widget_stalker_use&quot;:&quot;no&quot;,&quot;_ob_poopart_use&quot;:&quot;yes&quot;,&quot;_ob_shadough_use&quot;:&quot;no&quot;,&quot;_ob_allow_hoveranimator&quot;:&quot;no&quot;}\" data-widget_type=\"text-editor.default\">\n\t\t\t\t<div class=\"elementor-widget-container\">\n\t\t\t\t\t\t\t\t\t<p><span style=\"font-family: var( --e-global-typography-text-font-family ), Sans-serif; font-size: 1rem;\">Avaa unelmiesi Malediiviloma yhdell\u00e4 klikkauksella<\/span><\/p>\n<p><span style=\"font-family: var( --e-global-typography-text-font-family ), Sans-serif; font-size: 1rem;\">Nazaki Beach Hotelissa ihanteellinen Malediivien lomasi odottaa. Malediivien upean Laamu Atollin syd\u00e4mess\u00e4 sijaitseva hotellimme tarjoaa t\u00e4ydellisen turvapaikan rentoutumiseen ja unohtumattomaan oleskeluun. Rantaviivan varrella sijaitseva laaja kiinteist\u00f6mme on yli 60 000 neli\u00f6jalkaa, ja se on koristeltu omalla yksityisell\u00e4 rannalla, josta avautuu henke\u00e4salpaavia n\u00e4kymi\u00e4 taivaansiniselle merelle.<\/span><\/p>\n<p>Viihtyis\u00e4t huoneemme ovat vain muutaman askeleen p\u00e4\u00e4ss\u00e4 rantaviivasta, joten voit nauttia Intian valtameren virkist\u00e4v\u00e4st\u00e4 merituulesta. Nazaki Beach Hotel huokuu rannalla sijaitsevan hotellin seesteist\u00e4 tunnelmaa, joka lupaa rauhaa ja nautintoa. Olemme hyvin varustettu kaikilla nykyaikaisilla mukavuuksilla ja tarpeilla, jotta vierailusi olisi mukava ja ikimuistoinen.<\/p>\n<p><span style=\"font-family: var( --e-global-typography-text-font-family ), Sans-serif; font-size: 1rem;\">Lomasi kohottamiseksi entisest\u00e4\u00e4n hotellimme tarjoaa laajan valikoiman aktiviteetteja ja retki\u00e4, jotka t\u00e4ytt\u00e4v\u00e4t lomasi iloisilla muistoilla.<\/span><\/p>\n\t\t\t\t\t\t\t\t<\/div>\n\t\t\t\t<\/div>\n\t\t\t\t<div class=\"elementor-element elementor-element-06c90d2 jet-woo-product-gallery__trigger--top-right ob-has-background-overlay elementor-widget elementor-widget-jet-woo-product-gallery-slider\" data-id=\"06c90d2\" data-element_type=\"widget\" data-e-type=\"widget\" data-settings=\"{&quot;_ob_widget_stalker_use&quot;:&quot;no&quot;,&quot;_ob_poopart_use&quot;:&quot;yes&quot;,&quot;_ob_shadough_use&quot;:&quot;no&quot;,&quot;_ob_allow_hoveranimator&quot;:&quot;no&quot;}\" data-widget_type=\"jet-woo-product-gallery-slider.default\">\n\t\t\t\t<div class=\"elementor-widget-container\">\n\t\t\t\t\t<div class=\"jet-woo-product-gallery\" data-gallery-settings=\"{&quot;enableGallery&quot;:true,&quot;enableZoom&quot;:false,&quot;zoomMagnify&quot;:1,&quot;caption&quot;:true,&quot;zoom&quot;:true,&quot;fullscreen&quot;:true,&quot;share&quot;:true,&quot;counter&quot;:true,&quot;arrows&quot;:true,&quot;hasVideo&quot;:false,&quot;videoType&quot;:&quot;&quot;,&quot;videoIn&quot;:&quot;content&quot;,&quot;videoAutoplay&quot;:false,&quot;videoLoop&quot;:false,&quot;videoFirst&quot;:false}\"><div class=\"jet-woo-product-gallery__content \" data-featured-image=\"\">\r\n\t<div class=\"jet-woo-swiper jet-woo-swiper-horizontal jet-gallery-swiper-horizontal-pos-bottom\">\r\n\t\t<div class=\"jet-gallery-swiper-slider\">\r\n\t\t\t<div class=\"jet-woo-product-gallery-slider jet-woo-product-gallery-slider--has-multiple swiper-container\"\r\n\t\t\t\tdata-swiper-settings=\"{&quot;autoHeight&quot;:true,&quot;centeredSlides&quot;:false,&quot;direction&quot;:&quot;horizontal&quot;,&quot;effect&quot;:&quot;slide&quot;,&quot;longSwipesRatio&quot;:0.8,&quot;showNavigation&quot;:true,&quot;showPagination&quot;:true,&quot;loop&quot;:false,&quot;paginationControllerType&quot;:&quot;bullets&quot;,&quot;paginationType&quot;:&quot;bullets&quot;,&quot;dynamicBullets&quot;:false}\" data-swiper-thumb-settings=\"[]\" dir=\"ltr\" >\r\n\t\t\t\t<div class=\"swiper-wrapper\">\r\n\t\t\t\t\t\r\n<div class=\"jet-woo-product-gallery__image-item swiper-slide\">\r\n\t<div class=\"jet-woo-product-gallery__image\">\r\n\t\t<a href=\"#\" class=\"jet-woo-product-gallery__trigger\"><span class=\"jet-woo-product-gallery__trigger-icon jet-product-gallery-icon\"><i aria-hidden=\"true\" class=\"fas fa-search\"><\/i><\/span><\/a><a class=\"jet-woo-product-gallery__image-link\" href=\"https:\/\/nazakibeachhotel.com\/wp-content\/uploads\/2022\/05\/CRM-Header-3.jpg\" itemprop=\"image\" title=\"Maldives Resort Like Nazaki Beach Hotel\" rel=\"prettyPhoto[jet-gallery]\" data-e-disable-page-transition=\"\"><img fetchpriority=\"high\" decoding=\"async\" width=\"960\" height=\"786\" src=\"https:\/\/nazakibeachhotel.com\/wp-content\/uploads\/2022\/05\/CRM-Header-3.jpg\" class=\"wp-post-gallery\" alt=\"Maldives Resort Like Nazaki Beach Hotel\" title=\"Maldives Resort Like Nazaki Beach Hotel\" data-caption=\"\" data-src=\"https:\/\/nazakibeachhotel.com\/wp-content\/uploads\/2022\/05\/CRM-Header-3.jpg\" data-large_image=\"https:\/\/nazakibeachhotel.com\/wp-content\/uploads\/2022\/05\/CRM-Header-3.jpg\" data-large_image_width=\"960\" data-large_image_height=\"786\" \/><\/a>\t<\/div>\r\n<\/div>\r\n<div class=\"jet-woo-product-gallery__image-item swiper-slide\">\r\n\t<div class=\"jet-woo-product-gallery__image\">\r\n\t\t<a href=\"#\" class=\"jet-woo-product-gallery__trigger\"><span class=\"jet-woo-product-gallery__trigger-icon jet-product-gallery-icon\"><i aria-hidden=\"true\" class=\"fas fa-search\"><\/i><\/span><\/a><a class=\"jet-woo-product-gallery__image-link\" href=\"https:\/\/nazakibeachhotel.com\/wp-content\/uploads\/2022\/05\/1610898211138-1024x683-1.jpg\" itemprop=\"image\" title=\"Maldives Resort Like Nazaki Beach Hotel\" rel=\"prettyPhoto[jet-gallery]\" data-e-disable-page-transition=\"\"><img decoding=\"async\" width=\"1024\" height=\"683\" src=\"https:\/\/nazakibeachhotel.com\/wp-content\/uploads\/2022\/05\/1610898211138-1024x683-1.jpg\" class=\"wp-post-gallery\" alt=\"Maldives Resort Like Nazaki Beach Hotel\" title=\"Maldives Resort Like Nazaki Beach Hotel\" data-caption=\"\" data-src=\"https:\/\/nazakibeachhotel.com\/wp-content\/uploads\/2022\/05\/1610898211138-1024x683-1.jpg\" data-large_image=\"https:\/\/nazakibeachhotel.com\/wp-content\/uploads\/2022\/05\/1610898211138-1024x683-1.jpg\" data-large_image_width=\"1024\" data-large_image_height=\"683\" \/><\/a>\t<\/div>\r\n<\/div>\r\n<div class=\"jet-woo-product-gallery__image-item swiper-slide\">\r\n\t<div class=\"jet-woo-product-gallery__image\">\r\n\t\t<a href=\"#\" class=\"jet-woo-product-gallery__trigger\"><span class=\"jet-woo-product-gallery__trigger-icon jet-product-gallery-icon\"><i aria-hidden=\"true\" class=\"fas fa-search\"><\/i><\/span><\/a><a class=\"jet-woo-product-gallery__image-link\" href=\"https:\/\/nazakibeachhotel.com\/wp-content\/uploads\/2022\/05\/1610898211122-1024x683-1.jpg\" itemprop=\"image\" title=\"Maldives Resort Like Nazaki Beach Hotel\" rel=\"prettyPhoto[jet-gallery]\" data-e-disable-page-transition=\"\"><img decoding=\"async\" width=\"1024\" height=\"683\" src=\"https:\/\/nazakibeachhotel.com\/wp-content\/uploads\/2022\/05\/1610898211122-1024x683-1.jpg\" class=\"wp-post-gallery\" alt=\"Maldives Resort Like Nazaki Beach Hotel\" title=\"Maldives Resort Like Nazaki Beach Hotel\" data-caption=\"\" data-src=\"https:\/\/nazakibeachhotel.com\/wp-content\/uploads\/2022\/05\/1610898211122-1024x683-1.jpg\" data-large_image=\"https:\/\/nazakibeachhotel.com\/wp-content\/uploads\/2022\/05\/1610898211122-1024x683-1.jpg\" data-large_image_width=\"1024\" data-large_image_height=\"683\" \/><\/a>\t<\/div>\r\n<\/div>\r\n<div class=\"jet-woo-product-gallery__image-item swiper-slide\">\r\n\t<div class=\"jet-woo-product-gallery__image\">\r\n\t\t<a href=\"#\" class=\"jet-woo-product-gallery__trigger\"><span class=\"jet-woo-product-gallery__trigger-icon jet-product-gallery-icon\"><i aria-hidden=\"true\" class=\"fas fa-search\"><\/i><\/span><\/a><a class=\"jet-woo-product-gallery__image-link\" href=\"https:\/\/nazakibeachhotel.com\/wp-content\/uploads\/2022\/05\/1610898211154-1024x683-1.jpg\" itemprop=\"image\" title=\"Maldives Resort Like Nazaki Beach Hotel\" rel=\"prettyPhoto[jet-gallery]\" data-e-disable-page-transition=\"\"><img loading=\"lazy\" decoding=\"async\" width=\"1024\" height=\"683\" src=\"https:\/\/nazakibeachhotel.com\/wp-content\/uploads\/2022\/05\/1610898211154-1024x683-1.jpg\" class=\"wp-post-gallery\" alt=\"Maldives Resort Like Nazaki Beach Hotel\" title=\"Maldives Resort Like Nazaki Beach Hotel\" data-caption=\"\" data-src=\"https:\/\/nazakibeachhotel.com\/wp-content\/uploads\/2022\/05\/1610898211154-1024x683-1.jpg\" data-large_image=\"https:\/\/nazakibeachhotel.com\/wp-content\/uploads\/2022\/05\/1610898211154-1024x683-1.jpg\" data-large_image_width=\"1024\" data-large_image_height=\"683\" \/><\/a>\t<\/div>\r\n<\/div>\t\t\t\t<\/div>\r\n\r\n\t\t\t\t<span class=\"jet-product-gallery-icon jet-swiper-nav jet-swiper-button-prev\"><i aria-hidden=\"true\" class=\"fas fa-angle-left\"><\/i><\/span><span class=\"jet-product-gallery-icon jet-swiper-nav jet-swiper-button-next\"><i aria-hidden=\"true\" class=\"fas fa-angle-right\"><\/i><\/span>\r\n\t\t\t\t\t\t\t\t\t\t\t\t\t\t\t<div class=\"swiper-pagination swiper-pagination-bullets\">\r\n\t\t\t\t\t\t\t<span class=\"swiper-pagination-bullet swiper-pagination-bullet-active placeholder\"><\/span>\r\n\t\t\t\t\t\t\t<span class=\"swiper-pagination-bullet placeholder\"><\/span>\r\n\t\t\t\t\t\t\t<span class=\"swiper-pagination-bullet placeholder\"><\/span>\r\n\t\t\t\t\t\t<\/div>\r\n\t\t\t\t\t\t\t\t\t\t\t\t<\/div>\r\n\t\t<\/div>\r\n\r\n\t\t\r\n\t<\/div>\r\n\r\n\t\r\n<\/div>\r\n<\/div>\t\t\t\t<\/div>\n\t\t\t\t<\/div>\n\t\t\t\t\t<\/div>\n\t\t<\/div>\n\t\t\t\t\t<\/div>\n\t\t<\/section>\n\t\t\t\t<\/div>\n\t\t","protected":false},"excerpt":{"rendered":"<p>Takaisin luontoon Avaa unelmiesi Malediiviloma yhdell\u00e4 klikkauksella Nazaki Beach Hotelissa ihanteellinen Malediivien lomasi odottaa. Malediivien upean Laamu Atollin syd\u00e4mess\u00e4 sijaitseva hotellimme tarjoaa t\u00e4ydellisen turvapaikan rentoutumiseen ja unohtumattomaan oleskeluun. Rantaviivan varrella sijaitseva laaja kiinteist\u00f6mme on yli 60 000 neli\u00f6jalkaa, ja se on koristeltu omalla yksityisell\u00e4 rannalla, josta avautuu henke\u00e4salpaavia n\u00e4kymi\u00e4 taivaansiniselle merelle. Viihtyis\u00e4t huoneemme ovat vain [&hellip;]<\/p>\n","protected":false},"author":4,"featured_media":0,"parent":0,"menu_order":0,"comment_status":"closed","ping_status":"closed","template":"elementor_header_footer","meta":{"om_disable_all_campaigns":false,"_monsterinsights_skip_tracking":false,"_monsterinsights_sitenote_active":false,"_monsterinsights_sitenote_note":"","_monsterinsights_sitenote_category":0,"_uf_show_specific_survey":0,"_uf_disable_surveys":false,"footnotes":""},"class_list":["post-7987","page","type-page","status-publish","hentry"],"aioseo_notices":[],"_links":{"self":[{"href":"https:\/\/nazakibeachhotel.com\/fi\/wp-json\/wp\/v2\/pages\/7987","targetHints":{"allow":["GET"]}}],"collection":[{"href":"https:\/\/nazakibeachhotel.com\/fi\/wp-json\/wp\/v2\/pages"}],"about":[{"href":"https:\/\/nazakibeachhotel.com\/fi\/wp-json\/wp\/v2\/types\/page"}],"author":[{"embeddable":true,"href":"https:\/\/nazakibeachhotel.com\/fi\/wp-json\/wp\/v2\/users\/4"}],"replies":[{"embeddable":true,"href":"https:\/\/nazakibeachhotel.com\/fi\/wp-json\/wp\/v2\/comments?post=7987"}],"version-history":[{"count":1,"href":"https:\/\/nazakibeachhotel.com\/fi\/wp-json\/wp\/v2\/pages\/7987\/revisions"}],"predecessor-version":[{"id":7993,"href":"https:\/\/nazakibeachhotel.com\/fi\/wp-json\/wp\/v2\/pages\/7987\/revisions\/7993"}],"wp:attachment":[{"href":"https:\/\/nazakibeachhotel.com\/fi\/wp-json\/wp\/v2\/media?parent=7987"}],"curies":[{"name":"wp","href":"https:\/\/api.w.org\/{rel}","templated":true}]}}