{"id":8364,"date":"2024-08-07T19:30:16","date_gmt":"2024-08-07T14:30:16","guid":{"rendered":"https:\/\/nazakibeachhotel.com\/buchen-sie-ihre-surfreise-mit-dem-nazaki-beach-hotel-laamu-atoll\/"},"modified":"2024-08-29T16:43:14","modified_gmt":"2024-08-29T11:43:14","slug":"buchen-sie-ihre-surfreise-mit-dem-nazaki-beach-hotel-laamu-atoll","status":"publish","type":"page","link":"https:\/\/nazakibeachhotel.com\/de\/buchen-sie-ihre-surfreise-mit-dem-nazaki-beach-hotel-laamu-atoll\/","title":{"rendered":"Buchen Sie Ihre Surfreise mit dem Nazaki Beach Hotel, Laamu Atoll."},"content":{"rendered":"\t\t<div data-elementor-type=\"wp-page\" data-elementor-id=\"8364\" class=\"elementor elementor-8364 elementor-8176\" data-elementor-post-type=\"page\">\n\t\t\t\t<div class=\"elementor-element elementor-element-05b9cba e-flex e-con-boxed e-con e-parent\" data-id=\"05b9cba\" data-element_type=\"container\" data-e-type=\"container\" data-settings=\"{&quot;jet_parallax_layout_list&quot;:[],&quot;_ob_use_container_extras&quot;:&quot;no&quot;,&quot;_ob_column_hoveranimator&quot;:&quot;no&quot;,&quot;_ob_glider_is_slider&quot;:&quot;no&quot;,&quot;_ob_column_has_pseudo&quot;:&quot;no&quot;}\">\n\t\t\t\t\t<div class=\"e-con-inner\">\n\t\t\t\t<div class=\"elementor-element elementor-element-b62dac3 ob-harakiri-inherit ob-has-background-overlay elementor-widget elementor-widget-heading\" data-id=\"b62dac3\" data-element_type=\"widget\" data-e-type=\"widget\" data-settings=\"{&quot;_ob_use_harakiri&quot;:&quot;yes&quot;,&quot;_ob_harakiri_writing_mode&quot;:&quot;inherit&quot;,&quot;_ob_harakiri_text_clip&quot;:&quot;none&quot;,&quot;_ob_widget_stalker_use&quot;:&quot;no&quot;,&quot;_ob_poopart_use&quot;:&quot;yes&quot;,&quot;_ob_shadough_use&quot;:&quot;no&quot;,&quot;_ob_allow_hoveranimator&quot;:&quot;no&quot;}\" data-widget_type=\"heading.default\">\n\t\t\t\t<div class=\"elementor-widget-container\">\n\t\t\t\t\t<h1 class=\"elementor-heading-title elementor-size-default\">Buchen Sie Ihre Surfreise mit dem Nazaki Beach Hotel, Laamu Atoll.<\/h1>\t\t\t\t<\/div>\n\t\t\t\t<\/div>\n\t\t\t\t<div class=\"elementor-element elementor-element-082282c ob-has-background-overlay elementor-widget elementor-widget-image\" data-id=\"082282c\" data-element_type=\"widget\" data-e-type=\"widget\" data-settings=\"{&quot;_ob_photomorph_use&quot;:&quot;no&quot;,&quot;_ob_widget_stalker_use&quot;:&quot;no&quot;,&quot;_ob_poopart_use&quot;:&quot;yes&quot;,&quot;_ob_shadough_use&quot;:&quot;no&quot;,&quot;_ob_allow_hoveranimator&quot;:&quot;no&quot;}\" data-widget_type=\"image.default\">\n\t\t\t\t<div class=\"elementor-widget-container\">\n\t\t\t\t\t\t\t\t\t\t\t\t\t\t\t<img fetchpriority=\"high\" decoding=\"async\" width=\"800\" height=\"600\" src=\"https:\/\/nazakibeachhotel.com\/wp-content\/uploads\/2024\/03\/AirBrush_20180812034545-topaz-enhance-faceai-1024x768.jpg\" class=\"attachment-large size-large wp-image-6993\" alt=\"Maldives Resort Like Nazaki Beach Hotel\" srcset=\"https:\/\/nazakibeachhotel.com\/wp-content\/uploads\/2024\/03\/AirBrush_20180812034545-topaz-enhance-faceai-1024x768.jpg 1024w, https:\/\/nazakibeachhotel.com\/wp-content\/uploads\/2024\/03\/AirBrush_20180812034545-topaz-enhance-faceai-300x225.jpg 300w, https:\/\/nazakibeachhotel.com\/wp-content\/uploads\/2024\/03\/AirBrush_20180812034545-topaz-enhance-faceai-768x576.jpg 768w, https:\/\/nazakibeachhotel.com\/wp-content\/uploads\/2024\/03\/AirBrush_20180812034545-topaz-enhance-faceai-1536x1152.jpg 1536w, https:\/\/nazakibeachhotel.com\/wp-content\/uploads\/2024\/03\/AirBrush_20180812034545-topaz-enhance-faceai-2048x1536.jpg 2048w\" sizes=\"(max-width: 800px) 100vw, 800px\" \/>\t\t\t\t\t\t\t\t\t\t\t\t\t\t\t<\/div>\n\t\t\t\t<\/div>\n\t\t\t\t<div class=\"elementor-element elementor-element-12bf2a3 ob-has-background-overlay elementor-widget elementor-widget-spacer\" data-id=\"12bf2a3\" data-element_type=\"widget\" data-e-type=\"widget\" data-settings=\"{&quot;_ob_spacerat_use&quot;:&quot;no&quot;,&quot;_ob_widget_stalker_use&quot;:&quot;no&quot;,&quot;_ob_poopart_use&quot;:&quot;yes&quot;,&quot;_ob_shadough_use&quot;:&quot;no&quot;,&quot;_ob_allow_hoveranimator&quot;:&quot;no&quot;}\" data-widget_type=\"spacer.default\">\n\t\t\t\t<div class=\"elementor-widget-container\">\n\t\t\t\t\t\t\t<div class=\"elementor-spacer\">\n\t\t\t<div class=\"elementor-spacer-inner\"><\/div>\n\t\t<\/div>\n\t\t\t\t\t\t<\/div>\n\t\t\t\t<\/div>\n\t\t\t\t<div class=\"elementor-element elementor-element-894b1e5 ob-harakiri-inherit ob-has-background-overlay elementor-widget elementor-widget-text-editor\" data-id=\"894b1e5\" data-element_type=\"widget\" data-e-type=\"widget\" data-settings=\"{&quot;_ob_use_harakiri&quot;:&quot;yes&quot;,&quot;_ob_harakiri_writing_mode&quot;:&quot;inherit&quot;,&quot;_ob_postman_use&quot;:&quot;no&quot;,&quot;_ob_widget_stalker_use&quot;:&quot;no&quot;,&quot;_ob_poopart_use&quot;:&quot;yes&quot;,&quot;_ob_shadough_use&quot;:&quot;no&quot;,&quot;_ob_allow_hoveranimator&quot;:&quot;no&quot;}\" data-widget_type=\"text-editor.default\">\n\t\t\t\t<div class=\"elementor-widget-container\">\n\t\t\t\t\t\t\t\t\t<p>Falls Sie planen, eine Surfreise im Laamu Atoll zu buchen, teilen Sie uns bitte die gew\u00fcnschten Reisedaten sowie die Anzahl der teilnehmenden Personen mit. Sollten Kinder an Bord bleiben, w\u00e4hrend die Erwachsenen surfen, empfehlen wir, dass mindestens ein Erwachsener zur Beaufsichtigung der Kinder auf dem Boot bleibt. Falls Sie m\u00f6chten, dass einer unserer Mitarbeiter w\u00e4hrend Ihres Surfens im Hotel oder auf dem Boot auf die Kinder aufpasst, geben Sie uns bitte im Voraus alle Informationen, damit wir Ihren Aufenthalt reibungslos gestalten k\u00f6nnen.   <\/p>\n<p>In Laamu Atoll gibt es einige Surfspots. Wir organisieren Ihren Abholservice vom Nazaki Beach Hotel im Laamu Atoll.  <\/p>\n<p>Denken Sie daran, Ihre eigene Surfausr\u00fcstung und Ihr Surfbrett mitzubringen. Wenn Sie als Gruppe zum Surfen ins Laamu Atoll kommen, bieten wir einen speziellen Rabatt auf unsere Zimmer an.  <\/p>\n<p><span style=\"color: #000080;\"><strong>Surfspots:<\/strong><\/span><\/p>\n<p><strong>Machines<\/strong><br \/>Nur eine 30-min\u00fctige malerische Bootsfahrt von den Six Senses entfernt erwartet Surfer ein aufregender, mechanischer Right-Hander, der entlang des Riffs verl\u00e4uft. Bei der richtigen D\u00fcnung liefert Machines einige der l\u00e4ngsten Barrels auf den Malediven. In der Hochsaison erwacht diese Welle zum Leben und verspricht ein unglaubliches Erlebnis. Sie werden erstaunt sein \u00fcber die makellosen Wellen, die Machines regelm\u00e4\u00dfig hervorbringt.   <\/p>\n<p><strong>Ying Yangs<\/strong><\/p>\n<p>Eine kurze Bootsfahrt von den Six Senses bringt Sie zu einer der besten Wellen der Malediven. Ying Yangs besteht aus zwei Abschnitten: dem \u00e4u\u00dferen und dem inneren. Der \u00e4u\u00dfere Abschnitt bietet mehrere Peaks f\u00fcr lange, sanfte Wellenw\u00e4nde, w\u00e4hrend der innere, gleich um die Ecke, einige der anspruchsvollsten Barrel-Abschnitte des Landes pr\u00e4sentiert. Diese Welle verl\u00e4uft entlang des inneren Riffs und bietet erfahrenen Surfern die M\u00f6glichkeit, die Fahrt ihres Lebens zu erleben.   <\/p>\n\t\t\t\t\t\t\t\t<\/div>\n\t\t\t\t<\/div>\n\t\t\t\t<div class=\"elementor-element elementor-element-0005f44 ob-has-background-overlay elementor-widget elementor-widget-jet-woo-product-gallery-modern\" data-id=\"0005f44\" data-element_type=\"widget\" data-e-type=\"widget\" data-settings=\"{&quot;_ob_widget_stalker_use&quot;:&quot;no&quot;,&quot;_ob_poopart_use&quot;:&quot;yes&quot;,&quot;_ob_shadough_use&quot;:&quot;no&quot;,&quot;_ob_allow_hoveranimator&quot;:&quot;no&quot;}\" data-widget_type=\"jet-woo-product-gallery-modern.default\">\n\t\t\t\t<div class=\"elementor-widget-container\">\n\t\t\t\t\t<div class=\"jet-woo-product-gallery\" data-gallery-settings=\"{&quot;enableGallery&quot;:false,&quot;enableZoom&quot;:false,&quot;zoomMagnify&quot;:1,&quot;caption&quot;:true,&quot;zoom&quot;:true,&quot;fullscreen&quot;:true,&quot;share&quot;:true,&quot;counter&quot;:true,&quot;arrows&quot;:true,&quot;hasVideo&quot;:false,&quot;videoType&quot;:&quot;&quot;,&quot;videoIn&quot;:&quot;content&quot;,&quot;videoAutoplay&quot;:false,&quot;videoLoop&quot;:false,&quot;videoFirst&quot;:false}\"><div class=\"jet-woo-product-gallery__content \" data-featured-image=\"\">\n\t<div class=\"jet-woo-product-gallery-modern\">\n\t\t\n<div class=\"jet-woo-product-gallery__image-item\">\n\t<div class=\"jet-woo-product-gallery__image\">\n\t\t<a class=\"jet-woo-product-gallery__image-link\" href=\"https:\/\/nazakibeachhotel.com\/wp-content\/uploads\/2024\/03\/AirBrush_20180812034422-topaz-enhance-faceai-scaled.jpg\" itemprop=\"image\" title=\"Maldives Resort Like Nazaki Beach Hotel\" rel=\"prettyPhoto[jet-gallery]\" data-e-disable-page-transition=\"\"><img decoding=\"async\" width=\"2560\" height=\"1920\" src=\"https:\/\/nazakibeachhotel.com\/wp-content\/uploads\/2024\/03\/AirBrush_20180812034422-topaz-enhance-faceai-scaled.jpg\" class=\"wp-post-gallery\" alt=\"Maldives Resort Like Nazaki Beach Hotel Surfing\" title=\"Maldives Resort Like Nazaki Beach Hotel\" data-caption=\"\" data-src=\"https:\/\/nazakibeachhotel.com\/wp-content\/uploads\/2024\/03\/AirBrush_20180812034422-topaz-enhance-faceai-scaled.jpg\" data-large_image=\"https:\/\/nazakibeachhotel.com\/wp-content\/uploads\/2024\/03\/AirBrush_20180812034422-topaz-enhance-faceai-scaled.jpg\" data-large_image_width=\"2560\" data-large_image_height=\"1920\" \/><\/a>\t<\/div>\n<\/div>\n<div class=\"jet-woo-product-gallery__image-item\">\n\t<div class=\"jet-woo-product-gallery__image\">\n\t\t<a class=\"jet-woo-product-gallery__image-link\" href=\"https:\/\/nazakibeachhotel.com\/wp-content\/uploads\/2024\/03\/AirBrush_20180812024246-topaz-enhance-scaled.jpg\" itemprop=\"image\" title=\"Maldives Resort Like Nazaki Beach Hotel\" rel=\"prettyPhoto[jet-gallery]\" data-e-disable-page-transition=\"\"><img decoding=\"async\" width=\"1707\" height=\"2560\" src=\"https:\/\/nazakibeachhotel.com\/wp-content\/uploads\/2024\/03\/AirBrush_20180812024246-topaz-enhance-scaled.jpg\" class=\"wp-post-gallery\" alt=\"Maldives Resort Like Nazaki Beach Hotel\" title=\"Maldives Resort Like Nazaki Beach Hotel\" data-caption=\"\" data-src=\"https:\/\/nazakibeachhotel.com\/wp-content\/uploads\/2024\/03\/AirBrush_20180812024246-topaz-enhance-scaled.jpg\" data-large_image=\"https:\/\/nazakibeachhotel.com\/wp-content\/uploads\/2024\/03\/AirBrush_20180812024246-topaz-enhance-scaled.jpg\" data-large_image_width=\"1707\" data-large_image_height=\"2560\" \/><\/a>\t<\/div>\n<\/div>\n<div class=\"jet-woo-product-gallery__image-item\">\n\t<div class=\"jet-woo-product-gallery__image\">\n\t\t<a class=\"jet-woo-product-gallery__image-link\" href=\"https:\/\/nazakibeachhotel.com\/wp-content\/uploads\/2022\/05\/ed_9997715.jpg\" itemprop=\"image\" title=\"Maldives Hotel Holiday\" rel=\"prettyPhoto[jet-gallery]\" data-e-disable-page-transition=\"\"><img loading=\"lazy\" decoding=\"async\" width=\"2407\" height=\"1512\" src=\"https:\/\/nazakibeachhotel.com\/wp-content\/uploads\/2022\/05\/ed_9997715.jpg\" class=\"wp-post-gallery\" alt=\"Maldives Hotel Holiday\" title=\"Maldives Hotel Holiday\" data-caption=\"Maldives Hotel Holiday\" data-src=\"https:\/\/nazakibeachhotel.com\/wp-content\/uploads\/2022\/05\/ed_9997715.jpg\" data-large_image=\"https:\/\/nazakibeachhotel.com\/wp-content\/uploads\/2022\/05\/ed_9997715.jpg\" data-large_image_width=\"2407\" data-large_image_height=\"1512\" \/><\/a>\t<\/div>\n<\/div>\n<div class=\"jet-woo-product-gallery__image-item\">\n\t<div class=\"jet-woo-product-gallery__image\">\n\t\t<a class=\"jet-woo-product-gallery__image-link\" href=\"https:\/\/nazakibeachhotel.com\/wp-content\/uploads\/2022\/05\/GOPR9866-scaled.jpg\" itemprop=\"image\" title=\"Maldives Island Beach Hotel\" rel=\"prettyPhoto[jet-gallery]\" data-e-disable-page-transition=\"\"><img loading=\"lazy\" decoding=\"async\" width=\"2560\" height=\"1920\" src=\"https:\/\/nazakibeachhotel.com\/wp-content\/uploads\/2022\/05\/GOPR9866-scaled.jpg\" class=\"wp-post-gallery\" alt=\"Maldives Island Beach Hotel\" title=\"Maldives Island Beach Hotel\" data-caption=\"DCIM104GOPRO\" data-src=\"https:\/\/nazakibeachhotel.com\/wp-content\/uploads\/2022\/05\/GOPR9866-scaled.jpg\" data-large_image=\"https:\/\/nazakibeachhotel.com\/wp-content\/uploads\/2022\/05\/GOPR9866-scaled.jpg\" data-large_image_width=\"2560\" data-large_image_height=\"1920\" \/><\/a>\t<\/div>\n<\/div>\n<div class=\"jet-woo-product-gallery__image-item\">\n\t<div class=\"jet-woo-product-gallery__image\">\n\t\t<a class=\"jet-woo-product-gallery__image-link\" href=\"https:\/\/nazakibeachhotel.com\/wp-content\/uploads\/2022\/05\/GOPR9626-scaled.jpg\" itemprop=\"image\" title=\"Maldives Island Beach Hotel\" rel=\"prettyPhoto[jet-gallery]\" data-e-disable-page-transition=\"\"><img loading=\"lazy\" decoding=\"async\" width=\"2560\" height=\"1920\" src=\"https:\/\/nazakibeachhotel.com\/wp-content\/uploads\/2022\/05\/GOPR9626-scaled.jpg\" class=\"wp-post-gallery\" alt=\"Maldives Island Beach Hotel\" title=\"Maldives Island Beach Hotel\" data-caption=\"DCIM104GOPRO\" data-src=\"https:\/\/nazakibeachhotel.com\/wp-content\/uploads\/2022\/05\/GOPR9626-scaled.jpg\" data-large_image=\"https:\/\/nazakibeachhotel.com\/wp-content\/uploads\/2022\/05\/GOPR9626-scaled.jpg\" data-large_image_width=\"2560\" data-large_image_height=\"1920\" \/><\/a>\t<\/div>\n<\/div>\n<div class=\"jet-woo-product-gallery__image-item\">\n\t<div class=\"jet-woo-product-gallery__image\">\n\t\t<a class=\"jet-woo-product-gallery__image-link\" href=\"https:\/\/nazakibeachhotel.com\/wp-content\/uploads\/2022\/05\/SAM4036-scaled.jpg\" itemprop=\"image\" title=\"Maldives Island Beach Hotel\" rel=\"prettyPhoto[jet-gallery]\" data-e-disable-page-transition=\"\"><img loading=\"lazy\" decoding=\"async\" width=\"2560\" height=\"1707\" src=\"https:\/\/nazakibeachhotel.com\/wp-content\/uploads\/2022\/05\/SAM4036-scaled.jpg\" class=\"wp-post-gallery\" alt=\"Maldives Island Beach Hotel\" title=\"Maldives Island Beach Hotel\" data-caption=\"SAMSUNG CSC\" data-src=\"https:\/\/nazakibeachhotel.com\/wp-content\/uploads\/2022\/05\/SAM4036-scaled.jpg\" data-large_image=\"https:\/\/nazakibeachhotel.com\/wp-content\/uploads\/2022\/05\/SAM4036-scaled.jpg\" data-large_image_width=\"2560\" data-large_image_height=\"1707\" \/><\/a>\t<\/div>\n<\/div>\n<div class=\"jet-woo-product-gallery__image-item\">\n\t<div class=\"jet-woo-product-gallery__image\">\n\t\t<a class=\"jet-woo-product-gallery__image-link\" href=\"https:\/\/nazakibeachhotel.com\/wp-content\/uploads\/2022\/05\/SAM3505-scaled.jpg\" itemprop=\"image\" title=\"Maldives Island Beach Hotel\" rel=\"prettyPhoto[jet-gallery]\" data-e-disable-page-transition=\"\"><img loading=\"lazy\" decoding=\"async\" width=\"1707\" height=\"2560\" src=\"https:\/\/nazakibeachhotel.com\/wp-content\/uploads\/2022\/05\/SAM3505-scaled.jpg\" class=\"wp-post-gallery\" alt=\"Maldives Island Beach Hotel\" title=\"Maldives Island Beach Hotel\" data-caption=\"\" data-src=\"https:\/\/nazakibeachhotel.com\/wp-content\/uploads\/2022\/05\/SAM3505-scaled.jpg\" data-large_image=\"https:\/\/nazakibeachhotel.com\/wp-content\/uploads\/2022\/05\/SAM3505-scaled.jpg\" data-large_image_width=\"1707\" data-large_image_height=\"2560\" \/><\/a>\t<\/div>\n<\/div>\n<div class=\"jet-woo-product-gallery__image-item\">\n\t<div class=\"jet-woo-product-gallery__image\">\n\t\t<a class=\"jet-woo-product-gallery__image-link\" href=\"https:\/\/nazakibeachhotel.com\/wp-content\/uploads\/2022\/05\/SAM2912-scaled.jpg\" itemprop=\"image\" title=\"SAMSUNG CSC\" rel=\"prettyPhoto[jet-gallery]\" data-e-disable-page-transition=\"\"><img loading=\"lazy\" decoding=\"async\" width=\"2560\" height=\"1707\" src=\"https:\/\/nazakibeachhotel.com\/wp-content\/uploads\/2022\/05\/SAM2912-scaled.jpg\" class=\"wp-post-gallery\" alt=\"Maldives Island Beach Hotel\" title=\"SAMSUNG CSC\" data-caption=\"SAMSUNG CSC\" data-src=\"https:\/\/nazakibeachhotel.com\/wp-content\/uploads\/2022\/05\/SAM2912-scaled.jpg\" data-large_image=\"https:\/\/nazakibeachhotel.com\/wp-content\/uploads\/2022\/05\/SAM2912-scaled.jpg\" data-large_image_width=\"2560\" data-large_image_height=\"1707\" \/><\/a>\t<\/div>\n<\/div>\t<\/div>\n\n\t<\/div><\/div>\t\t\t\t<\/div>\n\t\t\t\t<\/div>\n\t\t\t\t\t<\/div>\n\t\t\t\t<\/div>\n\t\t<div class=\"elementor-element elementor-element-5d1bf1e e-flex e-con-boxed e-con e-parent\" data-id=\"5d1bf1e\" data-element_type=\"container\" data-e-type=\"container\" data-settings=\"{&quot;jet_parallax_layout_list&quot;:[],&quot;_ob_use_container_extras&quot;:&quot;no&quot;,&quot;_ob_column_hoveranimator&quot;:&quot;no&quot;,&quot;_ob_glider_is_slider&quot;:&quot;no&quot;,&quot;_ob_column_has_pseudo&quot;:&quot;no&quot;}\">\n\t\t\t\t\t<div class=\"e-con-inner\">\n\t\t\t\t<div class=\"elementor-element elementor-element-6cae90d ob-harakiri-inherit ob-has-background-overlay elementor-widget elementor-widget-heading\" data-id=\"6cae90d\" data-element_type=\"widget\" data-e-type=\"widget\" data-settings=\"{&quot;_ob_use_harakiri&quot;:&quot;yes&quot;,&quot;_ob_harakiri_writing_mode&quot;:&quot;inherit&quot;,&quot;_ob_harakiri_text_clip&quot;:&quot;none&quot;,&quot;_ob_widget_stalker_use&quot;:&quot;no&quot;,&quot;_ob_poopart_use&quot;:&quot;yes&quot;,&quot;_ob_shadough_use&quot;:&quot;no&quot;,&quot;_ob_allow_hoveranimator&quot;:&quot;no&quot;}\" data-widget_type=\"heading.default\">\n\t\t\t\t<div class=\"elementor-widget-container\">\n\t\t\t\t\t<h2 class=\"elementor-heading-title elementor-size-default\">Transportarten:<\/h2>\t\t\t\t<\/div>\n\t\t\t\t<\/div>\n\t\t\t\t<div class=\"elementor-element elementor-element-b2a2319 ob-harakiri-inherit ob-has-background-overlay elementor-widget elementor-widget-text-editor\" data-id=\"b2a2319\" data-element_type=\"widget\" data-e-type=\"widget\" data-settings=\"{&quot;_ob_use_harakiri&quot;:&quot;yes&quot;,&quot;_ob_harakiri_writing_mode&quot;:&quot;inherit&quot;,&quot;_ob_postman_use&quot;:&quot;no&quot;,&quot;_ob_widget_stalker_use&quot;:&quot;no&quot;,&quot;_ob_poopart_use&quot;:&quot;yes&quot;,&quot;_ob_shadough_use&quot;:&quot;no&quot;,&quot;_ob_allow_hoveranimator&quot;:&quot;no&quot;}\" data-widget_type=\"text-editor.default\">\n\t\t\t\t<div class=\"elementor-widget-container\">\n\t\t\t\t\t\t\t\t\t<p style=\"text-align: center;\">Nachfolgend finden Sie die Transportarten, die wir je nach Gruppengr\u00f6\u00dfe \u00fcblicherweise verwenden. Bitte kontaktieren Sie uns, um mehr zu erfahren.  <\/p>\n\t\t\t\t\t\t\t\t<\/div>\n\t\t\t\t<\/div>\n\t\t\t\t\t<\/div>\n\t\t\t\t<\/div>\n\t\t<div class=\"elementor-element elementor-element-59bc554 e-flex e-con-boxed e-con e-parent\" data-id=\"59bc554\" data-element_type=\"container\" data-e-type=\"container\" data-settings=\"{&quot;jet_parallax_layout_list&quot;:[],&quot;_ob_use_container_extras&quot;:&quot;no&quot;,&quot;_ob_column_hoveranimator&quot;:&quot;no&quot;,&quot;_ob_glider_is_slider&quot;:&quot;no&quot;,&quot;_ob_column_has_pseudo&quot;:&quot;no&quot;}\">\n\t\t\t\t\t<div class=\"e-con-inner\">\n\t\t<div class=\"elementor-element elementor-element-a373971 e-con-full e-flex e-con e-child\" data-id=\"a373971\" data-element_type=\"container\" data-e-type=\"container\" data-settings=\"{&quot;jet_parallax_layout_list&quot;:[],&quot;_ob_use_container_extras&quot;:&quot;no&quot;,&quot;_ob_column_hoveranimator&quot;:&quot;no&quot;,&quot;_ob_glider_is_slider&quot;:&quot;no&quot;,&quot;_ob_column_has_pseudo&quot;:&quot;no&quot;}\">\n\t\t\t\t<div class=\"elementor-element elementor-element-0d7497d ob-has-background-overlay elementor-widget elementor-widget-jet-woo-product-gallery-slider\" data-id=\"0d7497d\" data-element_type=\"widget\" data-e-type=\"widget\" data-settings=\"{&quot;_ob_widget_stalker_use&quot;:&quot;no&quot;,&quot;_ob_poopart_use&quot;:&quot;yes&quot;,&quot;_ob_shadough_use&quot;:&quot;no&quot;,&quot;_ob_allow_hoveranimator&quot;:&quot;no&quot;}\" data-widget_type=\"jet-woo-product-gallery-slider.default\">\n\t\t\t\t<div class=\"elementor-widget-container\">\n\t\t\t\t\t<div class=\"jet-woo-product-gallery\" data-gallery-settings=\"{&quot;enableGallery&quot;:false,&quot;enableZoom&quot;:false,&quot;zoomMagnify&quot;:1,&quot;caption&quot;:true,&quot;zoom&quot;:true,&quot;fullscreen&quot;:true,&quot;share&quot;:true,&quot;counter&quot;:true,&quot;arrows&quot;:true,&quot;hasVideo&quot;:false,&quot;videoType&quot;:&quot;&quot;,&quot;videoIn&quot;:&quot;content&quot;,&quot;videoAutoplay&quot;:false,&quot;videoLoop&quot;:false,&quot;videoFirst&quot;:false}\"><div class=\"jet-woo-product-gallery__content \" data-featured-image=\"\">\r\n\t<div class=\"jet-woo-swiper jet-woo-swiper-horizontal jet-gallery-swiper-horizontal-pos-bottom\">\r\n\t\t<div class=\"jet-gallery-swiper-slider\">\r\n\t\t\t<div class=\"jet-woo-product-gallery-slider jet-woo-product-gallery-slider--has-multiple swiper-container\"\r\n\t\t\t\tdata-swiper-settings=\"{&quot;autoHeight&quot;:true,&quot;centeredSlides&quot;:false,&quot;direction&quot;:&quot;horizontal&quot;,&quot;effect&quot;:&quot;slide&quot;,&quot;longSwipesRatio&quot;:0.8,&quot;showNavigation&quot;:true,&quot;showPagination&quot;:true,&quot;loop&quot;:false,&quot;paginationControllerType&quot;:&quot;bullets&quot;,&quot;paginationType&quot;:&quot;bullets&quot;,&quot;dynamicBullets&quot;:false}\" data-swiper-thumb-settings=\"[]\" dir=\"ltr\" >\r\n\t\t\t\t<div class=\"swiper-wrapper\">\r\n\t\t\t\t\t\r\n<div class=\"jet-woo-product-gallery__image-item swiper-slide\">\r\n\t<div class=\"jet-woo-product-gallery__image\">\r\n\t\t<a class=\"jet-woo-product-gallery__image-link\" href=\"https:\/\/nazakibeachhotel.com\/wp-content\/uploads\/2024\/08\/WhatsApp-Image-2024-08-29-at-14.02.28.jpeg\" itemprop=\"image\" title=\"Maldives Resort Like Beach Hotel\" rel=\"prettyPhoto[jet-gallery]\" data-e-disable-page-transition=\"\"><img loading=\"lazy\" decoding=\"async\" width=\"1280\" height=\"960\" src=\"https:\/\/nazakibeachhotel.com\/wp-content\/uploads\/2024\/08\/WhatsApp-Image-2024-08-29-at-14.02.28.jpeg\" class=\"wp-post-gallery\" alt=\"Maldives Resort Like Beach Hotel\" title=\"Maldives Resort Like Beach Hotel\" data-caption=\"\" data-src=\"https:\/\/nazakibeachhotel.com\/wp-content\/uploads\/2024\/08\/WhatsApp-Image-2024-08-29-at-14.02.28.jpeg\" data-large_image=\"https:\/\/nazakibeachhotel.com\/wp-content\/uploads\/2024\/08\/WhatsApp-Image-2024-08-29-at-14.02.28.jpeg\" data-large_image_width=\"1280\" data-large_image_height=\"960\" \/><\/a>\t<\/div>\r\n<\/div>\r\n<div class=\"jet-woo-product-gallery__image-item swiper-slide\">\r\n\t<div class=\"jet-woo-product-gallery__image\">\r\n\t\t<a class=\"jet-woo-product-gallery__image-link\" href=\"https:\/\/nazakibeachhotel.com\/wp-content\/uploads\/2024\/08\/WhatsApp-Image-2024-08-29-at-14.02.52.jpeg\" itemprop=\"image\" title=\"Maldives Resort Like Beach Hotel\" rel=\"prettyPhoto[jet-gallery]\" data-e-disable-page-transition=\"\"><img loading=\"lazy\" decoding=\"async\" width=\"1280\" height=\"960\" src=\"https:\/\/nazakibeachhotel.com\/wp-content\/uploads\/2024\/08\/WhatsApp-Image-2024-08-29-at-14.02.52.jpeg\" class=\"wp-post-gallery\" alt=\"Maldives Resort Like Beach Hotel\" title=\"Maldives Resort Like Beach Hotel\" data-caption=\"\" data-src=\"https:\/\/nazakibeachhotel.com\/wp-content\/uploads\/2024\/08\/WhatsApp-Image-2024-08-29-at-14.02.52.jpeg\" data-large_image=\"https:\/\/nazakibeachhotel.com\/wp-content\/uploads\/2024\/08\/WhatsApp-Image-2024-08-29-at-14.02.52.jpeg\" data-large_image_width=\"1280\" data-large_image_height=\"960\" \/><\/a>\t<\/div>\r\n<\/div>\t\t\t\t<\/div>\r\n\r\n\t\t\t\t<span class=\"jet-product-gallery-icon jet-swiper-nav jet-swiper-button-prev\"><i aria-hidden=\"true\" class=\"fas fa-angle-left\"><\/i><\/span><span class=\"jet-product-gallery-icon jet-swiper-nav jet-swiper-button-next\"><i aria-hidden=\"true\" class=\"fas fa-angle-right\"><\/i><\/span>\r\n\t\t\t\t\t\t\t\t\t\t\t\t\t\t\t<div class=\"swiper-pagination swiper-pagination-bullets\">\r\n\t\t\t\t\t\t\t<span class=\"swiper-pagination-bullet swiper-pagination-bullet-active placeholder\"><\/span>\r\n\t\t\t\t\t\t\t<span class=\"swiper-pagination-bullet placeholder\"><\/span>\r\n\t\t\t\t\t\t\t<span class=\"swiper-pagination-bullet placeholder\"><\/span>\r\n\t\t\t\t\t\t<\/div>\r\n\t\t\t\t\t\t\t\t\t\t\t\t<\/div>\r\n\t\t<\/div>\r\n\r\n\t\t\r\n\t<\/div>\r\n\r\n\t\r\n<\/div>\r\n<\/div>\t\t\t\t<\/div>\n\t\t\t\t<\/div>\n\t\t\t\t<\/div>\n\t\t<div class=\"elementor-element elementor-element-4a75656 e-con-full e-flex e-con e-child\" data-id=\"4a75656\" data-element_type=\"container\" data-e-type=\"container\" data-settings=\"{&quot;jet_parallax_layout_list&quot;:[],&quot;_ob_use_container_extras&quot;:&quot;no&quot;,&quot;_ob_column_hoveranimator&quot;:&quot;no&quot;,&quot;_ob_glider_is_slider&quot;:&quot;no&quot;,&quot;_ob_column_has_pseudo&quot;:&quot;no&quot;}\">\n\t\t\t\t<\/div>\n\t\t\t\t\t<\/div>\n\t\t\t\t<\/div>\n\t\t\t\t<\/div>\n\t\t","protected":false},"excerpt":{"rendered":"<p>Buchen Sie Ihre Surfreise mit dem Nazaki Beach Hotel, Laamu Atoll. Falls Sie planen, eine Surfreise im Laamu Atoll zu buchen, teilen Sie uns bitte die gew\u00fcnschten Reisedaten sowie die Anzahl der teilnehmenden Personen mit. Sollten Kinder an Bord bleiben, w\u00e4hrend die Erwachsenen surfen, empfehlen wir, dass mindestens ein Erwachsener zur Beaufsichtigung der Kinder auf [&hellip;]<\/p>\n","protected":false},"author":2,"featured_media":0,"parent":0,"menu_order":0,"comment_status":"closed","ping_status":"closed","template":"","meta":{"om_disable_all_campaigns":false,"_monsterinsights_skip_tracking":false,"_monsterinsights_sitenote_active":false,"_monsterinsights_sitenote_note":"","_monsterinsights_sitenote_category":0,"_uf_show_specific_survey":0,"_uf_disable_surveys":false,"footnotes":""},"class_list":["post-8364","page","type-page","status-publish","hentry"],"aioseo_notices":[],"_links":{"self":[{"href":"https:\/\/nazakibeachhotel.com\/de\/wp-json\/wp\/v2\/pages\/8364","targetHints":{"allow":["GET"]}}],"collection":[{"href":"https:\/\/nazakibeachhotel.com\/de\/wp-json\/wp\/v2\/pages"}],"about":[{"href":"https:\/\/nazakibeachhotel.com\/de\/wp-json\/wp\/v2\/types\/page"}],"author":[{"embeddable":true,"href":"https:\/\/nazakibeachhotel.com\/de\/wp-json\/wp\/v2\/users\/2"}],"replies":[{"embeddable":true,"href":"https:\/\/nazakibeachhotel.com\/de\/wp-json\/wp\/v2\/comments?post=8364"}],"version-history":[{"count":1,"href":"https:\/\/nazakibeachhotel.com\/de\/wp-json\/wp\/v2\/pages\/8364\/revisions"}],"predecessor-version":[{"id":8365,"href":"https:\/\/nazakibeachhotel.com\/de\/wp-json\/wp\/v2\/pages\/8364\/revisions\/8365"}],"wp:attachment":[{"href":"https:\/\/nazakibeachhotel.com\/de\/wp-json\/wp\/v2\/media?parent=8364"}],"curies":[{"name":"wp","href":"https:\/\/api.w.org\/{rel}","templated":true}]}}